{"id":32734,"date":"2020-10-21T15:33:00","date_gmt":"2020-10-21T13:33:00","guid":{"rendered":"https:\/\/novy.slovensky-kopov.sk\/?page_id=32734"},"modified":"2020-11-25T08:32:39","modified_gmt":"2020-11-25T07:32:39","slug":"chov-slovenskeho-kopova","status":"publish","type":"page","link":"https:\/\/slovensky-kopov.sk\/?page_id=32734","title":{"rendered":"Rady pre chovate\u013eov"},"content":{"rendered":"\t\t<div data-elementor-type=\"wp-page\" data-elementor-id=\"32734\" class=\"elementor elementor-32734\">\n\t\t\t\t\t\t<section class=\"elementor-section elementor-top-section elementor-element elementor-element-faf14da elementor-section-boxed elementor-section-height-default elementor-section-height-default\" data-id=\"faf14da\" data-element_type=\"section\">\n\t\t\t\t\t\t<div class=\"elementor-container elementor-column-gap-default\">\n\t\t\t\t\t<div class=\"elementor-column elementor-col-33 elementor-top-column elementor-element elementor-element-b2779ae\" data-id=\"b2779ae\" data-element_type=\"column\">\n\t\t\t<div class=\"elementor-widget-wrap elementor-element-populated\">\n\t\t\t\t\t\t<div class=\"elementor-element elementor-element-81eac70 elementor-widget elementor-widget-image\" data-id=\"81eac70\" data-element_type=\"widget\" data-widget_type=\"image.default\">\n\t\t\t\t<div class=\"elementor-widget-container\">\n\t\t\t\t\t\t\t\t\t\t\t\t\t\t\t\t<a href=\"https:\/\/slovensky-kopov.sk\/?page_id=34242\">\n\t\t\t\t\t\t\t<img decoding=\"async\" width=\"300\" height=\"138\" src=\"https:\/\/slovensky-kopov.sk\/wp-content\/uploads\/2020\/10\/DSC_3425-300x138.jpg\" class=\"attachment-medium size-medium wp-image-32820\" alt=\"\" srcset=\"https:\/\/slovensky-kopov.sk\/wp-content\/uploads\/2020\/10\/DSC_3425-300x138.jpg 300w, https:\/\/slovensky-kopov.sk\/wp-content\/uploads\/2020\/10\/DSC_3425-1024x472.jpg 1024w, https:\/\/slovensky-kopov.sk\/wp-content\/uploads\/2020\/10\/DSC_3425-768x354.jpg 768w, https:\/\/slovensky-kopov.sk\/wp-content\/uploads\/2020\/10\/DSC_3425-1536x708.jpg 1536w, https:\/\/slovensky-kopov.sk\/wp-content\/uploads\/2020\/10\/DSC_3425-2048x945.jpg 2048w, https:\/\/slovensky-kopov.sk\/wp-content\/uploads\/2020\/10\/DSC_3425-scaled-e1605647476712.jpg 1200w\" sizes=\"(max-width: 300px) 100vw, 300px\" \/>\t\t\t\t\t\t\t\t<\/a>\n\t\t\t\t\t\t\t\t\t\t\t\t\t\t\t<\/div>\n\t\t\t\t<\/div>\n\t\t\t\t\t<\/div>\n\t\t<\/div>\n\t\t\t\t<div class=\"elementor-column elementor-col-66 elementor-top-column elementor-element elementor-element-9ae6a5a\" data-id=\"9ae6a5a\" data-element_type=\"column\">\n\t\t\t<div class=\"elementor-widget-wrap elementor-element-populated\">\n\t\t\t\t\t\t<div class=\"elementor-element elementor-element-d25a665 elementor-widget elementor-widget-heading\" data-id=\"d25a665\" data-element_type=\"widget\" data-widget_type=\"heading.default\">\n\t\t\t\t<div class=\"elementor-widget-container\">\n\t\t\t\t\t<h2 class=\"elementor-heading-title elementor-size-default\"><a href=\"https:\/\/slovensky-kopov.sk\/?page_id=34242\">\u017diados\u0165 o odpor\u00fa\u010danie na p\u00e1renie<\/a><\/h2>\t\t\t\t<\/div>\n\t\t\t\t<\/div>\n\t\t\t\t<div class=\"elementor-element elementor-element-0f12973 elementor-widget elementor-widget-text-editor\" data-id=\"0f12973\" data-element_type=\"widget\" data-widget_type=\"text-editor.default\">\n\t\t\t\t<div class=\"elementor-widget-container\">\n\t\t\t\t\t\t\t\t\t<p>Postup ako po\u017eiada\u0165 o odpor\u00fa\u010danie na p\u00e1renie. Pri elektronickej \u017eiadosti si porovn\u00e1te gener\u00e1cie predkov a zobraz\u00ed sa V\u00e1m rodokme\u0148 potomkov navrhovan\u00e9ho spojenia..<\/p>\t\t\t\t\t\t\t\t<\/div>\n\t\t\t\t<\/div>\n\t\t\t\t\t<\/div>\n\t\t<\/div>\n\t\t\t\t\t<\/div>\n\t\t<\/section>\n\t\t\t\t<section class=\"elementor-section elementor-top-section elementor-element elementor-element-e143c40 elementor-section-boxed elementor-section-height-default elementor-section-height-default\" data-id=\"e143c40\" data-element_type=\"section\">\n\t\t\t\t\t\t<div class=\"elementor-container elementor-column-gap-default\">\n\t\t\t\t\t<div class=\"elementor-column elementor-col-33 elementor-top-column elementor-element elementor-element-d1a49bd\" data-id=\"d1a49bd\" data-element_type=\"column\">\n\t\t\t<div class=\"elementor-widget-wrap elementor-element-populated\">\n\t\t\t\t\t\t<div class=\"elementor-element elementor-element-8148a56 elementor-widget elementor-widget-image\" data-id=\"8148a56\" data-element_type=\"widget\" data-widget_type=\"image.default\">\n\t\t\t\t<div class=\"elementor-widget-container\">\n\t\t\t\t\t\t\t\t\t\t\t\t\t\t\t\t<a href=\"https:\/\/slovensky-kopov.sk\/?page_id=34311\">\n\t\t\t\t\t\t\t<img decoding=\"async\" width=\"300\" height=\"139\" src=\"https:\/\/slovensky-kopov.sk\/wp-content\/uploads\/2020\/10\/DSC_4112-e1606204051410-300x139.jpg\" class=\"attachment-medium size-medium wp-image-32823\" alt=\"\" srcset=\"https:\/\/slovensky-kopov.sk\/wp-content\/uploads\/2020\/10\/DSC_4112-e1606204051410-300x139.jpg 300w, https:\/\/slovensky-kopov.sk\/wp-content\/uploads\/2020\/10\/DSC_4112-e1606204051410-1024x474.jpg 1024w, https:\/\/slovensky-kopov.sk\/wp-content\/uploads\/2020\/10\/DSC_4112-e1606204051410-768x355.jpg 768w, https:\/\/slovensky-kopov.sk\/wp-content\/uploads\/2020\/10\/DSC_4112-e1606204051410-640x296.jpg 640w, https:\/\/slovensky-kopov.sk\/wp-content\/uploads\/2020\/10\/DSC_4112-e1606204051410.jpg 1200w\" sizes=\"(max-width: 300px) 100vw, 300px\" \/>\t\t\t\t\t\t\t\t<\/a>\n\t\t\t\t\t\t\t\t\t\t\t\t\t\t\t<\/div>\n\t\t\t\t<\/div>\n\t\t\t\t\t<\/div>\n\t\t<\/div>\n\t\t\t\t<div class=\"elementor-column elementor-col-66 elementor-top-column elementor-element elementor-element-fd47455\" data-id=\"fd47455\" data-element_type=\"column\">\n\t\t\t<div class=\"elementor-widget-wrap elementor-element-populated\">\n\t\t\t\t\t\t<div class=\"elementor-element elementor-element-9e1d47c elementor-widget elementor-widget-heading\" data-id=\"9e1d47c\" data-element_type=\"widget\" data-widget_type=\"heading.default\">\n\t\t\t\t<div class=\"elementor-widget-container\">\n\t\t\t\t\t<h2 class=\"elementor-heading-title elementor-size-default\"><a href=\"https:\/\/slovensky-kopov.sk\/?page_id=34311\">Hl\u00e1senie p\u00e1renia<\/a><\/h2>\t\t\t\t<\/div>\n\t\t\t\t<\/div>\n\t\t\t\t<div class=\"elementor-element elementor-element-12c614e elementor-widget elementor-widget-text-editor\" data-id=\"12c614e\" data-element_type=\"widget\" data-widget_type=\"text-editor.default\">\n\t\t\t\t<div class=\"elementor-widget-container\">\n\t\t\t\t\t\t\t\t\t<p>Postup ako hl\u00e1si\u0165 p\u00e1renie na z\u00e1klade odpor\u00fa\u010dania na p\u00e1renie.<\/p>\t\t\t\t\t\t\t\t<\/div>\n\t\t\t\t<\/div>\n\t\t\t\t\t<\/div>\n\t\t<\/div>\n\t\t\t\t\t<\/div>\n\t\t<\/section>\n\t\t\t\t<\/div>\n\t\t","protected":false},"excerpt":{"rendered":"<p>\u017diados\u0165 o odpor\u00fa\u010danie na p\u00e1renie Postup ako po\u017eiada\u0165 o odpor\u00fa\u010danie na p\u00e1renie. Pri elektronickej \u017eiadosti si porovn\u00e1te gener\u00e1cie predkov a zobraz\u00ed sa V\u00e1m rodokme\u0148 potomkov navrhovan\u00e9ho spojenia.. Hl\u00e1senie p\u00e1renia Postup [&hellip;]<\/p>\n","protected":false},"author":1,"featured_media":0,"parent":32742,"menu_order":0,"comment_status":"closed","ping_status":"closed","template":"","meta":{"ngg_post_thumbnail":0,"ocean_post_layout":"","ocean_both_sidebars_style":"","ocean_both_sidebars_content_width":0,"ocean_both_sidebars_sidebars_width":0,"ocean_sidebar":"0","ocean_second_sidebar":"0","ocean_disable_margins":"enable","ocean_add_body_class":"","ocean_shortcode_before_top_bar":"","ocean_shortcode_after_top_bar":"","ocean_shortcode_before_header":"","ocean_shortcode_after_header":"","ocean_has_shortcode":"","ocean_shortcode_after_title":"","ocean_shortcode_before_footer_widgets":"","ocean_shortcode_after_footer_widgets":"","ocean_shortcode_before_footer_bottom":"","ocean_shortcode_after_footer_bottom":"","ocean_display_top_bar":"default","ocean_display_header":"default","ocean_header_style":"","ocean_center_header_left_menu":"0","ocean_custom_header_template":"0","ocean_custom_logo":0,"ocean_custom_retina_logo":0,"ocean_custom_logo_max_width":0,"ocean_custom_logo_tablet_max_width":0,"ocean_custom_logo_mobile_max_width":0,"ocean_custom_logo_max_height":0,"ocean_custom_logo_tablet_max_height":0,"ocean_custom_logo_mobile_max_height":0,"ocean_header_custom_menu":"0","ocean_menu_typo_font_family":"0","ocean_menu_typo_font_subset":"","ocean_menu_typo_font_size":0,"ocean_menu_typo_font_size_tablet":0,"ocean_menu_typo_font_size_mobile":0,"ocean_menu_typo_font_size_unit":"px","ocean_menu_typo_font_weight":"","ocean_menu_typo_font_weight_tablet":"","ocean_menu_typo_font_weight_mobile":"","ocean_menu_typo_transform":"","ocean_menu_typo_transform_tablet":"","ocean_menu_typo_transform_mobile":"","ocean_menu_typo_line_height":0,"ocean_menu_typo_line_height_tablet":0,"ocean_menu_typo_line_height_mobile":0,"ocean_menu_typo_line_height_unit":"","ocean_menu_typo_spacing":0,"ocean_menu_typo_spacing_tablet":0,"ocean_menu_typo_spacing_mobile":0,"ocean_menu_typo_spacing_unit":"","ocean_menu_link_color":"","ocean_menu_link_color_hover":"","ocean_menu_link_color_active":"","ocean_menu_link_background":"","ocean_menu_link_hover_background":"","ocean_menu_link_active_background":"","ocean_menu_social_links_bg":"","ocean_menu_social_hover_links_bg":"","ocean_menu_social_links_color":"","ocean_menu_social_hover_links_color":"","ocean_disable_title":"default","ocean_disable_heading":"default","ocean_post_title":"","ocean_post_subheading":"","ocean_post_title_style":"","ocean_post_title_background_color":"","ocean_post_title_background":0,"ocean_post_title_bg_image_position":"","ocean_post_title_bg_image_attachment":"","ocean_post_title_bg_image_repeat":"","ocean_post_title_bg_image_size":"","ocean_post_title_height":0,"ocean_post_title_bg_overlay":0.5,"ocean_post_title_bg_overlay_color":"","ocean_disable_breadcrumbs":"default","ocean_breadcrumbs_color":"","ocean_breadcrumbs_separator_color":"","ocean_breadcrumbs_links_color":"","ocean_breadcrumbs_links_hover_color":"","ocean_display_footer_widgets":"default","ocean_display_footer_bottom":"default","ocean_custom_footer_template":"0","footnotes":""},"class_list":["post-32734","page","type-page","status-publish","hentry","entry"],"_links":{"self":[{"href":"https:\/\/slovensky-kopov.sk\/index.php?rest_route=\/wp\/v2\/pages\/32734","targetHints":{"allow":["GET"]}}],"collection":[{"href":"https:\/\/slovensky-kopov.sk\/index.php?rest_route=\/wp\/v2\/pages"}],"about":[{"href":"https:\/\/slovensky-kopov.sk\/index.php?rest_route=\/wp\/v2\/types\/page"}],"author":[{"embeddable":true,"href":"https:\/\/slovensky-kopov.sk\/index.php?rest_route=\/wp\/v2\/users\/1"}],"replies":[{"embeddable":true,"href":"https:\/\/slovensky-kopov.sk\/index.php?rest_route=%2Fwp%2Fv2%2Fcomments&post=32734"}],"version-history":[{"count":18,"href":"https:\/\/slovensky-kopov.sk\/index.php?rest_route=\/wp\/v2\/pages\/32734\/revisions"}],"predecessor-version":[{"id":34584,"href":"https:\/\/slovensky-kopov.sk\/index.php?rest_route=\/wp\/v2\/pages\/32734\/revisions\/34584"}],"up":[{"embeddable":true,"href":"https:\/\/slovensky-kopov.sk\/index.php?rest_route=\/wp\/v2\/pages\/32742"}],"wp:attachment":[{"href":"https:\/\/slovensky-kopov.sk\/index.php?rest_route=%2Fwp%2Fv2%2Fmedia&parent=32734"}],"curies":[{"name":"wp","href":"https:\/\/api.w.org\/{rel}","templated":true}]}}