{"id":32744,"date":"2020-10-22T11:01:06","date_gmt":"2020-10-22T09:01:06","guid":{"rendered":"https:\/\/novy.slovensky-kopov.sk\/?page_id=32744"},"modified":"2020-11-15T21:41:38","modified_gmt":"2020-11-15T20:41:38","slug":"standard-slovenskeho-kopova-fci-c-244","status":"publish","type":"page","link":"https:\/\/slovensky-kopov.sk\/?page_id=32744","title":{"rendered":"\u0160tandard FCI \u010d. 244"},"content":{"rendered":"\t\t<div data-elementor-type=\"wp-page\" data-elementor-id=\"32744\" class=\"elementor elementor-32744\">\n\t\t\t\t\t\t<section class=\"elementor-section elementor-top-section elementor-element elementor-element-e755093 elementor-section-boxed elementor-section-height-default elementor-section-height-default\" data-id=\"e755093\" data-element_type=\"section\">\n\t\t\t\t\t\t<div class=\"elementor-container elementor-column-gap-default\">\n\t\t\t\t\t<div class=\"elementor-column elementor-col-100 elementor-top-column elementor-element elementor-element-7d74242\" data-id=\"7d74242\" data-element_type=\"column\">\n\t\t\t<div class=\"elementor-widget-wrap elementor-element-populated\">\n\t\t\t\t\t\t<div class=\"elementor-element elementor-element-2f89676 elementor-widget elementor-widget-text-editor\" data-id=\"2f89676\" data-element_type=\"widget\" data-widget_type=\"text-editor.default\">\n\t\t\t\t<div class=\"elementor-widget-container\">\n\t\t\t\t\t\t\t\t\t<table style=\"border-collapse: collapse; width: 100%;\"><tbody><tr><td style=\"width: 25%;\">\u00a0<\/td><td style=\"width: 25%;\">\u00a0<\/td><td style=\"width: 25%;\">D\u00e1tum uverejnenia \u0161tandardu<\/td><td style=\"width: 25%;\">\u00a0<\/td><\/tr><tr><td style=\"width: 25%;\">Anglicky<\/td><td style=\"width: 25%;\"><span id=\"ContentPlaceHolder1_NomEnLabel\">SLOVAKIAN HOUND<\/span><\/td><td style=\"width: 25%;\"><span id=\"ContentPlaceHolder1_DateENLabel\">8\/19\/1996<\/span><\/td><td style=\"width: 25%;\"><a id=\"ContentPlaceHolder1_StandardENHyperLink\" href=\"http:\/\/www.fci.be\/Nomenclature\/Standards\/244g06-en.pdf\"><img decoding=\"async\" class=\"alignnone wp-image-33266\" src=\"https:\/\/novy.slovensky-kopov.sk\/wp-content\/uploads\/2020\/11\/1200px-PDF_file_icon.svg-244x300.png\" alt=\"\" width=\"40\" height=\"49\" srcset=\"https:\/\/slovensky-kopov.sk\/wp-content\/uploads\/2020\/11\/1200px-PDF_file_icon.svg-244x300.png 244w, https:\/\/slovensky-kopov.sk\/wp-content\/uploads\/2020\/11\/1200px-PDF_file_icon.svg-834x1024.png 834w, https:\/\/slovensky-kopov.sk\/wp-content\/uploads\/2020\/11\/1200px-PDF_file_icon.svg-768x943.png 768w, https:\/\/slovensky-kopov.sk\/wp-content\/uploads\/2020\/11\/1200px-PDF_file_icon.svg.png 1200w\" sizes=\"(max-width: 40px) 100vw, 40px\" \/><\/a><\/td><\/tr><tr><td style=\"width: 25%;\">Franc\u00fazky<\/td><td style=\"width: 25%;\"><span id=\"ContentPlaceHolder1_NomFRLabel\">CHIEN COURANT SLOVAQUE<\/span><\/td><td style=\"width: 25%;\"><span id=\"ContentPlaceHolder1_DateFRLabel\">8\/19\/1996<\/span><\/td><td style=\"width: 25%;\"><a id=\"ContentPlaceHolder1_StandardFRHyperLink\" href=\"http:\/\/www.fci.be\/Nomenclature\/Standards\/244g06-fr.pdf\"><img decoding=\"async\" class=\"alignnone wp-image-33266\" src=\"https:\/\/novy.slovensky-kopov.sk\/wp-content\/uploads\/2020\/11\/1200px-PDF_file_icon.svg-244x300.png\" alt=\"\" width=\"40\" height=\"49\" srcset=\"https:\/\/slovensky-kopov.sk\/wp-content\/uploads\/2020\/11\/1200px-PDF_file_icon.svg-244x300.png 244w, https:\/\/slovensky-kopov.sk\/wp-content\/uploads\/2020\/11\/1200px-PDF_file_icon.svg-834x1024.png 834w, https:\/\/slovensky-kopov.sk\/wp-content\/uploads\/2020\/11\/1200px-PDF_file_icon.svg-768x943.png 768w, https:\/\/slovensky-kopov.sk\/wp-content\/uploads\/2020\/11\/1200px-PDF_file_icon.svg.png 1200w\" sizes=\"(max-width: 40px) 100vw, 40px\" \/><\/a><\/td><\/tr><tr><td style=\"width: 25%;\">Nemecky<\/td><td style=\"width: 25%;\"><span id=\"ContentPlaceHolder1_NomDELabel\">SLOWAKISCHER LAUFHUND<\/span><\/td><td style=\"width: 25%;\"><span id=\"ContentPlaceHolder1_DateDELabel\">8\/19\/1996<\/span><\/td><td style=\"width: 25%;\"><a id=\"ContentPlaceHolder1_StandardDEHyperLink\" href=\"http:\/\/www.fci.be\/Nomenclature\/Standards\/244g06-de.pdf\"><img decoding=\"async\" class=\"alignnone wp-image-33266\" src=\"https:\/\/novy.slovensky-kopov.sk\/wp-content\/uploads\/2020\/11\/1200px-PDF_file_icon.svg-244x300.png\" alt=\"\" width=\"40\" height=\"49\" srcset=\"https:\/\/slovensky-kopov.sk\/wp-content\/uploads\/2020\/11\/1200px-PDF_file_icon.svg-244x300.png 244w, https:\/\/slovensky-kopov.sk\/wp-content\/uploads\/2020\/11\/1200px-PDF_file_icon.svg-834x1024.png 834w, https:\/\/slovensky-kopov.sk\/wp-content\/uploads\/2020\/11\/1200px-PDF_file_icon.svg-768x943.png 768w, https:\/\/slovensky-kopov.sk\/wp-content\/uploads\/2020\/11\/1200px-PDF_file_icon.svg.png 1200w\" sizes=\"(max-width: 40px) 100vw, 40px\" \/><\/a><\/td><\/tr><tr><td style=\"width: 25%;\">\u0160panielsky<\/td><td style=\"width: 25%;\"><span id=\"ContentPlaceHolder1_NomESLabel\">SABUESO ESLOVACO<\/span><\/td><td style=\"width: 25%;\"><span id=\"ContentPlaceHolder1_DateESLabel\">8\/19\/1996<\/span><\/td><td style=\"width: 25%;\"><a id=\"ContentPlaceHolder1_StandardESHyperLink\" href=\"http:\/\/www.fci.be\/Nomenclature\/Standards\/244g06-es.pdf\"><img decoding=\"async\" class=\"alignnone wp-image-33266\" src=\"https:\/\/novy.slovensky-kopov.sk\/wp-content\/uploads\/2020\/11\/1200px-PDF_file_icon.svg-244x300.png\" alt=\"\" width=\"40\" height=\"49\" srcset=\"https:\/\/slovensky-kopov.sk\/wp-content\/uploads\/2020\/11\/1200px-PDF_file_icon.svg-244x300.png 244w, https:\/\/slovensky-kopov.sk\/wp-content\/uploads\/2020\/11\/1200px-PDF_file_icon.svg-834x1024.png 834w, https:\/\/slovensky-kopov.sk\/wp-content\/uploads\/2020\/11\/1200px-PDF_file_icon.svg-768x943.png 768w, https:\/\/slovensky-kopov.sk\/wp-content\/uploads\/2020\/11\/1200px-PDF_file_icon.svg.png 1200w\" sizes=\"(max-width: 40px) 100vw, 40px\" \/><\/a><\/td><\/tr><\/tbody><\/table>\t\t\t\t\t\t\t\t<\/div>\n\t\t\t\t<\/div>\n\t\t\t\t\t<\/div>\n\t\t<\/div>\n\t\t\t\t\t<\/div>\n\t\t<\/section>\n\t\t\t\t<section class=\"elementor-section elementor-top-section elementor-element elementor-element-b401527 elementor-section-boxed elementor-section-height-default elementor-section-height-default\" data-id=\"b401527\" data-element_type=\"section\">\n\t\t\t\t\t\t<div class=\"elementor-container elementor-column-gap-default\">\n\t\t\t\t\t<div class=\"elementor-column elementor-col-100 elementor-top-column elementor-element elementor-element-821f605\" data-id=\"821f605\" data-element_type=\"column\">\n\t\t\t<div class=\"elementor-widget-wrap elementor-element-populated\">\n\t\t\t\t\t\t<div class=\"elementor-element elementor-element-fb87439 elementor-widget elementor-widget-heading\" data-id=\"fb87439\" data-element_type=\"widget\" data-widget_type=\"heading.default\">\n\t\t\t\t<div class=\"elementor-widget-container\">\n\t\t\t\t\t<h2 class=\"elementor-heading-title elementor-size-default\">Vyu\u017eitie:<\/h2>\t\t\t\t<\/div>\n\t\t\t\t<\/div>\n\t\t\t\t<div class=\"elementor-element elementor-element-065c40f elementor-widget elementor-widget-text-editor\" data-id=\"065c40f\" data-element_type=\"widget\" data-widget_type=\"text-editor.default\">\n\t\t\t\t<div class=\"elementor-widget-container\">\n\t\t\t\t\t\t\t\t\t<p>Toto plemeno psa sa vyzna\u010duje vytrval\u00fdm hlasov\u00fdm prejavom, sleduj\u00facim tepl\u00fa stopu alebo stopu cel\u00e9 hodiny. Vyzna\u010duje sa tie\u017e svojou ostros\u0165ou a preto sa vo svojej domovine pou\u017e\u00edva na lov diviakov a dravej zveri.<\/p>\t\t\t\t\t\t\t\t<\/div>\n\t\t\t\t<\/div>\n\t\t\t\t<div class=\"elementor-element elementor-element-28c635b elementor-widget elementor-widget-heading\" data-id=\"28c635b\" data-element_type=\"widget\" data-widget_type=\"heading.default\">\n\t\t\t\t<div class=\"elementor-widget-container\">\n\t\t\t\t\t<h2 class=\"elementor-heading-title elementor-size-default\">Vyu\u017eitie:<\/h2>\t\t\t\t<\/div>\n\t\t\t\t<\/div>\n\t\t\t\t<div class=\"elementor-element elementor-element-8e5362e elementor-widget elementor-widget-text-editor\" data-id=\"8e5362e\" data-element_type=\"widget\" data-widget_type=\"text-editor.default\">\n\t\t\t\t<div class=\"elementor-widget-container\">\n\t\t\t\t\t\t\t\t\t<p>KLASIFIK\u00c1CIA FCI:<\/p><p>Skupina 6 Duri\u010de, farbiare a pr\u00edbuzn\u00e9 plemen\u00e1.<\/p><p>Sekcia 1.2 Stredne ve\u013ek\u00e9 psy s pracovnou sk\u00fa\u0161kou.<\/p>\t\t\t\t\t\t\t\t<\/div>\n\t\t\t\t<\/div>\n\t\t\t\t<div class=\"elementor-element elementor-element-cda54b6 elementor-widget elementor-widget-heading\" data-id=\"cda54b6\" data-element_type=\"widget\" data-widget_type=\"heading.default\">\n\t\t\t\t<div class=\"elementor-widget-container\">\n\t\t\t\t\t<h2 class=\"elementor-heading-title elementor-size-default\">Celkov\u00fd vzh\u013ead:<\/h2>\t\t\t\t<\/div>\n\t\t\t\t<\/div>\n\t\t\t\t<div class=\"elementor-element elementor-element-4ad8bd9 elementor-widget elementor-widget-text-editor\" data-id=\"4ad8bd9\" data-element_type=\"widget\" data-widget_type=\"text-editor.default\">\n\t\t\t\t<div class=\"elementor-widget-container\">\n\t\t\t\t\t\t\t\t\t<p>V\u017edy \u010dierny s p\u00e1len\u00fdmi znakmi. Sk\u00f4r \u013eahk\u00e1 stavba, ale s pevnou kostrou. Pred\u013a\u017een\u00fd obd\u013a\u017enikov\u00fd tvar.<\/p>\t\t\t\t\t\t\t\t<\/div>\n\t\t\t\t<\/div>\n\t\t\t\t<div class=\"elementor-element elementor-element-3069132 elementor-widget elementor-widget-heading\" data-id=\"3069132\" data-element_type=\"widget\" data-widget_type=\"heading.default\">\n\t\t\t\t<div class=\"elementor-widget-container\">\n\t\t\t\t\t<h2 class=\"elementor-heading-title elementor-size-default\">Povaha \/ vlastnosti:<\/h2>\t\t\t\t<\/div>\n\t\t\t\t<\/div>\n\t\t\t\t\t<\/div>\n\t\t<\/div>\n\t\t\t\t\t<\/div>\n\t\t<\/section>\n\t\t\t\t<section class=\"elementor-section elementor-top-section elementor-element elementor-element-c217ff6 elementor-section-boxed elementor-section-height-default elementor-section-height-default\" data-id=\"c217ff6\" data-element_type=\"section\">\n\t\t\t\t\t\t<div class=\"elementor-container elementor-column-gap-default\">\n\t\t\t\t\t<div class=\"elementor-column elementor-col-100 elementor-top-column elementor-element elementor-element-f0ea62f\" data-id=\"f0ea62f\" data-element_type=\"column\">\n\t\t\t<div class=\"elementor-widget-wrap elementor-element-populated\">\n\t\t\t\t\t\t<div class=\"elementor-element elementor-element-6af8252 elementor-widget elementor-widget-text-editor\" data-id=\"6af8252\" data-element_type=\"widget\" data-widget_type=\"text-editor.default\">\n\t\t\t\t<div class=\"elementor-widget-container\">\n\t\t\t\t\t\t\t\t\t<p>Vroden\u00fd temperament. V\u00fdnimo\u010dne vyvinut\u00fd zmysel pre orient\u00e1ciu.<\/p>\t\t\t\t\t\t\t\t<\/div>\n\t\t\t\t<\/div>\n\t\t\t\t\t<\/div>\n\t\t<\/div>\n\t\t\t\t\t<\/div>\n\t\t<\/section>\n\t\t\t\t<section class=\"elementor-section elementor-top-section elementor-element elementor-element-03e6e34 elementor-section-boxed elementor-section-height-default elementor-section-height-default\" data-id=\"03e6e34\" data-element_type=\"section\">\n\t\t\t\t\t\t<div class=\"elementor-container elementor-column-gap-default\">\n\t\t\t\t\t<div class=\"elementor-column elementor-col-33 elementor-top-column elementor-element elementor-element-4a573b0\" data-id=\"4a573b0\" data-element_type=\"column\">\n\t\t\t<div class=\"elementor-widget-wrap elementor-element-populated\">\n\t\t\t\t\t\t<div class=\"elementor-element elementor-element-713982c elementor-widget elementor-widget-heading\" data-id=\"713982c\" data-element_type=\"widget\" data-widget_type=\"heading.default\">\n\t\t\t\t<div class=\"elementor-widget-container\">\n\t\t\t\t\t<h2 class=\"elementor-heading-title elementor-size-default\">Hlava:<\/h2>\t\t\t\t<\/div>\n\t\t\t\t<\/div>\n\t\t\t\t\t<\/div>\n\t\t<\/div>\n\t\t\t\t<div class=\"elementor-column elementor-col-66 elementor-top-column elementor-element elementor-element-92a813b\" data-id=\"92a813b\" data-element_type=\"column\">\n\t\t\t<div class=\"elementor-widget-wrap elementor-element-populated\">\n\t\t\t\t\t\t<div class=\"elementor-element elementor-element-41f3c56 elementor-widget elementor-widget-heading\" data-id=\"41f3c56\" data-element_type=\"widget\" data-widget_type=\"heading.default\">\n\t\t\t\t<div class=\"elementor-widget-container\">\n\t\t\t\t\t<h5 class=\"elementor-heading-title elementor-size-default\">Mozgov\u00e1 \u010das\u0165:\n<\/h5>\t\t\t\t<\/div>\n\t\t\t\t<\/div>\n\t\t\t\t<div class=\"elementor-element elementor-element-befe2f5 elementor-widget elementor-widget-text-editor\" data-id=\"befe2f5\" data-element_type=\"widget\" data-widget_type=\"text-editor.default\">\n\t\t\t\t<div class=\"elementor-widget-container\">\n\t\t\t\t\t\t\t\t\t<p><strong>Lebka:<\/strong> mierne zaokr\u00fahlen\u00e1 na temene, obd\u013a\u017enikov\u00e9ho tvaru, zrete\u013en\u00e9 nado\u010dnicov\u00e9 obl\u00faky. Badate\u013en\u00e1 \u010deln\u00e1 ryha s hmatate\u013en\u00fdm tylov\u00fdm v\u00fdstupkom. Smer pozd\u013a\u017enych os\u00ed nosov\u00e9ho chrbta a lebky je pribli\u017ene rovnobe\u017en\u00fd.\u00a0<\/p><p><strong>\u010celov\u00fd sklon:<\/strong> okolo 45 \u00b0<\/p>\t\t\t\t\t\t\t\t<\/div>\n\t\t\t\t<\/div>\n\t\t\t\t<div class=\"elementor-element elementor-element-878743e elementor-widget elementor-widget-heading\" data-id=\"878743e\" data-element_type=\"widget\" data-widget_type=\"heading.default\">\n\t\t\t\t<div class=\"elementor-widget-container\">\n\t\t\t\t\t<h5 class=\"elementor-heading-title elementor-size-default\">Tv\u00e1rov\u00e1 \u010das\u0165:\n<\/h5>\t\t\t\t<\/div>\n\t\t\t\t<\/div>\n\t\t\t\t<div class=\"elementor-element elementor-element-56b5e07 elementor-widget elementor-widget-text-editor\" data-id=\"56b5e07\" data-element_type=\"widget\" data-widget_type=\"text-editor.default\">\n\t\t\t\t<div class=\"elementor-widget-container\">\n\t\t\t\t\t\t\t\t\t<p><strong>Nos:<\/strong> v\u017edy \u010diernej farby, primerane ve\u013ek\u00fd, nozdry mierne otvoren\u00e9, koniec nosa mierne za\u0161picaten\u00fd. Nos rovn\u00fd, v pomere k lebke primerane dlh\u00fd, nie pr\u00edli\u0161 \u0161irok\u00fd.\u00a0<\/p><p><strong>Pysky:<\/strong> s\u00fa krat\u0161ie, priliehaj\u00face, neprev\u00edsaj\u00fa, s\u00fa tenk\u00e9 so zrete\u013en\u00fdm k\u00fatikom.<\/p><p><strong>\u010ce\u013euste:<\/strong> pravideln\u00e9, pevn\u00e9, s dobre vyvinut\u00fdm \u00fapln\u00fdm chrupom.<\/p>\t\t\t\t\t\t\t\t<\/div>\n\t\t\t\t<\/div>\n\t\t\t\t\t<\/div>\n\t\t<\/div>\n\t\t\t\t\t<\/div>\n\t\t<\/section>\n\t\t\t\t<section class=\"elementor-section elementor-top-section elementor-element elementor-element-a9293be elementor-section-boxed elementor-section-height-default elementor-section-height-default\" data-id=\"a9293be\" data-element_type=\"section\">\n\t\t\t\t\t\t<div class=\"elementor-container elementor-column-gap-default\">\n\t\t\t\t\t<div class=\"elementor-column elementor-col-33 elementor-top-column elementor-element elementor-element-76507c2\" data-id=\"76507c2\" data-element_type=\"column\">\n\t\t\t<div class=\"elementor-widget-wrap elementor-element-populated\">\n\t\t\t\t\t\t<div class=\"elementor-element elementor-element-98d0665 elementor-widget elementor-widget-heading\" data-id=\"98d0665\" data-element_type=\"widget\" data-widget_type=\"heading.default\">\n\t\t\t\t<div class=\"elementor-widget-container\">\n\t\t\t\t\t<h5 class=\"elementor-heading-title elementor-size-default\">O\u010di:\n<\/h5>\t\t\t\t<\/div>\n\t\t\t\t<\/div>\n\t\t\t\t\t<\/div>\n\t\t<\/div>\n\t\t\t\t<div class=\"elementor-column elementor-col-66 elementor-top-column elementor-element elementor-element-faf7244\" data-id=\"faf7244\" data-element_type=\"column\">\n\t\t\t<div class=\"elementor-widget-wrap elementor-element-populated\">\n\t\t\t\t\t\t<div class=\"elementor-element elementor-element-93bdea7 elementor-widget elementor-widget-text-editor\" data-id=\"93bdea7\" data-element_type=\"widget\" data-widget_type=\"text-editor.default\">\n\t\t\t\t<div class=\"elementor-widget-container\">\n\t\t\t\t\t\t\t\t\t<p>prezr\u00e1dzaj\u00fa \u017eivos\u0165 a odvahu. S\u00fa hlb\u0161ie vsaden\u00e9, tmav\u00e9, mand\u013eovit\u00e9ho tvaru. O\u010dn\u00e9 vie\u010dka s\u00fa v\u017edy \u010dierne.<\/p>\t\t\t\t\t\t\t\t<\/div>\n\t\t\t\t<\/div>\n\t\t\t\t\t<\/div>\n\t\t<\/div>\n\t\t\t\t\t<\/div>\n\t\t<\/section>\n\t\t\t\t<section class=\"elementor-section elementor-top-section elementor-element elementor-element-03bd756 elementor-section-boxed elementor-section-height-default elementor-section-height-default\" data-id=\"03bd756\" data-element_type=\"section\">\n\t\t\t\t\t\t<div class=\"elementor-container elementor-column-gap-default\">\n\t\t\t\t\t<div class=\"elementor-column elementor-col-33 elementor-top-column elementor-element elementor-element-8196884\" data-id=\"8196884\" data-element_type=\"column\">\n\t\t\t<div class=\"elementor-widget-wrap elementor-element-populated\">\n\t\t\t\t\t\t<div class=\"elementor-element elementor-element-558be1a elementor-widget elementor-widget-heading\" data-id=\"558be1a\" data-element_type=\"widget\" data-widget_type=\"heading.default\">\n\t\t\t\t<div class=\"elementor-widget-container\">\n\t\t\t\t\t<h5 class=\"elementor-heading-title elementor-size-default\">U\u0161i:\n<\/h5>\t\t\t\t<\/div>\n\t\t\t\t<\/div>\n\t\t\t\t\t<\/div>\n\t\t<\/div>\n\t\t\t\t<div class=\"elementor-column elementor-col-66 elementor-top-column elementor-element elementor-element-844e60a\" data-id=\"844e60a\" data-element_type=\"column\">\n\t\t\t<div class=\"elementor-widget-wrap elementor-element-populated\">\n\t\t\t\t\t\t<div class=\"elementor-element elementor-element-cea0a83 elementor-widget elementor-widget-text-editor\" data-id=\"cea0a83\" data-element_type=\"widget\" data-widget_type=\"text-editor.default\">\n\t\t\t\t<div class=\"elementor-widget-container\">\n\t\t\t\t\t\t\t\t\t<p>Nasaden\u00e9 trochu nad l\u00edniou o\u010d\u00ed, le\u017eiace plocho na hlave, dole zaoblen\u00e9, stredne dlh\u00e9.<\/p>\t\t\t\t\t\t\t\t<\/div>\n\t\t\t\t<\/div>\n\t\t\t\t\t<\/div>\n\t\t<\/div>\n\t\t\t\t\t<\/div>\n\t\t<\/section>\n\t\t\t\t<section class=\"elementor-section elementor-top-section elementor-element elementor-element-f9aeb50 elementor-section-boxed elementor-section-height-default elementor-section-height-default\" data-id=\"f9aeb50\" data-element_type=\"section\">\n\t\t\t\t\t\t<div class=\"elementor-container elementor-column-gap-default\">\n\t\t\t\t\t<div class=\"elementor-column elementor-col-33 elementor-top-column elementor-element elementor-element-594a79f\" data-id=\"594a79f\" data-element_type=\"column\">\n\t\t\t<div class=\"elementor-widget-wrap elementor-element-populated\">\n\t\t\t\t\t\t<div class=\"elementor-element elementor-element-ecb0349 elementor-widget elementor-widget-heading\" data-id=\"ecb0349\" data-element_type=\"widget\" data-widget_type=\"heading.default\">\n\t\t\t\t<div class=\"elementor-widget-container\">\n\t\t\t\t\t<h5 class=\"elementor-heading-title elementor-size-default\">Krk:\n<\/h5>\t\t\t\t<\/div>\n\t\t\t\t<\/div>\n\t\t\t\t\t<\/div>\n\t\t<\/div>\n\t\t\t\t<div class=\"elementor-column elementor-col-66 elementor-top-column elementor-element elementor-element-97e2f04\" data-id=\"97e2f04\" data-element_type=\"column\">\n\t\t\t<div class=\"elementor-widget-wrap elementor-element-populated\">\n\t\t\t\t\t\t<div class=\"elementor-element elementor-element-20e03cb elementor-widget elementor-widget-text-editor\" data-id=\"20e03cb\" data-element_type=\"widget\" data-widget_type=\"text-editor.default\">\n\t\t\t\t<div class=\"elementor-widget-container\">\n\t\t\t\t\t\t\t\t\t<p>Dobre nasaden\u00fd, nesen\u00fd v uhle asi 135 stup\u0148ov, krat\u0161\u00ed, svalnat\u00fd, bez vo\u013en\u00fdch z\u00e1hybov ko\u017ee.<\/p>\t\t\t\t\t\t\t\t<\/div>\n\t\t\t\t<\/div>\n\t\t\t\t\t<\/div>\n\t\t<\/div>\n\t\t\t\t\t<\/div>\n\t\t<\/section>\n\t\t\t\t<section class=\"elementor-section elementor-top-section elementor-element elementor-element-05a4354 elementor-section-boxed elementor-section-height-default elementor-section-height-default\" data-id=\"05a4354\" data-element_type=\"section\">\n\t\t\t\t\t\t<div class=\"elementor-container elementor-column-gap-default\">\n\t\t\t\t\t<div class=\"elementor-column elementor-col-33 elementor-top-column elementor-element elementor-element-f40d9ae\" data-id=\"f40d9ae\" data-element_type=\"column\">\n\t\t\t<div class=\"elementor-widget-wrap elementor-element-populated\">\n\t\t\t\t\t\t<div class=\"elementor-element elementor-element-95fd40c elementor-widget elementor-widget-heading\" data-id=\"95fd40c\" data-element_type=\"widget\" data-widget_type=\"heading.default\">\n\t\t\t\t<div class=\"elementor-widget-container\">\n\t\t\t\t\t<h5 class=\"elementor-heading-title elementor-size-default\">Trup:\n<\/h5>\t\t\t\t<\/div>\n\t\t\t\t<\/div>\n\t\t\t\t\t<\/div>\n\t\t<\/div>\n\t\t\t\t<div class=\"elementor-column elementor-col-66 elementor-top-column elementor-element elementor-element-861229c\" data-id=\"861229c\" data-element_type=\"column\">\n\t\t\t<div class=\"elementor-widget-wrap elementor-element-populated\">\n\t\t\t\t\t\t<div class=\"elementor-element elementor-element-93c5450 elementor-widget elementor-widget-text-editor\" data-id=\"93c5450\" data-element_type=\"widget\" data-widget_type=\"text-editor.default\">\n\t\t\t\t<div class=\"elementor-widget-container\">\n\t\t\t\t\t\t\t\t\t<p><strong>Chrb\u00e1t:<\/strong> rovn\u00fd, stredne dlh\u00fd.<\/p><p><strong>Bedr\u00e1:<\/strong> krat\u0161ie, dostato\u010dne \u0161irok\u00e9, pevn\u00e9, svalnat\u00e9.<\/p><p><strong>Zadok:<\/strong> krat\u0161\u00ed, stredne \u0161irok\u00fd a zaoblen\u00fd.<\/p><p><strong>Hrudn\u00edk:<\/strong> stredne hlbok\u00fd, mierne \u0161irok\u00fd a dlh\u00fd. Hru\u010f \u0161irok\u00e1, dobre vyplnen\u00e1. Rebr\u00e1 obl\u00fakovit\u00e9, \u0161ikmo nasaden\u00e9.<\/p><p><strong>Brucho a slabiny:<\/strong> mierne vtiahnut\u00e9.\u00a0<\/p>\t\t\t\t\t\t\t\t<\/div>\n\t\t\t\t<\/div>\n\t\t\t\t\t<\/div>\n\t\t<\/div>\n\t\t\t\t\t<\/div>\n\t\t<\/section>\n\t\t\t\t<\/div>\n\t\t","protected":false},"excerpt":{"rendered":"<p>\u00a0 \u00a0 D\u00e1tum uverejnenia \u0161tandardu \u00a0 Anglicky SLOVAKIAN HOUND 8\/19\/1996 Franc\u00fazky CHIEN COURANT SLOVAQUE 8\/19\/1996 Nemecky SLOWAKISCHER LAUFHUND 8\/19\/1996 \u0160panielsky SABUESO ESLOVACO 8\/19\/1996 Vyu\u017eitie: Toto plemeno psa sa vyzna\u010duje vytrval\u00fdm [&hellip;]<\/p>\n","protected":false},"author":1,"featured_media":0,"parent":32740,"menu_order":0,"comment_status":"closed","ping_status":"closed","template":"","meta":{"ngg_post_thumbnail":0,"ocean_post_layout":"","ocean_both_sidebars_style":"","ocean_both_sidebars_content_width":0,"ocean_both_sidebars_sidebars_width":0,"ocean_sidebar":"0","ocean_second_sidebar":"0","ocean_disable_margins":"enable","ocean_add_body_class":"","ocean_shortcode_before_top_bar":"","ocean_shortcode_after_top_bar":"","ocean_shortcode_before_header":"","ocean_shortcode_after_header":"","ocean_has_shortcode":"","ocean_shortcode_after_title":"","ocean_shortcode_before_footer_widgets":"","ocean_shortcode_after_footer_widgets":"","ocean_shortcode_before_footer_bottom":"","ocean_shortcode_after_footer_bottom":"","ocean_display_top_bar":"default","ocean_display_header":"default","ocean_header_style":"","ocean_center_header_left_menu":"0","ocean_custom_header_template":"0","ocean_custom_logo":0,"ocean_custom_retina_logo":0,"ocean_custom_logo_max_width":0,"ocean_custom_logo_tablet_max_width":0,"ocean_custom_logo_mobile_max_width":0,"ocean_custom_logo_max_height":0,"ocean_custom_logo_tablet_max_height":0,"ocean_custom_logo_mobile_max_height":0,"ocean_header_custom_menu":"0","ocean_menu_typo_font_family":"0","ocean_menu_typo_font_subset":"","ocean_menu_typo_font_size":0,"ocean_menu_typo_font_size_tablet":0,"ocean_menu_typo_font_size_mobile":0,"ocean_menu_typo_font_size_unit":"px","ocean_menu_typo_font_weight":"","ocean_menu_typo_font_weight_tablet":"","ocean_menu_typo_font_weight_mobile":"","ocean_menu_typo_transform":"","ocean_menu_typo_transform_tablet":"","ocean_menu_typo_transform_mobile":"","ocean_menu_typo_line_height":0,"ocean_menu_typo_line_height_tablet":0,"ocean_menu_typo_line_height_mobile":0,"ocean_menu_typo_line_height_unit":"","ocean_menu_typo_spacing":0,"ocean_menu_typo_spacing_tablet":0,"ocean_menu_typo_spacing_mobile":0,"ocean_menu_typo_spacing_unit":"","ocean_menu_link_color":"","ocean_menu_link_color_hover":"","ocean_menu_link_color_active":"","ocean_menu_link_background":"","ocean_menu_link_hover_background":"","ocean_menu_link_active_background":"","ocean_menu_social_links_bg":"","ocean_menu_social_hover_links_bg":"","ocean_menu_social_links_color":"","ocean_menu_social_hover_links_color":"","ocean_disable_title":"default","ocean_disable_heading":"default","ocean_post_title":"","ocean_post_subheading":"","ocean_post_title_style":"","ocean_post_title_background_color":"","ocean_post_title_background":0,"ocean_post_title_bg_image_position":"","ocean_post_title_bg_image_attachment":"","ocean_post_title_bg_image_repeat":"","ocean_post_title_bg_image_size":"","ocean_post_title_height":0,"ocean_post_title_bg_overlay":0.5,"ocean_post_title_bg_overlay_color":"","ocean_disable_breadcrumbs":"default","ocean_breadcrumbs_color":"","ocean_breadcrumbs_separator_color":"","ocean_breadcrumbs_links_color":"","ocean_breadcrumbs_links_hover_color":"","ocean_display_footer_widgets":"default","ocean_display_footer_bottom":"default","ocean_custom_footer_template":"0","footnotes":""},"class_list":["post-32744","page","type-page","status-publish","hentry","entry"],"_links":{"self":[{"href":"https:\/\/slovensky-kopov.sk\/index.php?rest_route=\/wp\/v2\/pages\/32744","targetHints":{"allow":["GET"]}}],"collection":[{"href":"https:\/\/slovensky-kopov.sk\/index.php?rest_route=\/wp\/v2\/pages"}],"about":[{"href":"https:\/\/slovensky-kopov.sk\/index.php?rest_route=\/wp\/v2\/types\/page"}],"author":[{"embeddable":true,"href":"https:\/\/slovensky-kopov.sk\/index.php?rest_route=\/wp\/v2\/users\/1"}],"replies":[{"embeddable":true,"href":"https:\/\/slovensky-kopov.sk\/index.php?rest_route=%2Fwp%2Fv2%2Fcomments&post=32744"}],"version-history":[{"count":0,"href":"https:\/\/slovensky-kopov.sk\/index.php?rest_route=\/wp\/v2\/pages\/32744\/revisions"}],"up":[{"embeddable":true,"href":"https:\/\/slovensky-kopov.sk\/index.php?rest_route=\/wp\/v2\/pages\/32740"}],"wp:attachment":[{"href":"https:\/\/slovensky-kopov.sk\/index.php?rest_route=%2Fwp%2Fv2%2Fmedia&parent=32744"}],"curies":[{"name":"wp","href":"https:\/\/api.w.org\/{rel}","templated":true}]}}