{"id":32765,"date":"2020-10-23T09:33:09","date_gmt":"2020-10-23T07:33:09","guid":{"rendered":"https:\/\/novy.slovensky-kopov.sk\/?page_id=32765"},"modified":"2020-10-23T09:33:14","modified_gmt":"2020-10-23T07:33:14","slug":"desatoro-chovatela-psov","status":"publish","type":"page","link":"https:\/\/slovensky-kopov.sk\/?page_id=32765","title":{"rendered":"Desatoro chovate\u013ea psov"},"content":{"rendered":"<p class=\"western\" align=\"center\">Dlhodobo osved\u010den\u00e9 chovate\u013esk\u00e9 prik\u00e1zania pre chovate\u013eov. Prik\u00e1zanie prv\u00e9 a\u017e siedme plat\u00ed pred pl\u00e1novan\u00fdm kryt\u00edm, \u00f4sme a\u017e desiate pri vyhodnocovan\u00ed krytia.<\/p>\n<p class=\"western\" align=\"justify\"><span style=\"color: #0070c0;\"><span style=\"font-size: large;\"><b>Prik\u00e1zanie prv\u00e9<\/b><\/span><\/span><\/p>\n<p class=\"western\" align=\"justify\"><b>P\u00e1ri\u0165 z\u00e1sadne jedince bez spolo\u010dn\u00fdch ch\u00fdb (exteri\u00e9rov\u00fdch, pracovn\u00fdch a povahov\u00fdch). Chyby jedn\u00e9ho rodi\u010da musia by\u0165 vyv\u00e1\u017een\u00e9 kladmi druh\u00e9ho rodi\u010da.<\/b><\/p>\n<p class=\"western\" align=\"justify\">To znamen\u00e1, \u017ee v \u017eiadnom pr\u00edpade nepou\u017eijem ku krytiu svojej suky psa, ktor\u00fd m\u00e1 rovnak\u00e9 exteri\u00e9rov\u00e9, pracovn\u00e9 alebo povahov\u00e9 nedostatky, preto\u017ee je ve\u013ek\u00e9 riziko, \u017ee v\u00e4\u010d\u0161ina potomkov tieto chyby ponesie a bude ich na\u010falej pren\u00e1\u0161a\u0165 na potomstvo.<\/p>\n<p class=\"western\" align=\"justify\"><span style=\"color: #0070c0;\"><span style=\"font-size: large;\"><b>Prik\u00e1zanie druh\u00e9<\/b><\/span><\/span><\/p>\n<p class=\"western\" align=\"justify\"><b>Chyby exteri\u00e9ru, pr\u00e1ce, povahy nevyrovn\u00e1va\u0165 nikdy opakom tejto chyby, ale v\u017edy \u0161tandardom (exteri\u00e9ru, pr\u00e1ce, povahy).<\/b><\/p>\n<p class=\"western\" align=\"justify\">Pri tejto z\u00e1sade je medzi chovate\u013emi cel\u00e1 rada chybn\u00fdch n\u00e1zorov. Chovatelia e\u0161te dobre ch\u00e1pu, \u017ee predkus nejde napravi\u0165 v chove podkusom at\u010f., ale u\u017e celkom jasn\u00e1 im nie je ot\u00e1zka v\u00fd\u0161ky a preto hovoria: &#8222;Vysok\u00fd pes (suka) sa m\u00f4\u017ee v chove uplatni\u0165, ale mus\u00ed kry\u0165 n\u00edzke suky (psy).&#8220;<\/p>\n<p class=\"western\" align=\"justify\">Z\u00e1sadne ako vysok\u00fd, tak aj n\u00edzky jedinec sa mus\u00ed p\u00e1ri\u0165 s jedincom zo \u0161tandardnou v\u00fd\u0161kou, ktor\u00fa m\u00e1 v\u0161ak vo svojom genofonde (g\u00e9noch &#8211; vloh\u00e1ch) po predkoch \u00faplne upevnen\u00fa, t.j. v\u0161etci jeho predkovia boli \u0161tandardne vysok\u00ed.<\/p>\n<p class=\"western\" align=\"justify\">Na rovnakom princ\u00edpe sa zlep\u0161uj\u00fa aj ostatn\u00e9 chyby, t.j. kravsk\u00fd postoj sa nevyrovn\u00e1 sudovit\u00fdm postojom, nadmern\u00e1 srs\u0165 slab\u00fdm osrsten\u00edm, agres\u00edvna povaha bojazlivou povahou at\u010f.<\/p>\n<p class=\"western\" align=\"justify\">Z uveden\u00e9ho vypl\u00fdva, \u017ee je ve\u013ekou za\u010diato\u010dn\u00edckou chybou zak\u00fapi\u0165 pre svoju suku ps\u00edka &#8211; \u0161te\u0148a s t\u00fdm, \u017ee ho budem pou\u017e\u00edva\u0165 pre svoj chov. Pri mladom zvierati nemo\u017eno pozna\u0165 jeho exteri\u00e9r, povahu a pracovn\u00e9 vlohy a teda vhodnos\u0165 do chovu. Z\u00a0tohto d\u00f4vodu dobr\u00fd chovate\u013e nedb\u00e1 precestova\u0165 aj v\u00e4\u010d\u0161iu vzdialenos\u0165 za psom, ktor\u00fd sa najlep\u0161ie hod\u00ed k\u00a0jeho su\u010dke.<\/p>\n<p class=\"western\" align=\"justify\"><span style=\"color: #0070c0;\"><span style=\"font-size: large;\"><b>Prik\u00e1zanie tretie<\/b><\/span><\/span><\/p>\n<p class=\"western\" align=\"justify\"><b>\u0160te\u0148a &#8211; vrh sa rod\u00ed najsk\u00f4r na papieri, alebo odchovy s\u00fa tak v\u00fdborn\u00e9 a kvalitn\u00e9, ak\u00fd je ich najslab\u0161\u00ed \u010dl\u00e1nok.<\/b><\/p>\n<p class=\"western\" align=\"justify\">Ak chceme ma\u0165 ako chovate\u013e \u00faspechy, mus\u00edme dobre pozna\u0165 svoje suky a predkov psa, s ktor\u00fdm chceme kry\u0165 (perfektn\u00e1 znalos\u0165 rodokme\u0148a je samozrejmos\u0165ou). Z tohto d\u00f4vodu je treba by\u0165 o chovn\u00fdch jedincoch (a nie len u n\u00e1s) dobre informovan\u00fd, a to vy\u017eaduje st\u00e1le sledovanie odbornej literat\u00fary a n\u00e1v\u0161tevy kvalitn\u00fdch v\u00fdstav.<\/p>\n<p class=\"western\" align=\"justify\">Varujem pred pou\u017eit\u00edm jedincov s\u00edce exteri\u00e9rovo bezchybn\u00fdch, ktor\u00ed v\u0161ak nepoch\u00e1dzaj\u00fa z kvalitn\u00fdch predkov. Pou\u017eitie tak\u00e9hoto \u0161ampi\u00f3na prin\u00e1\u0161a sklamanie, lebo sa jeho kvalitat\u00edvne znaky v\u00e4\u010d\u0161inou nepren\u00e1\u0161aj\u00fa na potomstvo. Je lep\u0161ie pou\u017ei\u0165 jedinca s kvalitn\u00fdm rodokme\u0148om (aj ke\u010f nem\u00e1 \u201eto\u013eko titulov\u201c), ktor\u00fd sa v\u0161ak pre na\u0161e chovate\u013esk\u00e9 ciele v\u00fdborne hod\u00ed. Pes, ktor\u00fd m\u00e1 kvalitn\u00e9 g\u00e9ny a dobre ich pren\u00e1\u0161a na potomstvo nemus\u00ed by\u0165 v\u017edy exteri\u00e9rovo a\u00a0pracovne perfektn\u00fd. Exteri\u00e9r, ale najm\u00e4 pracovn\u00fd v\u00fdkon psa s\u00fa taktie\u017e z\u00e1visl\u00e9 na majite\u013eovi psa a\u00a0faktorov prostredia, kde pes \u017eije. To znamen\u00e1, \u017ee aj pes s\u00a0perfektn\u00fdmi vlohami (g\u00e9nmi) m\u00f4\u017ee by\u0165 v\u00a0zl\u00fdch ruk\u00e1ch len podpriemern\u00fdm psom, zato bude v\u0161ak svoje v\u00fdborn\u00e9 g\u00e9ny pren\u00e1\u0161a\u0165 spo\u013eahlivo na potomstvo.<\/p>\n<p class=\"western\" align=\"justify\"><span style=\"color: #0070c0;\"><span style=\"font-size: large;\"><b>Prik\u00e1zanie \u0161tvrt\u00e9<\/b><\/span><\/span><\/p>\n<p class=\"western\" align=\"justify\"><b>M\u00f4\u017ee\u0161 oklama\u0165 nadriaden\u00e9ho, zradi\u0165 priate\u013ea a podvies\u0165 man\u017eela (man\u017eelku), ale chov sa oklama\u0165, zradi\u0165, \u010di podvies\u0165 ned\u00e1.<\/b><\/p>\n<p class=\"western\" align=\"justify\">V tomto bode m\u00e1m na mysli predov\u0161etk\u00fdm injek\u010dn\u00e9 lie\u010denie kryptorchoidov, chirurgick\u00e9 \u00fapravy vie\u010dok, pr\u00edpadne r\u00f4zne veterin\u00e1rne potvrdenia \u010dasto podlo\u017een\u00fdch aj r\u00f6ntgenov\u00fdm sn\u00edmkom (kde je zaisten\u00e1 identita sn\u00edmku a jedinca ?) o &#8222;strate zuba v bitke&#8220; a pod.<\/p>\n<p class=\"western\" align=\"justify\">Pou\u017eitie jedincov v chove, u ktor\u00fdch bol preveden\u00fd z\u00e1krok, na ktor\u00fd sa na v\u00fdstave nepr\u00edde alebo nem\u00f4\u017ee pr\u00eds\u0165, sa celkom ur\u010dite uk\u00e1\u017ee na potomstve. \u017de sa to tak st\u00e1le rob\u00ed, dokazuj\u00fa dedi\u010dn\u00e9 chyby, ktor\u00fdch sa nem\u00f4\u017eeme v chove zbavi\u0165.<\/p>\n<p class=\"western\" align=\"justify\"><span style=\"color: #0070c0;\"><span style=\"font-size: large;\"><b>Prik\u00e1zanie piate<\/b><\/span><\/span><\/p>\n<p class=\"western\" align=\"justify\"><b>Vhodn\u00fd pes na krytie sa h\u013ead\u00e1 na jarn\u00fdch sk\u00fa\u0161kach (sk\u00fa\u0161ky vl\u00f4h) a nie na memori\u00e1loch.<\/b><\/p>\n<p class=\"western\" align=\"justify\">Vieme, \u017ee sa dedia iba vlohy (exteri\u00e9rov\u00e9, pracovn\u00e9, povahov\u00e9) a nikdy vlastnosti z\u00edskan\u00e9 (nau\u010den\u00e9 v\u00fdcvikom a pod.). Vlohy sa daj\u00fa najlep\u0161ie pozna\u0165 na sk\u00fa\u0161kach vl\u00f4h, kde nie s\u00fa ovplyvnen\u00e9 v\u00fdcvikom. Na sk\u00fa\u0161kach vy\u0161\u0161ieho typu vplyvom \u010dasto i drastick\u00fdch met\u00f3d s\u00fa u\u017e vlohy silne ovplyvnen\u00e9. Memori\u00e1ly s\u00fa z\u00e1le\u017eitos\u0165ou preva\u017ene v\u00fdcvikovou. T\u00fdm ale nechcem tvrdi\u0165, \u017ee na memori\u00e1l sa dostane pes bez vl\u00f4h. Pre chov je v\u0161ak cennej\u0161\u00ed pes, ktor\u00fd so svojou mlados\u0165ou na jarn\u00fdch sk\u00fa\u0161kach preuk\u00e1\u017ee bez dlhodob\u00e9ho v\u00fdcviku cenn\u00e9 vlohy, typick\u00e9 pre ur\u010dit\u00e9 plemeno. Na rovnakom princ\u00edpe sa \u00faspe\u0161ne uskuto\u010d\u0148uje po st\u00e1ro\u010dia v\u00fdber kon\u00ed do chovu. Rozhoduj\u00faci je v\u00fdkon na rovinov\u00fdch dostihoch a nie pri prek\u00e1\u017ekov\u00fdch dostihoch.<\/p>\n<p class=\"western\" align=\"justify\"><span style=\"color: #0070c0;\"><span style=\"font-size: large;\"><b>Prik\u00e1zanie \u0161ieste<\/b><\/span><\/span><\/p>\n<p class=\"western\" align=\"justify\"><b>Pr\u00edbuzensk\u00e1 plemenitba? Len s ve\u013ekou rozvahou!<\/b><\/p>\n<p class=\"western\" align=\"justify\">Na posilnenie plemenn\u00fdch znakov bola \u010dasto prehnane pou\u017e\u00edvan\u00e1 pr\u00edbuzensk\u00e1 plemenitba v r\u00f4znom stupni, ktor\u00e1 mala za n\u00e1sledok zn\u00ed\u017eenie genetickej variability, inbr\u00eddingov\u00fa depresiu a s \u0148ou s\u00favisiacu zn\u00ed\u017een\u00fa \u017eivotaschopnos\u0165 potomstva a zv\u00fd\u0161enie genetick\u00fdch chor\u00f4b a defektov. Presadzoval sa chov postaven\u00fd na \u0161ampi\u00f3noch a e\u0161te dnes s\u00fa st\u00e1le siln\u00e9 tendencie kry\u0165 \u0161ampi\u00f3nmi \u010do najv\u00e4\u010d\u0161\u00ed po\u010det su\u010diek. Nie je to pr\u00edli\u0161 \u0161\u0165astn\u00e1 met\u00f3da, preto\u017ee vedie k vysok\u00e9mu po\u010dtu vz\u00e1jomne pr\u00edbuzn\u00fdch jedincov v popul\u00e1cii, zni\u017euje genetick\u00fa variabilitu (r\u00f4znorodos\u0165) a oslabuje cel\u00e9 plemeno.<\/p>\n<p class=\"western\" align=\"justify\">\u0160ampi\u00f3ni s\u00fa nutn\u00ed na propag\u00e1ciu plemena. Pre bud\u00facnos\u0165 plemena, jeho zachovanie v dostato\u010dnej genetickej variabilite, \u017eivotaschopnosti a v dobrom genetickom stave, je v\u0161ak cenn\u00fd ka\u017ed\u00fd, hoci len priemern\u00fd jedinec.<\/p>\n<p class=\"western\" align=\"justify\">Iba geneticky variabiln\u00fd \u010distokrvn\u00fd pes, pri chove ktor\u00e9ho je bran\u00e1 do \u00favahy dostato\u010dn\u00e1 genetick\u00e1 pestros\u0165 a selekcia s oh\u013eadom na zdravie a povahu a ktor\u00fd sa v\u010faka tomu dok\u00e1\u017ee prisp\u00f4sobi\u0165 civilizovan\u00e9mu \u013eudsk\u00e9mu prostrediu, predstavuje \u010fal\u0161iu perspekt\u00edvu chovu.<\/p>\n<p class=\"western\" align=\"justify\">Bohu\u017eia\u013e, s\u00fa\u010dasn\u00fd syst\u00e9m chovu psov je pr\u00edbuzenskou plemenitbou nadmerne za\u0165a\u017een\u00fd a sp\u00f4soby chovu zni\u017euj\u00fa genetick\u00fa pestros\u0165. Preto je nutn\u00e9 nahradi\u0165 doteraj\u0161ie met\u00f3dy, ozna\u010dovan\u00e9 ako &#8222;\u010dist\u00e1 dedi\u010dnos\u0165&#8220; alebo &#8222;vysok\u00fd chov&#8220;, pl\u00e1novan\u00fdm chovom na heterozygotnos\u0165, aby boli vyu\u017eit\u00e9 ve\u013ek\u00e9 v\u00fdhody zdravia, prisp\u00f4sobivosti a v\u00fdkonu.<\/p>\n<p class=\"western\" align=\"justify\"><span style=\"color: #0070c0;\"><span style=\"font-size: large;\"><b>Prik\u00e1zanie siedme<\/b><\/span><\/span><\/p>\n<p class=\"western\" align=\"justify\"><b>Nebojte sa star\u00fdch psov, ale s rozvahou pou\u017e\u00edvajte mlad\u00e9 a nepreveren\u00e9 psy.<\/b><\/p>\n<p class=\"western\" align=\"justify\">Je chovate\u013esky chybn\u00e9 vyradi\u0165 kvalitn\u00e9ho psa z chovu len pre jeho vek. Naopak star\u00fd, overen\u00fd, osved\u010den\u00fd pes, ktor\u00e9ho potomstvo (prvej a \u010dasto aj druhej gener\u00e1cie) bolo detailne po v\u0161etk\u00fdch str\u00e1nkach preveren\u00e9, m\u00e1 v chove p\u00f4sobi\u0165 tak dlho, pokia\u013e kryje. Iba schopnos\u0165 kry\u0165 je limituj\u00facim faktorom pri kvalitnom krycom psovi, nie jeho vek. Naopak mlad\u00fd pes, pri ktorom nie s\u00fa e\u0161te dostato\u010dne preveren\u00e9 odchovy, sa m\u00e1 do 5 rokov pou\u017e\u00edva\u0165 v chove uv\u00e1\u017eene a s rozmyslom. Chovatelia kon\u00ed t\u00fato chovate\u013esk\u00fa z\u00e1sadu uplat\u0148uj\u00fa ve\u013emi \u00faspe\u0161ne viac ako 300 rokov, av\u0161ak kynol\u00f3gia ju neberie ku svojej \u0161kode v\u00f4bec na zrete\u013e.<\/p>\n<p class=\"western\" align=\"justify\">Vrcholom chovate\u013eskej \u010dinnosti je \u00faspech v s\u00fa\u0165a\u017ei plemenn\u00edkov, u n\u00e1s bohu\u017eia\u013e ich v\u00fdznam nie je dostato\u010dne zd\u00f4raz\u0148ovan\u00fd.<\/p>\n<p class=\"western\" align=\"justify\"><span style=\"color: #0070c0;\"><span style=\"font-size: large;\"><b>Prik\u00e1zanie \u00f4sme<\/b><\/span><\/span><\/p>\n<p class=\"western\" align=\"justify\"><b>Ak je vo vrhu jedno \u0161te\u0148a v\u00fdborn\u00e9, ide o v\u00fdborn\u00fd vrh. Ak s\u00fa vo vrhu dve exteri\u00e9rovo a pracovne v\u00fdborn\u00e9 \u0161te\u0148at\u00e1, vrh je vynikaj\u00faci.\u00a0<\/b><\/p>\n<p class=\"western\" align=\"justify\">Na\u0161ou snahou a cie\u013eom mus\u00ed by\u0165, aby potomkovia boli exteri\u00e9rovo a pracovne lep\u0161\u00ed ne\u017e rodi\u010dovsk\u00fd p\u00e1r. Chovatelia s\u00fa \u010dasto nespokojn\u00ed a chc\u00fa odporu\u010di\u0165 tak\u00e9ho psa, aby v\u0161etky \u0161te\u0148at\u00e1 boli v\u00fdborn\u00e9 po v\u0161etk\u00fdch str\u00e1nkach.<\/p>\n<p class=\"western\" align=\"justify\">Ak v\u0161ak uva\u017eujeme re\u00e1lne a perspekt\u00edvne, m\u00e1 suka za svoj \u017eivot priemerne 3 &#8211; 4 vrhy a ak m\u00e1 v ka\u017edom vrhu v\u00fdborn\u00e9ho jedinca, d\u00e1 za svoj \u017eivot pribli\u017ene 3 &#8211; 4 kvalitn\u00e9 jedince. V \u010fal\u0161\u00edch gener\u00e1ci\u00e1ch pri rovnakej z\u00e1sade je po tejto suke u\u017e asi 9 &#8211; 12 v\u00fdborn\u00fdch potomkov a to je iba za 10 rokov. Potom mus\u00edme kon\u0161tatova\u0165, \u017ee t\u00e1to suka bola v chove ve\u013emi \u00faspe\u0161n\u00e1.<\/p>\n<p class=\"western\" align=\"justify\"><span style=\"color: #0070c0;\"><span style=\"font-size: large;\"><b>Prik\u00e1zanie deviate<\/b><\/span><\/span><\/p>\n<p class=\"western\" align=\"justify\"><b>Ka\u017ed\u00e1 minca m\u00e1 rub aj l\u00edc, ka\u017ed\u00fd \u010dlovek dve tv\u00e1re, ka\u017ed\u00e1 palica dva konce a ka\u017ed\u00fd pes genotyp a fenotyp &#8211; alebo dom sa stavia od z\u00e1kladov.<\/b><\/p>\n<p class=\"western\" align=\"justify\">Zjednodu\u0161ene povedan\u00e9 fenotyp je to, \u010do vid\u00edme na v\u00fdstave a genotyp (vlohy) pred\u00e1vaj\u00fa potomkom pes a suka vo vaj\u00ed\u010dku a spermii ka\u017ed\u00fd polovicu. Fenotyp je v\u00fdsledok dedi\u010dn\u00e9ho zalo\u017eenia (genotypu) a podmienok prostredia, pri\u010dom podiel prostredia z\u00e1vis\u00ed na koeficiente dedi\u010dnosti. Preto\u017ee genotyp nie je vidie\u0165, usudzujeme jeho kvalitu iba na z\u00e1klade znalost\u00ed fenotypu a rodokme\u0148a. Chovatelia kon\u00ed \u010dasto hovoria: &#8222;Rodokme\u0148 nebeh\u00e1, ale rob\u00ed kone.&#8220;. Preto\u017ee pes je ko\u0148om chudobn\u00fdch, m\u00f4\u017eeme op\u00e4\u0165 citova\u0165 Angli\u010danov, ktor\u00ed hovoria: &#8222;Polovica kr\u00e1sy prech\u00e1dza \u017eal\u00fadkom.&#8220;, t.j. z jednej polovice z\u00e1vis\u00ed kr\u00e1sa (fenotyp) na dedi\u010dnom zalo\u017een\u00ed a z druhej polovice na v\u00fd\u017eive.<\/p>\n<p class=\"western\" align=\"justify\"><span style=\"color: #0070c0;\"><span style=\"font-size: large;\"><b>Prik\u00e1zanie desiate<\/b><\/span><\/span><\/p>\n<p class=\"western\" align=\"justify\"><b>Pes za ni\u010d nem\u00f4\u017ee a pod\u013ea toho sa k nemu spr\u00e1vajte.<\/b><\/p>\n<p class=\"western\" align=\"justify\">Ak ste dodr\u017eali vy\u0161\u0161ie uveden\u00e9 chovate\u013esk\u00e9 z\u00e1sady, je predpoklad, \u017ee odchov bude \u00faspe\u0161n\u00fd a kvalitn\u00fd. V\u0161etko nemus\u00ed v\u0161ak dopadn\u00fa\u0165 tak, ako ste si perom na papieri narysovali.<\/p>\n<p class=\"western\" align=\"justify\">Majte svoje odchovy aj tak radi, pre\u0161tuduje si op\u00e4\u0165 desatoro, niekde sa stala chyba, v \u010fal\u0161ej gener\u00e1cii sa d\u00e1 v\u0161eli\u010do napravi\u0165. V\u0161ak v tom je chovate\u013estvo tak kr\u00e1sne a pr\u00ed\u0165a\u017eliv\u00e9. Chybu h\u013eadajte v sebe a nie v psovi. Pes nem\u00f4\u017ee za to, \u017ee sa va\u0161e prianie nesplnilo. Potrebuje va\u0161u l\u00e1sku a priate\u013estvo, ako by bol \u0161ampi\u00f3n.<\/p>\n<p class=\"western\" align=\"justify\">Mus\u00edte ma\u0165 st\u00e1le na mysli, \u017ee najlep\u0161\u00ed priate\u013e, ktor\u00e9ho m\u00e1te na svete, sa m\u00f4\u017ee zmeni\u0165 a sta\u0165 sa va\u0161im nepriate\u013eom. Va\u0161i synovia a dc\u00e9ry, ktor\u00e9 ste s l\u00e1skou vychovali, m\u00f4\u017eu t\u00fato l\u00e1sku splati\u0165 nev\u010fakom. T\u00ed, ktor\u00ed s\u00fa v\u00e1m najbli\u017e\u0161\u00ed a s\u00fa v\u00e1\u0161mu srdcu najdrah\u0161\u00ed a na ktor\u00fdch sa s d\u00f4verou spoliehate, v\u00e1s m\u00f4\u017eu sklama\u0165. Jedin\u00fdm naozaj nezi\u0161tn\u00fdm priate\u013eom, ktor\u00e9ho na tomto svete plnom z\u00e1visti m\u00e1te, jedin\u00fdm, kto v\u00e1s nikdy neopust\u00ed a nikdy sa nestane va\u0161im zradcom, je v\u00e1\u0161 pes.<\/p>\n<p class=\"western\" align=\"justify\"><span style=\"font-size: small;\"><b>Pou\u017eit\u00e1 literat\u00fara:<\/b><\/span><\/p>\n<p class=\"western\" align=\"justify\"><span style=\"font-size: small;\">Spravodaj SRK 1\/2004<\/span><\/p>\n<p class=\"western\" align=\"justify\"><a href=\"http:\/\/www.slovak-retriever.org\/\"><span style=\"font-size: small;\">http:\/\/www.slovak-retriever.org<\/span><\/a><\/p>\n<p class=\"western\" align=\"justify\"><span style=\"font-size: small;\">Spracoval: Jozef Vakula<\/span><\/p>\n","protected":false},"excerpt":{"rendered":"<p>Dlhodobo osved\u010den\u00e9 chovate\u013esk\u00e9 prik\u00e1zania pre chovate\u013eov. Prik\u00e1zanie prv\u00e9 a\u017e siedme plat\u00ed pred pl\u00e1novan\u00fdm kryt\u00edm, \u00f4sme a\u017e desiate pri vyhodnocovan\u00ed krytia. Prik\u00e1zanie prv\u00e9 P\u00e1ri\u0165 z\u00e1sadne jedince bez spolo\u010dn\u00fdch ch\u00fdb (exteri\u00e9rov\u00fdch, pracovn\u00fdch [&hellip;]<\/p>\n","protected":false},"author":1,"featured_media":0,"parent":32734,"menu_order":0,"comment_status":"closed","ping_status":"closed","template":"","meta":{"ngg_post_thumbnail":0,"ocean_post_layout":"","ocean_both_sidebars_style":"","ocean_both_sidebars_content_width":0,"ocean_both_sidebars_sidebars_width":0,"ocean_sidebar":"0","ocean_second_sidebar":"0","ocean_disable_margins":"enable","ocean_add_body_class":"","ocean_shortcode_before_top_bar":"","ocean_shortcode_after_top_bar":"","ocean_shortcode_before_header":"","ocean_shortcode_after_header":"","ocean_has_shortcode":"","ocean_shortcode_after_title":"","ocean_shortcode_before_footer_widgets":"","ocean_shortcode_after_footer_widgets":"","ocean_shortcode_before_footer_bottom":"","ocean_shortcode_after_footer_bottom":"","ocean_display_top_bar":"default","ocean_display_header":"default","ocean_header_style":"","ocean_center_header_left_menu":"0","ocean_custom_header_template":"0","ocean_custom_logo":0,"ocean_custom_retina_logo":0,"ocean_custom_logo_max_width":0,"ocean_custom_logo_tablet_max_width":0,"ocean_custom_logo_mobile_max_width":0,"ocean_custom_logo_max_height":0,"ocean_custom_logo_tablet_max_height":0,"ocean_custom_logo_mobile_max_height":0,"ocean_header_custom_menu":"0","ocean_menu_typo_font_family":"0","ocean_menu_typo_font_subset":"","ocean_menu_typo_font_size":0,"ocean_menu_typo_font_size_tablet":0,"ocean_menu_typo_font_size_mobile":0,"ocean_menu_typo_font_size_unit":"px","ocean_menu_typo_font_weight":"","ocean_menu_typo_font_weight_tablet":"","ocean_menu_typo_font_weight_mobile":"","ocean_menu_typo_transform":"","ocean_menu_typo_transform_tablet":"","ocean_menu_typo_transform_mobile":"","ocean_menu_typo_line_height":0,"ocean_menu_typo_line_height_tablet":0,"ocean_menu_typo_line_height_mobile":0,"ocean_menu_typo_line_height_unit":"","ocean_menu_typo_spacing":0,"ocean_menu_typo_spacing_tablet":0,"ocean_menu_typo_spacing_mobile":0,"ocean_menu_typo_spacing_unit":"","ocean_menu_link_color":"","ocean_menu_link_color_hover":"","ocean_menu_link_color_active":"","ocean_menu_link_background":"","ocean_menu_link_hover_background":"","ocean_menu_link_active_background":"","ocean_menu_social_links_bg":"","ocean_menu_social_hover_links_bg":"","ocean_menu_social_links_color":"","ocean_menu_social_hover_links_color":"","ocean_disable_title":"default","ocean_disable_heading":"default","ocean_post_title":"","ocean_post_subheading":"","ocean_post_title_style":"","ocean_post_title_background_color":"","ocean_post_title_background":0,"ocean_post_title_bg_image_position":"","ocean_post_title_bg_image_attachment":"","ocean_post_title_bg_image_repeat":"","ocean_post_title_bg_image_size":"","ocean_post_title_height":0,"ocean_post_title_bg_overlay":0.5,"ocean_post_title_bg_overlay_color":"","ocean_disable_breadcrumbs":"default","ocean_breadcrumbs_color":"","ocean_breadcrumbs_separator_color":"","ocean_breadcrumbs_links_color":"","ocean_breadcrumbs_links_hover_color":"","ocean_display_footer_widgets":"default","ocean_display_footer_bottom":"default","ocean_custom_footer_template":"0","footnotes":""},"class_list":["post-32765","page","type-page","status-publish","hentry","entry"],"_links":{"self":[{"href":"https:\/\/slovensky-kopov.sk\/index.php?rest_route=\/wp\/v2\/pages\/32765","targetHints":{"allow":["GET"]}}],"collection":[{"href":"https:\/\/slovensky-kopov.sk\/index.php?rest_route=\/wp\/v2\/pages"}],"about":[{"href":"https:\/\/slovensky-kopov.sk\/index.php?rest_route=\/wp\/v2\/types\/page"}],"author":[{"embeddable":true,"href":"https:\/\/slovensky-kopov.sk\/index.php?rest_route=\/wp\/v2\/users\/1"}],"replies":[{"embeddable":true,"href":"https:\/\/slovensky-kopov.sk\/index.php?rest_route=%2Fwp%2Fv2%2Fcomments&post=32765"}],"version-history":[{"count":0,"href":"https:\/\/slovensky-kopov.sk\/index.php?rest_route=\/wp\/v2\/pages\/32765\/revisions"}],"up":[{"embeddable":true,"href":"https:\/\/slovensky-kopov.sk\/index.php?rest_route=\/wp\/v2\/pages\/32734"}],"wp:attachment":[{"href":"https:\/\/slovensky-kopov.sk\/index.php?rest_route=%2Fwp%2Fv2%2Fmedia&parent=32765"}],"curies":[{"name":"wp","href":"https:\/\/api.w.org\/{rel}","templated":true}]}}