{"id":33309,"date":"2020-11-04T21:02:58","date_gmt":"2020-11-04T20:02:58","guid":{"rendered":"https:\/\/novy.slovensky-kopov.sk\/?page_id=33309"},"modified":"2020-11-04T21:29:50","modified_gmt":"2020-11-04T20:29:50","slug":"mar","status":"publish","type":"page","link":"https:\/\/slovensky-kopov.sk\/?page_id=33309","title":{"rendered":"MAR"},"content":{"rendered":"<p><strong>\u0160TAT\u00daT MEMORI\u00c1LU ANDREJA REN\u010cA<\/strong><br \/>\n\u201eMemori\u00e1l Andreja Ren\u010da\u201c (MAR) je vrcholn\u00fdm podujat\u00edm slovensk\u00fdch kopovov na Slovensku. Organizuje ho Klub chovate\u013eov slovensk\u00fdch kopovov (KCHSK) ako medzin\u00e1rodn\u00e9 alebo n\u00e1rodn\u00e9 sk\u00fa\u0161ky, spravidla ka\u017ed\u00fd druh\u00fd rok pod z\u00e1\u0161titou Slovensk\u00e9ho po\u013eovn\u00edckeho zv\u00e4zu, Slovenskej kynologickej jednoty a Medzin\u00e1rodnej kynologickej jednoty FCI na po\u010des\u0165 najv\u00fdznamnej\u0161ieho zakladate\u013ea tohto plemena, p\u00e1na Andreja Ren\u010da.<br \/>\nNa memori\u00e1l mo\u017eno prihl\u00e1si\u0165 slovensk\u00e9 kopovy, ktor\u00e9 s\u00fa zap\u00edsan\u00e9 v plemenn\u00fdch knih\u00e1ch FCI a dosiahli najnesk\u00f4r v de\u0148 konania memori\u00e1lu vek tri roky. \u0160tartova\u0165 m\u00f4\u017ee maxim\u00e1lne 12 kopovov, z toho maxim\u00e1lne \u0161es\u0165 zo Slovenska a \u0161es\u0165 zo zahrani\u010dia. Kopovy zo Slovenska musia ma\u0165 absolvovan\u00e9 sk\u00fa\u0161ky duri\u010dov najmenej v II. cene. Psy zahrani\u010dn\u00fdch \u00fa\u010dastn\u00edkov musia ma\u0165 absolvovan\u00e9 sk\u00fa\u0161ky z v\u00fdkonu platn\u00e9 v krajine, ktor\u00fa zastupuj\u00fa.<br \/>\nPrihl\u00e1\u0161ky na memori\u00e1l prij\u00edma KCHSK. Propag\u00e1ciu podujatia a v\u00fdber jedincov na memori\u00e1l rob\u00ed KCHSK. Pri v\u00fdbere jedincov maj\u00fa prednos\u0165 chovn\u00e9 jedince pred nechovn\u00fdmi a tie, ktor\u00e9 absolvovali sk\u00fa\u0161ky duri\u010dov v I. cene. Na memori\u00e1li sa m\u00f4\u017ee ka\u017ed\u00fd jedinec z\u00fa\u010dastni\u0165 maxim\u00e1lne tri kr\u00e1t. V pr\u00edpade prihl\u00e1senia sa ni\u017e\u0161ieho po\u010dtu jedincov zo zahrani\u010dia m\u00f4\u017ee sa doplni\u0165 po\u010det o jedincov zo Slovenska. Na memori\u00e1li sa sk\u00fa\u0161a pod\u013ea platn\u00e9ho sk\u00fa\u0161obn\u00e9ho poriadku pre sk\u00fa\u0161ky duri\u010dov tak, aby v\u0161etky jedince mali vytvoren\u00e9 rovnak\u00e9 podmienky na predvedenie svojich schopnost\u00ed.<br \/>\nDiscipl\u00edna \u201eDoh\u013ead\u00e1vka&#8230;\u201c sa sk\u00fa\u0161a v\u017edy na umelo zalo\u017eenej stope, discipl\u00edna \u201eOdvaha&#8230;\u201c sa sk\u00fa\u0161a v\u017edy v divia\u010dom opl\u00f4tku.<br \/>\nRozhodcovsk\u00fd zbor deleguje SPZ na n\u00e1vrh KCHSK.<br \/>\nKopov, ktor\u00fd dosiahol najvy\u0161\u0161\u00ed po\u010det bodov v I. cene z\u00edska titul \u201eV\u00ed\u0165az MAR\u201c a \u010dakate\u013estvo na medzin\u00e1rodn\u00e9ho \u0161ampi\u00f3na pr\u00e1ce CACIT, ak je podujatie organizovan\u00e9 ako medzin\u00e1rodn\u00e9, alebo \u010dakate\u013estvo na \u0161ampi\u00f3na pr\u00e1ce CACT SR, ak je podujatie organizovan\u00e9 ako n\u00e1rodn\u00e9. Spolu s titulom CACIT sa ude\u013euje i titul CACT SR. Druh\u00fd v porad\u00ed s umiestnen\u00edm v I. cene z\u00edskava titul Res. CACIT alebo Res. CACT SR. Z\u00e1rove\u0148 je mo\u017en\u00e9 udeli\u0165 i titul \u201edivia\u010diar\u201c. V pr\u00edpade rovnak\u00e9ho v\u00fdsledku jedincov sa poradie stanov\u00ed v zmysle sk\u00fa\u0161obn\u00e9ho poriadku.<\/p>\n","protected":false},"excerpt":{"rendered":"<p>\u0160TAT\u00daT MEMORI\u00c1LU ANDREJA REN\u010cA \u201eMemori\u00e1l Andreja Ren\u010da\u201c (MAR) je vrcholn\u00fdm podujat\u00edm slovensk\u00fdch kopovov na Slovensku. Organizuje ho Klub chovate\u013eov slovensk\u00fdch kopovov (KCHSK) ako medzin\u00e1rodn\u00e9 alebo n\u00e1rodn\u00e9 sk\u00fa\u0161ky, spravidla ka\u017ed\u00fd druh\u00fd [&hellip;]<\/p>\n","protected":false},"author":1,"featured_media":0,"parent":0,"menu_order":0,"comment_status":"closed","ping_status":"closed","template":"","meta":{"ngg_post_thumbnail":0,"ocean_post_layout":"","ocean_both_sidebars_style":"","ocean_both_sidebars_content_width":0,"ocean_both_sidebars_sidebars_width":0,"ocean_sidebar":"0","ocean_second_sidebar":"0","ocean_disable_margins":"enable","ocean_add_body_class":"","ocean_shortcode_before_top_bar":"","ocean_shortcode_after_top_bar":"","ocean_shortcode_before_header":"","ocean_shortcode_after_header":"","ocean_has_shortcode":"","ocean_shortcode_after_title":"","ocean_shortcode_before_footer_widgets":"","ocean_shortcode_after_footer_widgets":"","ocean_shortcode_before_footer_bottom":"","ocean_shortcode_after_footer_bottom":"","ocean_display_top_bar":"default","ocean_display_header":"default","ocean_header_style":"","ocean_center_header_left_menu":"0","ocean_custom_header_template":"0","ocean_custom_logo":0,"ocean_custom_retina_logo":0,"ocean_custom_logo_max_width":0,"ocean_custom_logo_tablet_max_width":0,"ocean_custom_logo_mobile_max_width":0,"ocean_custom_logo_max_height":0,"ocean_custom_logo_tablet_max_height":0,"ocean_custom_logo_mobile_max_height":0,"ocean_header_custom_menu":"0","ocean_menu_typo_font_family":"0","ocean_menu_typo_font_subset":"","ocean_menu_typo_font_size":0,"ocean_menu_typo_font_size_tablet":0,"ocean_menu_typo_font_size_mobile":0,"ocean_menu_typo_font_size_unit":"px","ocean_menu_typo_font_weight":"","ocean_menu_typo_font_weight_tablet":"","ocean_menu_typo_font_weight_mobile":"","ocean_menu_typo_transform":"","ocean_menu_typo_transform_tablet":"","ocean_menu_typo_transform_mobile":"","ocean_menu_typo_line_height":0,"ocean_menu_typo_line_height_tablet":0,"ocean_menu_typo_line_height_mobile":0,"ocean_menu_typo_line_height_unit":"","ocean_menu_typo_spacing":0,"ocean_menu_typo_spacing_tablet":0,"ocean_menu_typo_spacing_mobile":0,"ocean_menu_typo_spacing_unit":"","ocean_menu_link_color":"","ocean_menu_link_color_hover":"","ocean_menu_link_color_active":"","ocean_menu_link_background":"","ocean_menu_link_hover_background":"","ocean_menu_link_active_background":"","ocean_menu_social_links_bg":"","ocean_menu_social_hover_links_bg":"","ocean_menu_social_links_color":"","ocean_menu_social_hover_links_color":"","ocean_disable_title":"default","ocean_disable_heading":"default","ocean_post_title":"","ocean_post_subheading":"","ocean_post_title_style":"background-image","ocean_post_title_background_color":"","ocean_post_title_background":33332,"ocean_post_title_bg_image_position":"center center","ocean_post_title_bg_image_attachment":"","ocean_post_title_bg_image_repeat":"","ocean_post_title_bg_image_size":"","ocean_post_title_height":0,"ocean_post_title_bg_overlay":0.5,"ocean_post_title_bg_overlay_color":"","ocean_disable_breadcrumbs":"default","ocean_breadcrumbs_color":"","ocean_breadcrumbs_separator_color":"","ocean_breadcrumbs_links_color":"","ocean_breadcrumbs_links_hover_color":"","ocean_display_footer_widgets":"default","ocean_display_footer_bottom":"default","ocean_custom_footer_template":"0","footnotes":""},"class_list":["post-33309","page","type-page","status-publish","hentry","entry"],"_links":{"self":[{"href":"https:\/\/slovensky-kopov.sk\/index.php?rest_route=\/wp\/v2\/pages\/33309","targetHints":{"allow":["GET"]}}],"collection":[{"href":"https:\/\/slovensky-kopov.sk\/index.php?rest_route=\/wp\/v2\/pages"}],"about":[{"href":"https:\/\/slovensky-kopov.sk\/index.php?rest_route=\/wp\/v2\/types\/page"}],"author":[{"embeddable":true,"href":"https:\/\/slovensky-kopov.sk\/index.php?rest_route=\/wp\/v2\/users\/1"}],"replies":[{"embeddable":true,"href":"https:\/\/slovensky-kopov.sk\/index.php?rest_route=%2Fwp%2Fv2%2Fcomments&post=33309"}],"version-history":[{"count":0,"href":"https:\/\/slovensky-kopov.sk\/index.php?rest_route=\/wp\/v2\/pages\/33309\/revisions"}],"wp:attachment":[{"href":"https:\/\/slovensky-kopov.sk\/index.php?rest_route=%2Fwp%2Fv2%2Fmedia&parent=33309"}],"curies":[{"name":"wp","href":"https:\/\/api.w.org\/{rel}","templated":true}]}}