{"id":33315,"date":"2020-11-04T21:06:01","date_gmt":"2020-11-04T20:06:01","guid":{"rendered":"https:\/\/novy.slovensky-kopov.sk\/?page_id=33315"},"modified":"2024-11-23T00:48:47","modified_gmt":"2024-11-22T23:48:47","slug":"vitazi-mar","status":"publish","type":"page","link":"https:\/\/slovensky-kopov.sk\/?page_id=33315","title":{"rendered":"V\u00ed\u0165azi MAR"},"content":{"rendered":"\t\t<div data-elementor-type=\"wp-page\" data-elementor-id=\"33315\" class=\"elementor elementor-33315\">\n\t\t\t\t\t\t<section class=\"elementor-section elementor-top-section elementor-element elementor-element-bf349c5 elementor-section-boxed elementor-section-height-default elementor-section-height-default\" data-id=\"bf349c5\" data-element_type=\"section\">\n\t\t\t\t\t\t<div class=\"elementor-container elementor-column-gap-default\">\n\t\t\t\t\t<div class=\"elementor-column elementor-col-100 elementor-top-column elementor-element elementor-element-8ccc530\" data-id=\"8ccc530\" data-element_type=\"column\">\n\t\t\t<div class=\"elementor-widget-wrap elementor-element-populated\">\n\t\t\t\t\t\t<div class=\"elementor-element elementor-element-6aad7cb elementor-widget elementor-widget-eael-advanced-data-table\" data-id=\"6aad7cb\" data-element_type=\"widget\" data-widget_type=\"eael-advanced-data-table.default\">\n\t\t\t\t<div class=\"elementor-widget-container\">\n\t\t\t\t\t<div class=\"ea-advanced-data-table-wrap\" data-id=\"6aad7cb\"><div class=\"ea-advanced-data-table-search-wrap ea-advanced-data-table-search-right\"><input type=\"search\" placeholder=\"Search\" class=\"ea-advanced-data-table-search\"><\/div><div class=\"ea-advanced-data-table-wrap-inner\">\n                <table class=\"ea-advanced-data-table ea-advanced-data-table-static ea-advanced-data-table-6aad7cb ea-advanced-data-table-sortable ea-advanced-data-table-paginated ea-advanced-data-table-searchable\" data-id=\"6aad7cb\" data-items-per-page=\"50\"><tbody><tr><td><p>RO\u010cN\u00cdK<\/p><\/td><td>ROK<\/td><td>V\u00cd\u0164AZ<\/td><td>VODI\u010c<\/td><td>USPORIADATE\u013d<\/td><\/tr><tr><td><p>XXVII.<\/p><\/td><td><p>2024<\/p><\/td><td><p>KORD z Poliakovca<\/p><\/td><td><p>Ivan Jasenovsk\u00fd<\/p><\/td><td><p><span>PZ Sokol\u00ed kame\u0148 Chocholn\u00e1-Vel\u010dice<\/span><\/p><\/td><\/tr><tr><td><p>XXVI.<\/p><\/td><td><p>2022<\/p><\/td><td><p>OLI od Spile<\/p><\/td><td><p>Milan Ki\u010dura<\/p><\/td><td><p>Antonst\u00e1l<\/p><\/td><\/tr><tr><td><p>XXV.<\/p><\/td><td>2019<\/td><td>HERA z Hornej b\u00e1by<\/td><td>Michal Valaskai<\/td><td><p>Ochodnica<\/p><\/td><\/tr><tr><td>XXIV.<\/td><td>2018<\/td><td>Bora z Ledc\u00fa<\/td><td>Old\u0159ich Stan\u011bk<\/td><td>Obecn\u00e9 lesy S\u00e1sa<\/td><\/tr><tr><td>XXIII.<\/td><td>2017<\/td><td>B\u00c1RA z Poliakovca<\/td><td>Ing. Vladim\u00edr \u0160ebe\u0148a<\/td><td>OPK \u017dilina<\/td><\/tr><tr><td>XXII.<\/td><td>2015<\/td><td>ASTOR zo \u0160\u00fatovskej doliny<\/td><td>Vladim\u00edr Pe\u0165ko<\/td><td>PZ Slanec<\/td><\/tr><tr><td>XXI.<\/td><td>2014<\/td><td>NINO spod Vysokej<\/td><td>Joszef Dombai<\/td><td>Urb\u00e1rske spolo\u010denstvo Hybe<\/td><\/tr><tr><td>XX.<\/td><td>2013<\/td><td>FICO \u017di\u010diho pustatina<\/td><td>Michal Sr\u0161e\u0148<\/td><td>PZ Bad\u00edn<\/td><\/tr><tr><td><p>XIX.<\/p><\/td><td><p>2009<\/p><\/td><td><p>INKA Balienec<\/p><\/td><td><p>Juraj Morav\u010d\u00edk<\/p><\/td><td><p>PS Kote\u0161ov\u00e1 Svedern\u00edk, PZ Ky\u010dera, RGO SPZ \u017dilina<\/p><\/td><\/tr><tr><td>XVIII.<\/td><td>2007<\/td><td>INKA Balienec<\/td><td>Ing. Stanislav Morav\u010d\u00edk<\/td><td>VLM Kamenica nad Cirochou<\/td><\/tr><tr><td>XVII.<\/td><td>2006<\/td><td>ASTA Vojles Le\u0161\u0165<\/td><td>MVDr. Rastislav Sil\u00e1di<\/td><td>PS \u0160avelina<\/td><\/tr><tr><td>XVI.<\/td><td>2005<\/td><td>BRITA spod K\u00fd\u010dery<\/td><td>Juraj Kelecsenyi<\/td><td>Lesy s.r.o. Bansk\u00e1 Bel\u00e1<\/td><\/tr><tr><td>XV.<\/td><td>2004<\/td><td>LADY Kub\u00ednska Ho\u013ea<\/td><td>Miroslav \u0160ebesta<\/td><td>PZ Bad\u00edn<\/td><\/tr><tr><td>XIV.<\/td><td>2003<\/td><td>CITA Kaliarikov dvor<\/td><td>Ing. \u013dudov\u00edt Luk\u00e1\u010d<\/td><td>PZ Zvern\u00edk Vysok\u00fd Vrch, Dubov\u00e9<\/td><\/tr><tr><td>XII.<\/td><td>2002<\/td><td>CVIK spod Men\u0161ieho vrchu<\/td><td>Jaroslav Uch\u00e1\u013e<\/td><td>Kompos. \u010c. Brezovo<\/td><\/tr><tr><td><p>XII.<\/p><\/td><td><p>2001<\/p><\/td><td><p>INKA z Prievrany<\/p><\/td><td><p>Ing. Igor Hron\u010dek<\/p><\/td><td><p>PZ Lehota nad Rimavicou<\/p><\/td><\/tr><tr><td>XI.<\/td><td>2000<\/td><td>FREDY spod \u0160ibe\u0148a<\/td><td>Jozef Majersk\u00fd<\/td><td>PZ D\u00e1vidov\u2014Bansk\u00e9<\/td><\/tr><tr><td>X.<\/td><td>1999<\/td><td>TARGO Parichvost<\/td><td>Pavol Pazdera<\/td><td>PZ Div\u00edn<\/td><\/tr><tr><td><p>IX.<\/p><\/td><td><p>1998<\/p><\/td><td><p>MORAN Kr\u0161\u0161\u00e1kov dvor<\/p><\/td><td><p>Ing. Jaroslav Dud\u00edk<\/p><\/td><td><p>PZ M\u00f4tov\u00e1<\/p><\/td><\/tr><tr><td>VIII.<\/td><td>1997<\/td><td>BRID z Laskomera<\/td><td>Ing. Pavel Zlevsk\u00fd<\/td><td>PS Liptovsk\u00e1 Sielnica<\/td><\/tr><tr><td>VII.<\/td><td>1996<\/td><td>KAM z H\u00e1mra<\/td><td>Pavol Urbl\u00edk ml.<\/td><td>LZ Modr\u00fd Kame\u0148<\/td><\/tr><tr><td>VI.<\/td><td>1995<\/td><td>DASTY od Fabovej<\/td><td>Peter Diani\u0161ka<\/td><td>Kompos. \u010c. Brezovo<\/td><\/tr><tr><td>V.<\/td><td>1994<\/td><td>LAPAJ spod Kunovej<\/td><td>Ing. Daniel Vrl\u00edk<\/td><td>PZ Bystr\u00e9, LZ Vranov nad Top\u013eou<\/td><\/tr><tr><td>IV.<\/td><td>1993<\/td><td>CELKA z D\u00fabrav<\/td><td>J\u00falius Gy\u00f6ny\u00f6r<\/td><td>\u0160LP B. \u0160tiavnica<\/td><\/tr><tr><td>III.<\/td><td>1992<\/td><td>C\u00c9ZAR z Konotopy<\/td><td>Ing. Miroslav Nikol\u00edni<\/td><td>LZ \u010cadca<\/td><\/tr><tr><td>II.<\/td><td>1991<\/td><td>CELKA z D\u00fabrav<\/td><td>J\u00falius Gy\u00f6ny\u00f6r<\/td><td>PZ Inovec I.<\/td><\/tr><tr><td>I.<\/td><td>1990<\/td><td>CHOR Kr\u0161\u0161\u00e1kov dvor<\/td><td>Miroslav Grman<\/td><td>PZ Polt\u00e1r<\/td><\/tr><\/tbody><\/table>\n            <\/div><div class=\"ea-advanced-data-table-pagination ea-advanced-data-table-pagination-button clearfix\"><\/div><\/div>\t\t\t\t<\/div>\n\t\t\t\t<\/div>\n\t\t\t\t\t<\/div>\n\t\t<\/div>\n\t\t\t\t\t<\/div>\n\t\t<\/section>\n\t\t\t\t<\/div>\n\t\t","protected":false},"excerpt":{"rendered":"<p>RO\u010cN\u00cdK ROK V\u00cd\u0164AZ VODI\u010c USPORIADATE\u013d XXVII. 2024 KORD z Poliakovca Ivan Jasenovsk\u00fd PZ Sokol\u00ed kame\u0148 Chocholn\u00e1-Vel\u010dice XXVI. 2022 OLI od Spile Milan Ki\u010dura Antonst\u00e1l XXV. 2019 HERA z Hornej b\u00e1by [&hellip;]<\/p>\n","protected":false},"author":1,"featured_media":0,"parent":33309,"menu_order":0,"comment_status":"closed","ping_status":"closed","template":"","meta":{"ngg_post_thumbnail":0,"ocean_post_layout":"","ocean_both_sidebars_style":"","ocean_both_sidebars_content_width":0,"ocean_both_sidebars_sidebars_width":0,"ocean_sidebar":"0","ocean_second_sidebar":"0","ocean_disable_margins":"enable","ocean_add_body_class":"","ocean_shortcode_before_top_bar":"","ocean_shortcode_after_top_bar":"","ocean_shortcode_before_header":"","ocean_shortcode_after_header":"","ocean_has_shortcode":"","ocean_shortcode_after_title":"","ocean_shortcode_before_footer_widgets":"","ocean_shortcode_after_footer_widgets":"","ocean_shortcode_before_footer_bottom":"","ocean_shortcode_after_footer_bottom":"","ocean_display_top_bar":"default","ocean_display_header":"default","ocean_header_style":"","ocean_center_header_left_menu":"0","ocean_custom_header_template":"0","ocean_custom_logo":0,"ocean_custom_retina_logo":0,"ocean_custom_logo_max_width":0,"ocean_custom_logo_tablet_max_width":0,"ocean_custom_logo_mobile_max_width":0,"ocean_custom_logo_max_height":0,"ocean_custom_logo_tablet_max_height":0,"ocean_custom_logo_mobile_max_height":0,"ocean_header_custom_menu":"0","ocean_menu_typo_font_family":"0","ocean_menu_typo_font_subset":"","ocean_menu_typo_font_size":0,"ocean_menu_typo_font_size_tablet":0,"ocean_menu_typo_font_size_mobile":0,"ocean_menu_typo_font_size_unit":"px","ocean_menu_typo_font_weight":"","ocean_menu_typo_font_weight_tablet":"","ocean_menu_typo_font_weight_mobile":"","ocean_menu_typo_transform":"","ocean_menu_typo_transform_tablet":"","ocean_menu_typo_transform_mobile":"","ocean_menu_typo_line_height":0,"ocean_menu_typo_line_height_tablet":0,"ocean_menu_typo_line_height_mobile":0,"ocean_menu_typo_line_height_unit":"","ocean_menu_typo_spacing":0,"ocean_menu_typo_spacing_tablet":0,"ocean_menu_typo_spacing_mobile":0,"ocean_menu_typo_spacing_unit":"","ocean_menu_link_color":"","ocean_menu_link_color_hover":"","ocean_menu_link_color_active":"","ocean_menu_link_background":"","ocean_menu_link_hover_background":"","ocean_menu_link_active_background":"","ocean_menu_social_links_bg":"","ocean_menu_social_hover_links_bg":"","ocean_menu_social_links_color":"","ocean_menu_social_hover_links_color":"","ocean_disable_title":"default","ocean_disable_heading":"default","ocean_post_title":"","ocean_post_subheading":"","ocean_post_title_style":"","ocean_post_title_background_color":"","ocean_post_title_background":0,"ocean_post_title_bg_image_position":"","ocean_post_title_bg_image_attachment":"","ocean_post_title_bg_image_repeat":"","ocean_post_title_bg_image_size":"","ocean_post_title_height":0,"ocean_post_title_bg_overlay":0.5,"ocean_post_title_bg_overlay_color":"","ocean_disable_breadcrumbs":"default","ocean_breadcrumbs_color":"","ocean_breadcrumbs_separator_color":"","ocean_breadcrumbs_links_color":"","ocean_breadcrumbs_links_hover_color":"","ocean_display_footer_widgets":"default","ocean_display_footer_bottom":"default","ocean_custom_footer_template":"0","footnotes":""},"class_list":["post-33315","page","type-page","status-publish","hentry","entry"],"_links":{"self":[{"href":"https:\/\/slovensky-kopov.sk\/index.php?rest_route=\/wp\/v2\/pages\/33315","targetHints":{"allow":["GET"]}}],"collection":[{"href":"https:\/\/slovensky-kopov.sk\/index.php?rest_route=\/wp\/v2\/pages"}],"about":[{"href":"https:\/\/slovensky-kopov.sk\/index.php?rest_route=\/wp\/v2\/types\/page"}],"author":[{"embeddable":true,"href":"https:\/\/slovensky-kopov.sk\/index.php?rest_route=\/wp\/v2\/users\/1"}],"replies":[{"embeddable":true,"href":"https:\/\/slovensky-kopov.sk\/index.php?rest_route=%2Fwp%2Fv2%2Fcomments&post=33315"}],"version-history":[{"count":9,"href":"https:\/\/slovensky-kopov.sk\/index.php?rest_route=\/wp\/v2\/pages\/33315\/revisions"}],"predecessor-version":[{"id":42895,"href":"https:\/\/slovensky-kopov.sk\/index.php?rest_route=\/wp\/v2\/pages\/33315\/revisions\/42895"}],"up":[{"embeddable":true,"href":"https:\/\/slovensky-kopov.sk\/index.php?rest_route=\/wp\/v2\/pages\/33309"}],"wp:attachment":[{"href":"https:\/\/slovensky-kopov.sk\/index.php?rest_route=%2Fwp%2Fv2%2Fmedia&parent=33315"}],"curies":[{"name":"wp","href":"https:\/\/api.w.org\/{rel}","templated":true}]}}