{"id":33432,"date":"2020-11-06T10:55:28","date_gmt":"2020-11-06T09:55:28","guid":{"rendered":"https:\/\/slovensky-kopov.sk\/?page_id=33432"},"modified":"2020-12-19T18:18:32","modified_gmt":"2020-12-19T17:18:32","slug":"bonitacia-z-exterieru","status":"publish","type":"page","link":"https:\/\/slovensky-kopov.sk\/?page_id=33432","title":{"rendered":"Bonit\u00e1cia z exteri\u00e9ru"},"content":{"rendered":"\t\t<div data-elementor-type=\"wp-page\" data-elementor-id=\"33432\" class=\"elementor elementor-33432\">\n\t\t\t\t\t\t<section class=\"elementor-section elementor-top-section elementor-element elementor-element-333b729 elementor-section-boxed elementor-section-height-default elementor-section-height-default\" data-id=\"333b729\" data-element_type=\"section\">\n\t\t\t\t\t\t<div class=\"elementor-container elementor-column-gap-default\">\n\t\t\t\t\t<div class=\"elementor-column elementor-col-100 elementor-top-column elementor-element elementor-element-cd4d323\" data-id=\"cd4d323\" data-element_type=\"column\">\n\t\t\t<div class=\"elementor-widget-wrap elementor-element-populated\">\n\t\t\t\t\t\t<div class=\"elementor-element elementor-element-ae3b96a elementor-widget elementor-widget-text-editor\" data-id=\"ae3b96a\" data-element_type=\"widget\" data-widget_type=\"text-editor.default\">\n\t\t\t\t<div class=\"elementor-widget-container\">\n\t\t\t\t\t\t\t\t\t<p>T\u00fato podmienku spln\u00ed \u00faspe\u0161n\u00fdm absolvovan\u00edm pos\u00fadenia exteri\u00e9ru na bonit\u00e1cii poriadanej klubom. Absolvova\u0165 bonit\u00e1ciu z exteri\u00e9ru m\u00f4\u017eu jedince star\u0161ie ako 12 mesiacov. Ak\u00e9ko\u013evek mechanick\u00e9 chyby aj potvrden\u00e9 veterin\u00e1rom s\u00fa nepr\u00edpustn\u00e9 do chovu. T\u00fato bonit\u00e1ciu m\u00f4\u017ee absolvova\u0165 jedinec iba jeden kr\u00e1t, s v\u00fdnimkou pos\u00fadenia osrstenia.<\/p><p>Po absolvovan\u00ed bonit\u00e1cie z exteri\u00e9ru je do rodokme\u0148a zap\u00edsan\u00fd bonita\u010dn\u00fd k\u00f3d. \u00daspe\u0161n\u00fdm jedincom je v rodokmeni zap\u00edsan\u00fd titul &#8222;Kandid\u00e1t chovu z exteri\u00e9ru&#8220;.<\/p>\t\t\t\t\t\t\t\t<\/div>\n\t\t\t\t<\/div>\n\t\t\t\t\t<\/div>\n\t\t<\/div>\n\t\t\t\t\t<\/div>\n\t\t<\/section>\n\t\t\t\t<section class=\"elementor-section elementor-top-section elementor-element elementor-element-3e457a52 elementor-section-boxed elementor-section-height-default elementor-section-height-default\" data-id=\"3e457a52\" data-element_type=\"section\">\n\t\t\t\t\t\t<div class=\"elementor-container elementor-column-gap-default\">\n\t\t\t\t\t<div class=\"elementor-column elementor-col-50 elementor-top-column elementor-element elementor-element-3dfc2ff2\" data-id=\"3dfc2ff2\" data-element_type=\"column\">\n\t\t\t<div class=\"elementor-widget-wrap elementor-element-populated\">\n\t\t\t\t\t\t<div class=\"elementor-element elementor-element-43e2a401 elementor-widget elementor-widget-text-editor\" data-id=\"43e2a401\" data-element_type=\"widget\" data-widget_type=\"text-editor.default\">\n\t\t\t\t<div class=\"elementor-widget-container\">\n\t\t\t\t\t\t\t\t\t<h3>Bonita\u010dn\u00fd k\u00f3d<\/h3><p>A \u2013 Celkov\u00fd vzh\u013ead-kostra<br \/>B \u2013 hlava \u2013 ucho \u2013 oko<br \/>C \u2013 chrup<br \/>D \u2013 Telesn\u00e1 stavba<br \/>E \u2013 Chvost<br \/>F \u2013 Srs\u0165, sfarbenie, pigment\u00e1cia<br \/>G \u2013 Povahov\u00e9 vlohy<\/p>\t\t\t\t\t\t\t\t<\/div>\n\t\t\t\t<\/div>\n\t\t\t\t\t<\/div>\n\t\t<\/div>\n\t\t\t\t<div class=\"elementor-column elementor-col-50 elementor-top-column elementor-element elementor-element-6f118700\" data-id=\"6f118700\" data-element_type=\"column\">\n\t\t\t<div class=\"elementor-widget-wrap elementor-element-populated\">\n\t\t\t\t\t\t<div class=\"elementor-element elementor-element-7dbc4494 elementor-widget elementor-widget-text-editor\" data-id=\"7dbc4494\" data-element_type=\"widget\" data-widget_type=\"text-editor.default\">\n\t\t\t\t<div class=\"elementor-widget-container\">\n\t\t\t\t\t\t\t\t\t<div class=\"elementor-element elementor-element-8d0d3b6 elementor-widget elementor-widget-heading\" data-id=\"8d0d3b6\" data-element_type=\"widget\" data-widget_type=\"heading.default\"><div class=\"elementor-widget-container\"><h3>Pr\u00edklady bonita\u010dn\u00e9ho k\u00f3du<\/h3><\/div><\/div><div class=\"elementor-element elementor-element-79a5305 elementor-widget elementor-widget-text-editor\" data-id=\"79a5305\" data-element_type=\"widget\" data-widget_type=\"text-editor.default\"><div class=\"elementor-widget-container\"><div class=\"elementor-text-editor elementor-clearfix\"><p><strong>Optim\u00e1lne: A0B0C0D0E0F0G5<\/strong><\/p><p><span style=\"text-decoration: underline;\">Pr\u00edpustn\u00e9: A1B0C0D1E0F0G4<\/span><\/p><p>Nepr\u00edpustn\u00e9: A0B1C1D0E0F0G5<\/p><\/div><\/div><\/div>\t\t\t\t\t\t\t\t<\/div>\n\t\t\t\t<\/div>\n\t\t\t\t\t<\/div>\n\t\t<\/div>\n\t\t\t\t\t<\/div>\n\t\t<\/section>\n\t\t\t\t<section class=\"elementor-section elementor-top-section elementor-element elementor-element-0d46899 elementor-section-boxed elementor-section-height-default elementor-section-height-default\" data-id=\"0d46899\" data-element_type=\"section\">\n\t\t\t\t\t\t<div class=\"elementor-container elementor-column-gap-default\">\n\t\t\t\t\t<div class=\"elementor-column elementor-col-66 elementor-top-column elementor-element elementor-element-63bfa68\" data-id=\"63bfa68\" data-element_type=\"column\">\n\t\t\t<div class=\"elementor-widget-wrap elementor-element-populated\">\n\t\t\t\t\t\t<div class=\"elementor-element elementor-element-5ba9f769 elementor-widget elementor-widget-heading\" data-id=\"5ba9f769\" data-element_type=\"widget\" data-widget_type=\"heading.default\">\n\t\t\t\t<div class=\"elementor-widget-container\">\n\t\t\t\t\t<h2 class=\"elementor-heading-title elementor-size-default\">Popis bonita\u010dn\u00e9ho k\u00f3du pre posudzovanie exteri\u00e9ru - ABCDEF<\/h2>\t\t\t\t<\/div>\n\t\t\t\t<\/div>\n\t\t\t\t<div class=\"elementor-element elementor-element-458e3fcf elementor-widget elementor-widget-eael-adv-tabs\" data-id=\"458e3fcf\" data-element_type=\"widget\" data-widget_type=\"eael-adv-tabs.default\">\n\t\t\t\t<div class=\"elementor-widget-container\">\n\t\t\t\t\t        <div data-scroll-on-click=\"no\" data-scroll-speed=\"300\" id=\"eael-advance-tabs-458e3fcf\" class=\"eael-advance-tabs eael-tabs-horizontal eael-tab-auto-active \" data-tabid=\"458e3fcf\">\n            <div class=\"eael-tabs-nav \">\n                <ul class=\"\" role=\"tablist\">\n                                            <li id=\"a\" class=\"inactive eael-tab-item-trigger eael-tab-nav-item\" aria-selected=\"true\" data-tab=\"1\" role=\"tab\" tabindex=\"0\" aria-controls=\"a-tab\" aria-expanded=\"false\">\n                            \n                            \n                            \n                                                            <span class=\"eael-tab-title title-after-icon\" >A<\/span>                                                    <\/li>\n                                            <li id=\"b\" class=\"inactive eael-tab-item-trigger eael-tab-nav-item\" aria-selected=\"false\" data-tab=\"2\" role=\"tab\" tabindex=\"-1\" aria-controls=\"b-tab\" aria-expanded=\"false\">\n                            \n                            \n                            \n                                                            <span class=\"eael-tab-title title-after-icon\" >B<\/span>                                                    <\/li>\n                                            <li id=\"c\" class=\"inactive eael-tab-item-trigger eael-tab-nav-item\" aria-selected=\"false\" data-tab=\"3\" role=\"tab\" tabindex=\"-1\" aria-controls=\"c-tab\" aria-expanded=\"false\">\n                            \n                            \n                            \n                                                            <span class=\"eael-tab-title title-after-icon\" >C<\/span>                                                    <\/li>\n                                            <li id=\"d\" class=\"inactive eael-tab-item-trigger eael-tab-nav-item\" aria-selected=\"false\" data-tab=\"4\" role=\"tab\" tabindex=\"-1\" aria-controls=\"d-tab\" aria-expanded=\"false\">\n                            \n                            \n                            \n                                                            <span class=\"eael-tab-title title-after-icon\" >D<\/span>                                                    <\/li>\n                                            <li id=\"e\" class=\"inactive eael-tab-item-trigger eael-tab-nav-item\" aria-selected=\"false\" data-tab=\"5\" role=\"tab\" tabindex=\"-1\" aria-controls=\"e-tab\" aria-expanded=\"false\">\n                            \n                            \n                            \n                                                            <span class=\"eael-tab-title title-after-icon\" >E<\/span>                                                    <\/li>\n                                            <li id=\"f\" class=\"inactive eael-tab-item-trigger eael-tab-nav-item\" aria-selected=\"false\" data-tab=\"6\" role=\"tab\" tabindex=\"-1\" aria-controls=\"f-tab\" aria-expanded=\"false\">\n                            \n                            \n                            \n                                                            <span class=\"eael-tab-title title-after-icon\" >F<\/span>                                                    <\/li>\n                    \n                                  <\/ul>\n            <\/div>\n            \n            <div class=\"eael-tabs-content\">\n\t\t        \n                    <div id=\"a-tab\" class=\"clearfix eael-tab-content-item inactive\" data-title-link=\"a-tab\">\n\t\t\t\t        <p><strong>Optim\u00e1lne:<\/strong><\/p><p><strong>0 \u2013 u\u0161\u013eachtil\u00fd,typick\u00fd predstavite\u013e plemena, pes: od 47-do 49cm, su\u010dka: od 42-do 44cm<\/strong><\/p><hr \/><p><span style=\"text-decoration: underline;\">Pr\u00edpustn\u00e9:<\/span><\/p><p><span style=\"text-decoration: underline;\">1 \u2013 u\u0161\u013eachtil\u00fd,typick\u00fd predstavite\u013e plemena, pes: od 45-do 47cm, su\u010dka: od 40-do 42cm<\/span><\/p><p><span style=\"text-decoration: underline;\">2 \u2013 u\u0161\u013eachtil\u00fd,typick\u00fd predstavite\u013e plemena, pes: od 49-do 50cm, su\u010dka: od 44-do 45cm<\/span><\/p><p><span style=\"text-decoration: underline;\">3 \u2013 \u013eah\u0161\u00ed typ, \u0161tandardn\u00e1 v\u00fd\u0161ka<\/span><\/p><p><span style=\"text-decoration: underline;\">4 \u2013 \u0165a\u017e\u0161\u00ed typ, \u0161tandardn\u00e1 v\u00fd\u0161ka<\/span><\/p><hr \/><p>Nepr\u00edpustn\u00e9:<\/p><p>5 \u2013 v\u00fd\u0161ka nad hranicou \u0161tandardu<\/p><p>6 \u2013 v\u00fd\u0161ka pod hranicou \u0161tandardu<\/p><p>7a \u2013 \u013eahk\u00fd, chrtovit\u00fd typ , ch\u00fdba substancia<\/p><p>7b \u2013 \u0165a\u017ek\u00fd, hrub\u00fd, lymfatick\u00fd typ<\/p><p>7c \u2013 netypick\u00fd v akomko\u013evek znaku<\/p>                    <\/div>\n\t\t        \n                    <div id=\"b-tab\" class=\"clearfix eael-tab-content-item inactive\" data-title-link=\"b-tab\">\n\t\t\t\t        <p><strong>Optim\u00e1lne:<\/strong><\/p><p><strong>0 \u2013 hlava spr\u00e1vneho tvaru, typick\u00fd v\u00fdraz, spr\u00e1vne nasaden\u00e9 a nesen\u00e9 u\u0161i, tmavohned\u00e9 o\u010di spr\u00e1vneho tvaru a ve\u013ekosti, \u010dierny nos<\/strong><\/p><hr \/><p><span style=\"text-decoration: underline;\">Pr\u00edpustn\u00e9:<\/span><\/p><p><span style=\"text-decoration: underline;\">1 \u2013 u\u0161i spr\u00e1vneho tvaru,ve\u013ekosti,mierne odch\u00fdlky nasadenia u\u0161\u00ed<\/span><\/p><p><span style=\"text-decoration: underline;\">2 \u2013 oko svetlohned\u00e9,spr\u00e1vny tvar a ve\u013ekos\u0165<\/span><\/p><p><span style=\"text-decoration: underline;\">3 \u2013 \u013eah\u0161ia,\u0165a\u017e\u0161ia hlava primeran\u00e1 k telu<\/span><\/p><hr \/><p>Nepr\u00edpustn\u00e9:<\/p><p>4 \u2013 kr\u00e1tka,\u0161irok\u00e1,klinovit\u00e1 hlava, netypick\u00e1 hlava<\/p><p>5 \u2013 previsnut\u00e9 pysky<\/p><p>6 \u2013 u\u0161i nespr\u00e1vne tvarovan\u00e9, nespr\u00e1vnej ve\u013ekosti, nespr\u00e1vne nasaden\u00e9<\/p><p>7 \u2013 m\u00e1lo typick\u00fd pohlavn\u00fd v\u00fdraz<\/p><p>8 \u2013 ne\u0161tandardn\u00e9 oko, vo\u013en\u00e9 alebo spadnut\u00e9 vie\u010dka<\/p><p>9 \u2013 poruchy pigment\u00e1cie nosa,vie\u010dok<\/p>                    <\/div>\n\t\t        \n                    <div id=\"c-tab\" class=\"clearfix eael-tab-content-item inactive\" data-title-link=\"c-tab\">\n\t\t\t\t        <p><strong>Optim\u00e1lne:<\/strong><\/p><p><strong>0 \u2013 no\u017enicov\u00fd zhryz, \u00fapln\u00fd<\/strong><\/p><hr \/><p>Nepr\u00edpustn\u00e9:<\/p><p>1 \u2013 klie\u0161\u0165ov\u00fd zhryz<\/p><p>2 \u2013 nepravideln\u00fd<\/p><p>3 \u2013 podhryz<\/p><p>4 \u2013 predhryz<\/p><p>5- ne\u00fapln\u00fd chrup<\/p><p>6 \u2013 in\u00e9 chyby<\/p>                    <\/div>\n\t\t        \n                    <div id=\"d-tab\" class=\"clearfix eael-tab-content-item inactive\" data-title-link=\"d-tab\">\n\t\t\t\t        <p><strong>Optim\u00e1lne:<\/strong><\/p><p><strong>0 \u2013 spr\u00e1vna stavba tela<\/strong><\/p><hr \/><p><span style=\"text-decoration: underline;\">Pr\u00edpustn\u00e9:<\/span><\/p><p><span style=\"text-decoration: underline;\">1 \u2013 krat\u0161\u00ed r\u00e1mec tela<\/span><\/p><p><span style=\"text-decoration: underline;\">2 \u2013 m\u00e4kk\u0161\u00ed, m\u00e1lo pevn\u00fd,slabo osvalen\u00fd chrb\u00e1t, mierna odch\u00fdlka v l\u00ednii chrbta<\/span><\/p><p><span style=\"text-decoration: underline;\">3 \u2013 mierne zrazen\u00fd zadok<\/span><\/p><p><span style=\"text-decoration: underline;\">4a \u2013 mierne odch\u00fdlky v za\u00fahlen\u00ed a postaven\u00ed predn\u00fdch kon\u010dat\u00edn<\/span><\/p><p><span style=\"text-decoration: underline;\">4b \u2013 mierne odch\u00fdlky v za\u00fahlen\u00ed a postaven\u00ed zadn\u00fdch kon\u010dat\u00edn<\/span><\/p><hr \/><p>Nepr\u00edpustn\u00e9:<\/p><p>5 \u2013 kr\u00e1tky krk, vo\u013en\u00fd z\u00e1hyb ko\u017ee<\/p><p>6a \u2013 hrudn\u00edk : \u0161irok\u00fd,plytk\u00fd, kr\u00e1tky<\/p><p>6b \u2013 hrudn\u00edk : \u00fazky,ploch\u00fd,sudovit\u00fd<\/p><p>7a \u2013 kaprovit\u00fd chrb\u00e1t<\/p><p>7b \u2013 m\u00e4kk\u00fd chrb\u00e1t<\/p><p>8a \u2013 chyby v postaven\u00ed predn\u00fdch kon\u010dat\u00edn, zl\u00e1 mechanika pohybu<\/p><p>8b \u2013 chyby v postaven\u00ed zadn\u00fdch kon\u010dat\u00edn, zl\u00e1 mechanika pohybu<\/p><p>9a \u2013 monorchid<\/p><p>9b \u2013 kryptorchid<\/p>                    <\/div>\n\t\t        \n                    <div id=\"e-tab\" class=\"clearfix eael-tab-content-item inactive\" data-title-link=\"e-tab\">\n\t\t\t\t        <p><strong>Optim\u00e1lne:<\/strong><\/p><p><strong>0 \u2013 spr\u00e1vne nasadenie, nesenie, d\u013a\u017eka<\/strong><\/p><hr \/><p><span style=\"text-decoration: underline;\">Pr\u00edpustn\u00e9:<\/span><\/p><p><span style=\"text-decoration: underline;\">1 \u2013 ni\u017e\u0161ie nasaden\u00fd, spr\u00e1vne nesenie, spr\u00e1vna d\u013a\u017eka, mierna odch\u00fdlka v tvare chvosta<\/span><\/p><hr \/><p>Nepr\u00edpustn\u00e9:<\/p><p>2 \u2013 nespr\u00e1vne nasadenie, d\u013a\u017eka, tvar chvosta<\/p><p>3 \u2013 nespr\u00e1vne nesenie chvosta<\/p><p>4 \u2013 deform\u00e1cia \u010dl\u00e1nkov chvosta<\/p>                    <\/div>\n\t\t        \n                    <div id=\"f-tab\" class=\"clearfix eael-tab-content-item inactive\" data-title-link=\"f-tab\">\n\t\t\t\t        <p><strong>Optim\u00e1lne:<\/strong><\/p><p><strong>0 \u2013 \u0161tandardn\u00e9 osrstenie a sfarbenie, spr\u00e1vna pigment\u00e1cia<\/strong><\/p><hr \/><p><span style=\"text-decoration: underline;\">Pr\u00edpustn\u00e9:<\/span><\/p><p><span style=\"text-decoration: underline;\">1 \u2013 krat\u0161ia srs\u0165 s podsadou v r\u00e1mci \u0161tandardu<\/span><\/p><p><span style=\"text-decoration: underline;\">2 \u2013 nev\u00fdrazne ohrani\u010den\u00e9 p\u00e1lenie<\/span><\/p><p><span style=\"text-decoration: underline;\">3 \u2013 svetlej\u0161ie paz\u00fary<\/span><\/p><hr \/><p>Nepr\u00edpustn\u00e9:<\/p><p>4 \u2013 kr\u00e1tka srs\u0165 bez podsady<\/p><p>5 \u2013 pr\u00edli\u0161 dlh\u00e1 zvlnen\u00e1 srs\u0165<\/p><p>6 \u2013 ne\u0161tandardn\u00e9 p\u00e1lenie,sfarbenie,biele znaky<\/p><p>7 \u2013 svetl\u00e9 paz\u00fary, strata pigment\u00e1cie vank\u00fa\u0161ikov<\/p>                    <\/div>\n\t\t                    <\/div>\n        <\/div>\n\t\t\t\t<\/div>\n\t\t\t\t<\/div>\n\t\t\t\t\t<\/div>\n\t\t<\/div>\n\t\t\t\t<div class=\"elementor-column elementor-col-33 elementor-top-column elementor-element elementor-element-73fff03\" data-id=\"73fff03\" data-element_type=\"column\">\n\t\t\t<div class=\"elementor-widget-wrap\">\n\t\t\t\t\t\t\t<\/div>\n\t\t<\/div>\n\t\t\t\t\t<\/div>\n\t\t<\/section>\n\t\t\t\t<section class=\"elementor-section elementor-top-section elementor-element elementor-element-1a63e29a elementor-section-boxed elementor-section-height-default elementor-section-height-default\" data-id=\"1a63e29a\" data-element_type=\"section\">\n\t\t\t\t\t\t<div class=\"elementor-container elementor-column-gap-default\">\n\t\t\t\t\t<div class=\"elementor-column elementor-col-100 elementor-top-column elementor-element elementor-element-2ac734da\" data-id=\"2ac734da\" data-element_type=\"column\">\n\t\t\t<div class=\"elementor-widget-wrap\">\n\t\t\t\t\t\t\t<\/div>\n\t\t<\/div>\n\t\t\t\t\t<\/div>\n\t\t<\/section>\n\t\t\t\t<\/div>\n\t\t","protected":false},"excerpt":{"rendered":"<p>T\u00fato podmienku spln\u00ed \u00faspe\u0161n\u00fdm absolvovan\u00edm pos\u00fadenia exteri\u00e9ru na bonit\u00e1cii poriadanej klubom. Absolvova\u0165 bonit\u00e1ciu z exteri\u00e9ru m\u00f4\u017eu jedince star\u0161ie ako 12 mesiacov. Ak\u00e9ko\u013evek mechanick\u00e9 chyby aj potvrden\u00e9 veterin\u00e1rom s\u00fa nepr\u00edpustn\u00e9 do [&hellip;]<\/p>\n","protected":false},"author":1,"featured_media":0,"parent":33445,"menu_order":0,"comment_status":"closed","ping_status":"closed","template":"","meta":{"ngg_post_thumbnail":0,"ocean_post_layout":"","ocean_both_sidebars_style":"","ocean_both_sidebars_content_width":0,"ocean_both_sidebars_sidebars_width":0,"ocean_sidebar":"0","ocean_second_sidebar":"0","ocean_disable_margins":"enable","ocean_add_body_class":"","ocean_shortcode_before_top_bar":"","ocean_shortcode_after_top_bar":"","ocean_shortcode_before_header":"","ocean_shortcode_after_header":"","ocean_has_shortcode":"","ocean_shortcode_after_title":"","ocean_shortcode_before_footer_widgets":"","ocean_shortcode_after_footer_widgets":"","ocean_shortcode_before_footer_bottom":"","ocean_shortcode_after_footer_bottom":"","ocean_display_top_bar":"default","ocean_display_header":"default","ocean_header_style":"","ocean_center_header_left_menu":"0","ocean_custom_header_template":"0","ocean_custom_logo":0,"ocean_custom_retina_logo":0,"ocean_custom_logo_max_width":0,"ocean_custom_logo_tablet_max_width":0,"ocean_custom_logo_mobile_max_width":0,"ocean_custom_logo_max_height":0,"ocean_custom_logo_tablet_max_height":0,"ocean_custom_logo_mobile_max_height":0,"ocean_header_custom_menu":"0","ocean_menu_typo_font_family":"0","ocean_menu_typo_font_subset":"","ocean_menu_typo_font_size":0,"ocean_menu_typo_font_size_tablet":0,"ocean_menu_typo_font_size_mobile":0,"ocean_menu_typo_font_size_unit":"px","ocean_menu_typo_font_weight":"","ocean_menu_typo_font_weight_tablet":"","ocean_menu_typo_font_weight_mobile":"","ocean_menu_typo_transform":"","ocean_menu_typo_transform_tablet":"","ocean_menu_typo_transform_mobile":"","ocean_menu_typo_line_height":0,"ocean_menu_typo_line_height_tablet":0,"ocean_menu_typo_line_height_mobile":0,"ocean_menu_typo_line_height_unit":"","ocean_menu_typo_spacing":0,"ocean_menu_typo_spacing_tablet":0,"ocean_menu_typo_spacing_mobile":0,"ocean_menu_typo_spacing_unit":"","ocean_menu_link_color":"","ocean_menu_link_color_hover":"","ocean_menu_link_color_active":"","ocean_menu_link_background":"","ocean_menu_link_hover_background":"","ocean_menu_link_active_background":"","ocean_menu_social_links_bg":"","ocean_menu_social_hover_links_bg":"","ocean_menu_social_links_color":"","ocean_menu_social_hover_links_color":"","ocean_disable_title":"default","ocean_disable_heading":"default","ocean_post_title":"","ocean_post_subheading":"","ocean_post_title_style":"","ocean_post_title_background_color":"","ocean_post_title_background":0,"ocean_post_title_bg_image_position":"","ocean_post_title_bg_image_attachment":"","ocean_post_title_bg_image_repeat":"","ocean_post_title_bg_image_size":"","ocean_post_title_height":0,"ocean_post_title_bg_overlay":0.5,"ocean_post_title_bg_overlay_color":"","ocean_disable_breadcrumbs":"default","ocean_breadcrumbs_color":"","ocean_breadcrumbs_separator_color":"","ocean_breadcrumbs_links_color":"","ocean_breadcrumbs_links_hover_color":"","ocean_display_footer_widgets":"default","ocean_display_footer_bottom":"default","ocean_custom_footer_template":"0","footnotes":""},"class_list":["post-33432","page","type-page","status-publish","hentry","entry"],"_links":{"self":[{"href":"https:\/\/slovensky-kopov.sk\/index.php?rest_route=\/wp\/v2\/pages\/33432","targetHints":{"allow":["GET"]}}],"collection":[{"href":"https:\/\/slovensky-kopov.sk\/index.php?rest_route=\/wp\/v2\/pages"}],"about":[{"href":"https:\/\/slovensky-kopov.sk\/index.php?rest_route=\/wp\/v2\/types\/page"}],"author":[{"embeddable":true,"href":"https:\/\/slovensky-kopov.sk\/index.php?rest_route=\/wp\/v2\/users\/1"}],"replies":[{"embeddable":true,"href":"https:\/\/slovensky-kopov.sk\/index.php?rest_route=%2Fwp%2Fv2%2Fcomments&post=33432"}],"version-history":[{"count":6,"href":"https:\/\/slovensky-kopov.sk\/index.php?rest_route=\/wp\/v2\/pages\/33432\/revisions"}],"predecessor-version":[{"id":35204,"href":"https:\/\/slovensky-kopov.sk\/index.php?rest_route=\/wp\/v2\/pages\/33432\/revisions\/35204"}],"up":[{"embeddable":true,"href":"https:\/\/slovensky-kopov.sk\/index.php?rest_route=\/wp\/v2\/pages\/33445"}],"wp:attachment":[{"href":"https:\/\/slovensky-kopov.sk\/index.php?rest_route=%2Fwp%2Fv2%2Fmedia&parent=33432"}],"curies":[{"name":"wp","href":"https:\/\/api.w.org\/{rel}","templated":true}]}}