{"id":33434,"date":"2020-11-06T10:58:32","date_gmt":"2020-11-06T09:58:32","guid":{"rendered":"https:\/\/slovensky-kopov.sk\/?page_id=33434"},"modified":"2020-11-15T19:13:28","modified_gmt":"2020-11-15T18:13:28","slug":"bonitacia-z-vykonu","status":"publish","type":"page","link":"https:\/\/slovensky-kopov.sk\/?page_id=33434","title":{"rendered":"Bonit\u00e1cia z v\u00fdkonu"},"content":{"rendered":"\t\t<div data-elementor-type=\"wp-page\" data-elementor-id=\"33434\" class=\"elementor elementor-33434\">\n\t\t\t\t\t\t<section class=\"elementor-section elementor-top-section elementor-element elementor-element-1c81d79 elementor-section-boxed elementor-section-height-default elementor-section-height-default\" data-id=\"1c81d79\" data-element_type=\"section\">\n\t\t\t\t\t\t<div class=\"elementor-container elementor-column-gap-default\">\n\t\t\t\t\t<div class=\"elementor-column elementor-col-100 elementor-top-column elementor-element elementor-element-a746460\" data-id=\"a746460\" data-element_type=\"column\">\n\t\t\t<div class=\"elementor-widget-wrap elementor-element-populated\">\n\t\t\t\t\t\t<div class=\"elementor-element elementor-element-688535a elementor-widget elementor-widget-text-editor\" data-id=\"688535a\" data-element_type=\"widget\" data-widget_type=\"text-editor.default\">\n\t\t\t\t<div class=\"elementor-widget-container\">\n\t\t\t\t\t\t\t\t\t<p>Toto ocenenie sa z\u00edskava a\u017e po \u00faspe\u0161nom absolvovan\u00ed predch\u00e1dzaj\u00facich bodov.\u00a0Presk\u00fa\u0161ania odvahy prebieha vo vybran\u00fdch opl\u00f4tkoch po dobu 10 min\u00fat. Presk\u00fa\u0161anie sa m\u00f4\u017ee opakova\u0165 2x. (celkovo absolvova\u0165 3x).\u00a0Po\u010det posudzovan\u00fdch psov na bonit\u00e1cii je ur\u010den\u00fd na 15.<\/p>\t\t\t\t\t\t\t\t<\/div>\n\t\t\t\t<\/div>\n\t\t\t\t\t<\/div>\n\t\t<\/div>\n\t\t\t\t\t<\/div>\n\t\t<\/section>\n\t\t\t\t<section class=\"elementor-section elementor-top-section elementor-element elementor-element-287c24f7 elementor-section-boxed elementor-section-height-default elementor-section-height-default\" data-id=\"287c24f7\" data-element_type=\"section\">\n\t\t\t\t\t\t<div class=\"elementor-container elementor-column-gap-default\">\n\t\t\t\t\t<div class=\"elementor-column elementor-col-50 elementor-top-column elementor-element elementor-element-4f2db58c\" data-id=\"4f2db58c\" data-element_type=\"column\">\n\t\t\t<div class=\"elementor-widget-wrap elementor-element-populated\">\n\t\t\t\t\t\t<div class=\"elementor-element elementor-element-1375cbd3 elementor-widget elementor-widget-text-editor\" data-id=\"1375cbd3\" data-element_type=\"widget\" data-widget_type=\"text-editor.default\">\n\t\t\t\t<div class=\"elementor-widget-container\">\n\t\t\t\t\t\t\t\t\t<h3>Bonita\u010dn\u00e9h\u00fd k\u00f3d<\/h3><p>A \u2013 Celkov\u00fd vzh\u013ead-kostra<br \/>B \u2013 hlava \u2013 ucho \u2013 oko<br \/>C \u2013 chrup<br \/>D \u2013 Telesn\u00e1 stavba<br \/>E \u2013 Chvost<br \/>F \u2013 Srs\u0165, sfarbenie, pigment\u00e1cia<br \/>G \u2013 Povahov\u00e9 vlohy<\/p>\t\t\t\t\t\t\t\t<\/div>\n\t\t\t\t<\/div>\n\t\t\t\t\t<\/div>\n\t\t<\/div>\n\t\t\t\t<div class=\"elementor-column elementor-col-50 elementor-top-column elementor-element elementor-element-1f148c9c\" data-id=\"1f148c9c\" data-element_type=\"column\">\n\t\t\t<div class=\"elementor-widget-wrap elementor-element-populated\">\n\t\t\t\t\t\t<div class=\"elementor-element elementor-element-6b5d627f elementor-widget elementor-widget-text-editor\" data-id=\"6b5d627f\" data-element_type=\"widget\" data-widget_type=\"text-editor.default\">\n\t\t\t\t<div class=\"elementor-widget-container\">\n\t\t\t\t\t\t\t\t\t<div class=\"elementor-element elementor-element-8d0d3b6 elementor-widget elementor-widget-heading\" data-id=\"8d0d3b6\" data-element_type=\"widget\" data-widget_type=\"heading.default\"><div class=\"elementor-widget-container\"><h3>Pr\u00edklady bonita\u010dn\u00e9ho k\u00f3du<\/h3><\/div><\/div><div class=\"elementor-element elementor-element-79a5305 elementor-widget elementor-widget-text-editor\" data-id=\"79a5305\" data-element_type=\"widget\" data-widget_type=\"text-editor.default\"><div class=\"elementor-widget-container\"><div class=\"elementor-text-editor elementor-clearfix\"><p><strong>Optim\u00e1lne: A0B0C0D0E0F0G5<\/strong><\/p><p><span style=\"text-decoration: underline;\">Pr\u00edpustn\u00e9: A1B0C0D1E0F0G4<\/span><\/p><p>Nepr\u00edpustn\u00e9: A0B1C1D0E0F0G5<\/p><\/div><\/div><\/div>\t\t\t\t\t\t\t\t<\/div>\n\t\t\t\t<\/div>\n\t\t\t\t\t<\/div>\n\t\t<\/div>\n\t\t\t\t\t<\/div>\n\t\t<\/section>\n\t\t\t\t<section class=\"elementor-section elementor-top-section elementor-element elementor-element-6af5bce elementor-section-boxed elementor-section-height-default elementor-section-height-default\" data-id=\"6af5bce\" data-element_type=\"section\">\n\t\t\t\t\t\t<div class=\"elementor-container elementor-column-gap-default\">\n\t\t\t\t\t<div class=\"elementor-column elementor-col-66 elementor-top-column elementor-element elementor-element-18eacb9\" data-id=\"18eacb9\" data-element_type=\"column\">\n\t\t\t<div class=\"elementor-widget-wrap elementor-element-populated\">\n\t\t\t\t\t\t<div class=\"elementor-element elementor-element-19b8d91e elementor-widget elementor-widget-heading\" data-id=\"19b8d91e\" data-element_type=\"widget\" data-widget_type=\"heading.default\">\n\t\t\t\t<div class=\"elementor-widget-container\">\n\t\t\t\t\t<h2 class=\"elementor-heading-title elementor-size-default\">Popis bonita\u010dn\u00e9ho k\u00f3du pre posudzovanie v\u00fdkonu - G<\/h2>\t\t\t\t<\/div>\n\t\t\t\t<\/div>\n\t\t\t\t<div class=\"elementor-element elementor-element-409a582 elementor-widget elementor-widget-text-editor\" data-id=\"409a582\" data-element_type=\"widget\" data-widget_type=\"text-editor.default\">\n\t\t\t\t<div class=\"elementor-widget-container\">\n\t\t\t\t\t\t\t\t\t<p>Nepr\u00edpustn\u00e9:<\/p><p>2 -minim\u00e1lny alebo \u017eiadny prejav z\u00e1ujmu o divia\u010diu zver, v\u00fdrazn\u00e9 prejavy nervozity resp. bojazlivosti, neochota pracova\u0165 s diviakom ani s pomocou vodi\u010da<\/p><p>3-neurotik \u2013 slab\u0161\u00ed z\u00e1ujem o pr\u00e1cu s pomocou vodi\u010da a(opakovan\u00e9 povzbudzovanie), v\u00e4\u010d\u0161ia vzdialenos\u0165 od diviaka (viac ako 5 m), nepravideln\u00e9 hl\u00e1senie, \u010dast\u00e9 op\u00fa\u0161\u0165anie pr\u00edp. dlhodob\u00e9 opustenie zveri \u2013 opatrn\u00fd, nerv\u00f3zny ,nes\u00fastreden\u00fd, nevyrovnan\u00fd prejav a\u017e s n\u00e1znakom bojazlivosti napriek povzbudzovaniu vodi\u010da<\/p><hr \/><p><span style=\"text-decoration: underline;\">Pr\u00edpustn\u00e9:<\/span><\/p><p><span style=\"text-decoration: underline;\">4 &#8211; cholerik \u2013 v\u00fdrazn\u00fd z\u00e1ujem, akt\u00edvna samostatn\u00e1 pr\u00e1ca a h\u013eadanie bez pomoci vodi\u010da, vytrval\u00fd tesn\u00fd kontakt s neust\u00e1lou tendenciou k priamemu fyzick\u00e9mu kontaktu \u2013 s divia\u010dou zverou a\u017e prejavy bezhlav\u00e9ho \u00fato\u010denia (najm\u00e4 hlava diviaka) , vytrval\u00e9 hl\u00e1senie \u2013 akt\u00edvna,menej obozretn\u00e1 pr\u00e1ca,bez opustenia diviaka po\u010das doby presk\u00fa\u0161ania \u2013 sebavedom\u00fd prejav so zn\u00e1mkami zv\u00fd\u0161enej ostrosti a\u017e agresivity<\/span><\/p><hr \/><p><strong>Optim\u00e1lne:<\/strong><\/p><p><strong>5 \u2013 sanguinik \u2013 v\u00fdrazn\u00fd z\u00e1ujem, akt\u00edvna samostatn\u00e1 pr\u00e1ca a h\u013eadanie bez pomoci vodi\u010da, vytrval\u00fd tesn\u00fd kontakt so snahou da\u0165 diviaka do pohybu, vytrval\u00e9 hl\u00e1senie bez dlh\u0161\u00edch prest\u00e1vok \u2013 akt\u00edvna obozretn\u00e1 pr\u00e1ca, bez dlh\u0161ieho opustenia diviaka po\u010das doby presk\u00fa\u0161ania s n\u00e1znakom alebo ob\u010dasn\u00fdm fyzick\u00fdm kontaktom s diviakom (zadn\u00e1 \u010das\u0165 tela, boky) \u2013 vyrovnan\u00fd, sebavedom\u00fd prejav s po\u017eadovanou ostros\u0165ou, d\u00f4razom a obozretnos\u0165ou pri pr\u00e1ci s diviakom<\/strong><\/p><hr \/><p><span style=\"text-decoration: underline;\">Pr\u00edpustn\u00e9:<\/span><\/p><p><span style=\"text-decoration: underline;\">6 \u2013 sanguinik s n\u00e1znakom flegmatika \u2013 menej vyjadren\u00fd z\u00e1ujem a h\u013eadanie, samostatn\u00e1 pr\u00e1ca bez pomoci vodi\u010da, vytrval\u00fd kontakt, hl\u00e1senie s men\u0161\u00edmi prest\u00e1vkami \u2013 obozretn\u00e1 pr\u00e1ca bez dlh\u0161ieho opustenia diviaka po\u010das doby presk\u00fa\u0161ania \u2013 celkovo vyrovnan\u00fd, menej s\u00fastreden\u00fd, sebavedom\u00fd a d\u00f4razn\u00fd prejav, mierna strata ostrosti (slab\u0161ia ostros\u0165)<\/span><\/p><hr \/><p>Nepr\u00edpustn\u00e9:<\/p><p>7 \u2013 flegmatik \u2013 slab\u00fd z\u00e1ujem, pomoc vodi\u010da pri pr\u00e1ci (opakovan\u00e9 povzbudzovanie), v\u00e4\u010d\u0161ia vzdialenos\u0165, nepravideln\u00e9 hl\u00e1senie s v\u00e4\u010d\u0161\u00edmi prest\u00e1vkami, neop\u00fa\u0161\u0165a dlhodobo \u2013 m\u00e1lo akt\u00edvna opatrn\u00e1 pr\u00e1ca, m\u00e1lo sebavedom\u00fd prejav so slab\u00fdm z\u00e1ujmom o divia\u010diu zver (v\u00fdrazn\u00e1 strata ostrosti)<\/p><p>8-melancholik \u2013 \u017eiadny prejav z\u00e1ujmu o divia\u010diu zver, bez prejavov bojazlivosti \u2013 v\u00fdrazne flegmatick\u00fd a\u017e \u00faplne \u013eahostajn\u00fd prejav, v\u00fdrazn\u00e1 a\u017e \u00fapln\u00e1 strata ostrosti<\/p>\t\t\t\t\t\t\t\t<\/div>\n\t\t\t\t<\/div>\n\t\t\t\t\t<\/div>\n\t\t<\/div>\n\t\t\t\t<div class=\"elementor-column elementor-col-33 elementor-top-column elementor-element elementor-element-b746d78\" data-id=\"b746d78\" data-element_type=\"column\">\n\t\t\t<div class=\"elementor-widget-wrap elementor-element-populated\">\n\t\t\t\t\t\t<div class=\"elementor-element elementor-element-379ae80 elementor-widget elementor-widget-heading\" data-id=\"379ae80\" data-element_type=\"widget\" data-widget_type=\"heading.default\">\n\t\t\t\t<div class=\"elementor-widget-container\">\n\t\t\t\t\t<h2 class=\"elementor-heading-title elementor-size-default\">Absolvovan\u00e9 bonit\u00e1cie z v\u00fdkonu<\/h2>\t\t\t\t<\/div>\n\t\t\t\t<\/div>\n\t\t\t\t<div class=\"elementor-element elementor-element-cbab880 elementor-widget elementor-widget-heading\" data-id=\"cbab880\" data-element_type=\"widget\" data-widget_type=\"heading.default\">\n\t\t\t\t<div class=\"elementor-widget-container\">\n\t\t\t\t\t<h2 class=\"elementor-heading-title elementor-size-xxl\">2020<\/h2>\t\t\t\t<\/div>\n\t\t\t\t<\/div>\n\t\t\t\t\t<\/div>\n\t\t<\/div>\n\t\t\t\t\t<\/div>\n\t\t<\/section>\n\t\t\t\t<section class=\"elementor-section elementor-top-section elementor-element elementor-element-63582002 elementor-section-boxed elementor-section-height-default elementor-section-height-default\" data-id=\"63582002\" data-element_type=\"section\">\n\t\t\t\t\t\t<div class=\"elementor-container elementor-column-gap-default\">\n\t\t\t\t\t<div class=\"elementor-column elementor-col-100 elementor-top-column elementor-element elementor-element-a1e2010\" data-id=\"a1e2010\" data-element_type=\"column\">\n\t\t\t<div class=\"elementor-widget-wrap\">\n\t\t\t\t\t\t\t<\/div>\n\t\t<\/div>\n\t\t\t\t\t<\/div>\n\t\t<\/section>\n\t\t\t\t<\/div>\n\t\t","protected":false},"excerpt":{"rendered":"<p>Toto ocenenie sa z\u00edskava a\u017e po \u00faspe\u0161nom absolvovan\u00ed predch\u00e1dzaj\u00facich bodov.\u00a0Presk\u00fa\u0161ania odvahy prebieha vo vybran\u00fdch opl\u00f4tkoch po dobu 10 min\u00fat. Presk\u00fa\u0161anie sa m\u00f4\u017ee opakova\u0165 2x. (celkovo absolvova\u0165 3x).\u00a0Po\u010det posudzovan\u00fdch psov na [&hellip;]<\/p>\n","protected":false},"author":1,"featured_media":0,"parent":33445,"menu_order":0,"comment_status":"closed","ping_status":"closed","template":"","meta":{"ngg_post_thumbnail":0,"ocean_post_layout":"","ocean_both_sidebars_style":"","ocean_both_sidebars_content_width":0,"ocean_both_sidebars_sidebars_width":0,"ocean_sidebar":"0","ocean_second_sidebar":"0","ocean_disable_margins":"enable","ocean_add_body_class":"","ocean_shortcode_before_top_bar":"","ocean_shortcode_after_top_bar":"","ocean_shortcode_before_header":"","ocean_shortcode_after_header":"","ocean_has_shortcode":"","ocean_shortcode_after_title":"","ocean_shortcode_before_footer_widgets":"","ocean_shortcode_after_footer_widgets":"","ocean_shortcode_before_footer_bottom":"","ocean_shortcode_after_footer_bottom":"","ocean_display_top_bar":"default","ocean_display_header":"default","ocean_header_style":"","ocean_center_header_left_menu":"0","ocean_custom_header_template":"0","ocean_custom_logo":0,"ocean_custom_retina_logo":0,"ocean_custom_logo_max_width":0,"ocean_custom_logo_tablet_max_width":0,"ocean_custom_logo_mobile_max_width":0,"ocean_custom_logo_max_height":0,"ocean_custom_logo_tablet_max_height":0,"ocean_custom_logo_mobile_max_height":0,"ocean_header_custom_menu":"0","ocean_menu_typo_font_family":"0","ocean_menu_typo_font_subset":"","ocean_menu_typo_font_size":0,"ocean_menu_typo_font_size_tablet":0,"ocean_menu_typo_font_size_mobile":0,"ocean_menu_typo_font_size_unit":"px","ocean_menu_typo_font_weight":"","ocean_menu_typo_font_weight_tablet":"","ocean_menu_typo_font_weight_mobile":"","ocean_menu_typo_transform":"","ocean_menu_typo_transform_tablet":"","ocean_menu_typo_transform_mobile":"","ocean_menu_typo_line_height":0,"ocean_menu_typo_line_height_tablet":0,"ocean_menu_typo_line_height_mobile":0,"ocean_menu_typo_line_height_unit":"","ocean_menu_typo_spacing":0,"ocean_menu_typo_spacing_tablet":0,"ocean_menu_typo_spacing_mobile":0,"ocean_menu_typo_spacing_unit":"","ocean_menu_link_color":"","ocean_menu_link_color_hover":"","ocean_menu_link_color_active":"","ocean_menu_link_background":"","ocean_menu_link_hover_background":"","ocean_menu_link_active_background":"","ocean_menu_social_links_bg":"","ocean_menu_social_hover_links_bg":"","ocean_menu_social_links_color":"","ocean_menu_social_hover_links_color":"","ocean_disable_title":"default","ocean_disable_heading":"default","ocean_post_title":"","ocean_post_subheading":"","ocean_post_title_style":"","ocean_post_title_background_color":"","ocean_post_title_background":0,"ocean_post_title_bg_image_position":"","ocean_post_title_bg_image_attachment":"","ocean_post_title_bg_image_repeat":"","ocean_post_title_bg_image_size":"","ocean_post_title_height":0,"ocean_post_title_bg_overlay":0.5,"ocean_post_title_bg_overlay_color":"","ocean_disable_breadcrumbs":"default","ocean_breadcrumbs_color":"","ocean_breadcrumbs_separator_color":"","ocean_breadcrumbs_links_color":"","ocean_breadcrumbs_links_hover_color":"","ocean_display_footer_widgets":"default","ocean_display_footer_bottom":"default","ocean_custom_footer_template":"0","footnotes":""},"class_list":["post-33434","page","type-page","status-publish","hentry","entry"],"_links":{"self":[{"href":"https:\/\/slovensky-kopov.sk\/index.php?rest_route=\/wp\/v2\/pages\/33434","targetHints":{"allow":["GET"]}}],"collection":[{"href":"https:\/\/slovensky-kopov.sk\/index.php?rest_route=\/wp\/v2\/pages"}],"about":[{"href":"https:\/\/slovensky-kopov.sk\/index.php?rest_route=\/wp\/v2\/types\/page"}],"author":[{"embeddable":true,"href":"https:\/\/slovensky-kopov.sk\/index.php?rest_route=\/wp\/v2\/users\/1"}],"replies":[{"embeddable":true,"href":"https:\/\/slovensky-kopov.sk\/index.php?rest_route=%2Fwp%2Fv2%2Fcomments&post=33434"}],"version-history":[{"count":0,"href":"https:\/\/slovensky-kopov.sk\/index.php?rest_route=\/wp\/v2\/pages\/33434\/revisions"}],"up":[{"embeddable":true,"href":"https:\/\/slovensky-kopov.sk\/index.php?rest_route=\/wp\/v2\/pages\/33445"}],"wp:attachment":[{"href":"https:\/\/slovensky-kopov.sk\/index.php?rest_route=%2Fwp%2Fv2%2Fmedia&parent=33434"}],"curies":[{"name":"wp","href":"https:\/\/api.w.org\/{rel}","templated":true}]}}