{"id":34119,"date":"2020-11-15T19:33:15","date_gmt":"2020-11-15T18:33:15","guid":{"rendered":"https:\/\/slovensky-kopov.sk\/?page_id=34119"},"modified":"2020-11-15T19:37:03","modified_gmt":"2020-11-15T18:37:03","slug":"slovensky-kopov-v-minulosti-a-dnes","status":"publish","type":"page","link":"https:\/\/slovensky-kopov.sk\/?page_id=34119","title":{"rendered":"Slovensk\u00fd kopov v minulosti a dnes"},"content":{"rendered":"<p>Vo v\u00e4\u010d\u0161ine na\u0161ich lesn\u00fdch po\u013eovn\u00fdch rev\u00edrov sa od nepam\u00e4ti pou\u017e\u00edvali duriaci psi. Vypl\u00fdvalo to z nutnosti, pramenia\u00adcej z podmienok po\u013eovania v \u010dlenitom ter\u00e9ne a v \u0165a\u017eko pr\u00edstupn\u00fdch, nepre\u00adh\u013eadn\u00fdch h\u00fa\u0161tin\u00e1ch.&nbsp;<span id=\"more-7700\"><\/span>Podhoria, ktor\u00e9 tvoria lesn\u00e9 komplexy s r\u00f4znorod\u00fdm porastom, pln\u00e9 \u00fa\u017e\u013eab\u00edn a ter\u00e9nnych v\u013an, v ktor\u00fdch naj\u010dastej\u0161ou zverou b\u00fdvali zajace, l\u00ed\u0161ky a diviaky, d\u00e1vali mo\u017enos\u0165 uplatni\u0165 sa len tak\u00e9mu psovi, ktor\u00fd ve\u00addel v tak\u00fdchto miestach zver n\u00e1js\u0165, dlh\u0161\u00ed \u010das ju hlasito prenasledova\u0165 a umo\u017eni\u0165 tak niektor\u00e9mu z po\u013eovn\u00edkov \u0161\u0165astn\u00fd v\u00fdstrel. Najschopnej\u0161\u00ed pre t\u00fato pr\u00e1cu sa uk\u00e1zal kopov. E\u0161te v ned\u00e1vnych do\u00adb\u00e1ch sa pou\u017e\u00edval aj pri love srn\u010dej zveri, ba chodievalo sa s n\u00edm i do hlb\u0161\u00edch komplexov za zverou jele\u0148ou. Nesk\u00f4r do\u0161lo k z\u00e1kazu po\u013eovania na t\u00fato zver s duriacimi psami. Preto\u017ee sa v\u0161ak tento z\u00e1kaz v\u0161ade striktne nedodr\u017eoval, a s kopovom sa pod r\u00f4znymi z\u00e1mienkami i \u010falej takto po\u013eovalo, za\u010dalo sa hrom\u00ad\u017ei\u0165 na samotn\u00e9ho kopova, ktor\u00fd takto nevinne pykal za nek\u00e1ze\u0148 po\u013eovn\u00edkov.<\/p>\n<p>Chovatelia kopovov sa regrutovali zv\u00e4\u010d\u0161a z vrstiev drobn\u00e9ho \u013eudu, ktor\u00e9\u00admu sa u\u0161li len men\u0161ie obecn\u00e9 alebo urb\u00e1rske rev\u00edry, kde b\u00fdvalo m\u00e1lo srn\u010dej zveri a zver jelenia sa tam zdr\u017eiavala len prechodne. Ve\u013ek\u00e9 lesn\u00e9 komplexy s hojnos\u0165ou zveri b\u00fdvali v spr\u00e1ve \u0161t\u00e1tu, alebo ich mali v n\u00e1jme kapit\u00e1lov\u00e9 siln\u00ed jednotlivci, ktor\u00ed chovali prepestovan\u00e9 u\u017e cudzie plemen\u00e1 a o na\u0161om kopovovi tvrdili, \u017ee je ru\u0161iv\u00fdm elementom v rev\u00edri, \u017ee je neovl\u00e1date\u013en\u00fd, \u0161tv\u00e1\u010d a pod. Z tohto titulu ho \u010dasto likvidovali ako \u0161kodn\u00fa. Drobn\u00ed chovatelia kopova z pochopi\u00adte\u013en\u00e9ho triedneho vzdoru nemali z\u00e1\u00adujem na v\u00fdcviku duriaceho psa tak, aby ho odv\u00e1dzali od durenia srn\u010dej a jele\u00adnej zveri. Ostalo nakoniec na tom, \u017ee sa kopov vycvi\u010di\u0165 ned\u00e1 a ubli\u017eovalo sa mu \u010falej. Odznelo u\u017e o tom ve\u013ea re\u010d\u00ed i plan\u00fdch \u0161kriepok, ktor\u00e9 v\u0161ak neviedli k ni\u010domu. Len z\u013eudovenie n\u00e1\u0161ho po\u013eov\u00adn\u00edctva v socialistickom zriaden\u00ed t\u00fato bari\u00e9ru predsudkov odb\u00faralo a z\u00e1le\u017ei\u00adtos\u0165 s kopovom priviedlo na spr\u00e1vnu z\u00e1klad\u0148u. Pokojn\u00e1, triezva rozvaha a l\u00e1ska k veci kopovovi pomohli. Sloven\u00adsk\u00fd kopov \u017eije a v \u013eudovom po\u013eovn\u00edctve s n\u00edm aj v\u00e1\u017ene po\u010d\u00edtame.<\/p>\n<p>Uk\u00e1zalo sa, \u017ee aj probl\u00e9m \u0161tvania srn\u010dej a jelenej zveri sa d\u00e1 u neho rie\u0161i\u0165, a to aj bez komplikovan\u00fdch receptov. Sta\u010d\u00ed pr\u00edsne dodr\u017eiava\u0165 z\u00e1sadu, aby sa nikdy s kopovom na t\u00fato zver nepo\u013eo\u00advalo, po\u0165a\u017ene aby sa nikdy t\u00e1to zver pred n\u00edm nelovila. Namiesto toho treba ho v\u0161ak prip\u00fatan\u00e9ho vodi\u0165 cez cel\u00fd rok a pri ka\u017edej pr\u00edle\u017eitosti k srn\u010dej a jele\u00adnej zveri, upokojova\u0165 ho pred \u0148ou a d\u00e1va\u0165 mu najavo, \u017ee si ju nem\u00e1 v\u0161\u00edma\u0165. Na druhej strane treba v\u0161ak kopovovi umo\u017eni\u0165, aby si svoje po\u013eovn\u00e9 vlohy rozv\u00edjal pri zajacoch, l\u00ed\u0161kach a divia\u00adkoch.<\/p>\n<p><img fetchpriority=\"high\" decoding=\"async\" class=\"size-medium wp-image-34123 alignleft\" src=\"https:\/\/slovensky-kopov.sk\/wp-content\/uploads\/2020\/11\/kopov2-235x300.png\" alt=\"\" width=\"235\" height=\"300\" srcset=\"https:\/\/slovensky-kopov.sk\/wp-content\/uploads\/2020\/11\/kopov2-235x300.png 235w, https:\/\/slovensky-kopov.sk\/wp-content\/uploads\/2020\/11\/kopov2-376x480.png 376w, https:\/\/slovensky-kopov.sk\/wp-content\/uploads\/2020\/11\/kopov2.png 733w\" sizes=\"(max-width: 235px) 100vw, 235px\" \/>Vystrelenie na ur\u010dit\u00fd druh zveri vie vyvola\u0165 u mlad\u00e9ho psa tak\u00e9 siln\u00e9 vzru\u00ad\u0161enie, \u017ee v bud\u00facnosti prejavuje o tak\u00fa zver hne\u010f mimoriadny z\u00e1ujem. T\u00fdm viac je to pri srn\u010dej a jelenej zveri, ktor\u00fa r\u00e1d dur\u00ed ka\u017ed\u00fd pes. Stane sa neraz, \u017ee pri po\u013eovan\u00ed na diviaky v \u010dase odstrelu srn\u010dej a jelenej zveri n\u00e1m kopov t\u00fato zver predur\u00ed. T\u00fdm by sa ni\u010d hrozn\u00e9ho nestalo. V takomto pr\u00edpade v\u0161ak treba, aby sa na poduren\u00fa zver nikdy nestrie\u00ad\u013ealo a nesmieme si to dovoli\u0165 ani pod z\u00e1mienkou potreby splnenia kontin\u00adgentu, ako sa to e\u0161te i teraz \u010dasto st\u00e1va. Jeden jedin\u00fd v\u00fdstrel na srn\u010diu alebo jeleniu zver pred duriacim psom n\u00e1m m\u00f4\u017ee na\u0161u celoro\u010dn\u00fa pr\u00e1cu vo v\u00fdcviku psa zvr\u00e1ti\u0165.<\/p>\n<p>&nbsp;<\/p>\n<p>Pri chove duriacich psov sa v&nbsp;minulosti nekl\u00e1dol ve\u013ek\u00fd d\u00f4raz na zov\u0148aj\u0161ok. Smerodajn\u00e9 tu b\u00fdvali po\u013eovn\u00e9 vlohy, \u010dasto len n\u00e1hodne objaven\u00e9. Po\u013eov\u00adn\u00fd pes, v tom pr\u00edpade duriaci, musel svoje kvality dok\u00e1za\u0165, aby sa mohol za tak\u00e9ho pova\u017eova\u0165, lebo pri menej do\u00adkonal\u00fdch zbraniach z\u00e1visel na \u0148om vtedy v\u00fdsledok po\u013eova\u010dky ove\u013ea viac ako teraz. Psici sa dochov\u00e1vali len od osved\u010den\u00fdch jedincov, pri\u010dom sa jed\u00adnotliv\u00e9 kmene duriacich psov prepestov\u00e1vali v oddelen\u00fdch \u00fazemn\u00fdch celkoch, pod\u013ea ktor\u00fdch mali aj svoje charakte\u00adristick\u00e9 exteri\u00e9rov\u00e9 znaky. Takto bol kopov p\u00f4vodne zn\u00e1my vo viacer\u00fdch farebn\u00fdch variantoch, a len v posled\u00adn\u00fdch 30 rokoch sa ust\u00e1lil jeho zov\u0148aj\u0161ok na \u010diernej farbe s p\u00e1len\u00edm. Jeho p\u00f4vod\u00adn\u00fa v\u00fd\u0161ku okolo 55 cm podarilo sa cho\u00advate\u013eom podstatne zn\u00ed\u017ei\u0165 a vytvori\u0165 tak typ slovensk\u00e9ho kopova v teraj\u0161om jeho \u0161tandarde.<\/p>\n<p>&nbsp;<\/p>\n<p>&nbsp;<\/p>\n<p>Slovensk\u00fd kopov pri spr\u00e1vnom v\u00fdcviku a veden\u00ed je nepostr\u00e1dateln\u00fdm pomocn\u00edkom po\u013eovn\u00edkov najm\u00e4 v po\u013eovn\u00fdch rev\u00edroch, kde sa zdr\u017euj\u00fa diviaky v porovnan\u00ed s in\u00fdmi po\u013eovn\u00fdmi ple\u00admenami m\u00e1 kopov okrem svojej fyzic\u00adkej zdatnosti:<\/p>\n<ol>\n<li>v\u00fdborn\u00e9 h\u013eadanie v h\u00fa\u0161tin\u00e1ch,<\/li>\n<li>vytrval\u00e9, v\u017edy hlasit\u00e9 sledovanie teplej stopy,<\/li>\n<li>n\u00e1le\u017eit\u00fa ostros\u0165 a<\/li>\n<li>mimoriadny orienta\u010dn\u00fd zmysel.<\/li>\n<\/ol>\n<p>V \u0165a\u017ekom lesnom ter\u00e9ne, v roz\u013eah\u00adl\u00fdch h\u00fa\u0161tin\u00e1ch je v\u00fdsledok po\u013eovania ve\u013emi \u010dasto priamo z\u00e1visl\u00fd na tom, \u010di je po ruke dobr\u00fd kopov, lebo in\u00ed psi tu m\u00e1lokedy zaber\u00fa. Kopov h\u013ead\u00e1 ve\u013emi s\u00fastredene, prenik\u00e1 hlboko do h\u00fa\u0161tin, \u00fa\u017e\u013eab\u00edn a in\u00fdch \u00fakrytov zveri, z kto\u00adr\u00fdch vychod\u00ed a\u017e potom, ke\u010f ich d\u00f4\u00adkladne presk\u00famal. V spleti st\u00f4p sa r\u00fdchlo orientuje a ke\u010f zver v priestore jeho h\u013eadania je, iste ju n\u00e1jde a ohl\u00e1si. Toto sa v\u0161ak s\u00e1m na re\u0165azi pri b\u00fade nenau\u010d\u00ed, treba ho od mala v h\u013eadan\u00ed zaprac\u00fava\u0165.<\/p>\n<p>Hlasitos\u0165 na teplej stope je u kopova samozrejm\u00e1 a ke\u010f ho prv\u00fd raz vedieme k zveri, nekladieme si ani ot\u00e1zku, \u010di bude za \u0148ou hl\u00e1si\u0165, ale sme zvedav\u00ed len na to, ak\u00fd bude jeho hlas. Zdvihnut\u00fa zver sleduje po stope vytrvalo a v hla\u00adsitosti sa odml\u010duje len vtedy, ke\u010f na \u010das stopu strat\u00ed. Pod\u013ea d\u013a\u017eky a \u010dast\u00e9ho opakovania t\u00fdchto ,,p\u00e1uz\u201d posudzuje\u00adme i kvalitu kopova, jeho durenie ne\u00adb\u00fdva nijako r\u00fdchle, ale prebieha vo\u013e\u00adn\u00fdm tempom, pri starostlivom sledo\u00advan\u00ed stopy. Nemo\u017eno tu ani hovori\u0165 o \u0161tvan\u00ed zveri v pravom slova zmysle. V \u0165a\u017ekom ter\u00e9ne alebo hlb\u0161om snehu ide kopov po stope len vo\u013en\u00fdm klusom, \u010dasto len krokom, ale hlasit\u00e9. Zver unik\u00e1 oby\u010dajne \u010faleko dopredu, \u010dasto meniac smer, orientuj\u00fac sa pod\u013ea hlasu svojho prenasledovate\u013ea. Nerob\u00ed tak len pref\u00ed\u00adkan\u00e1 l\u00ed\u0161ka, ale s v\u00fdnimkou diviaka i ostatn\u00e1 zver. Tak\u00e9to durenie, pravda, netrv\u00e1 p\u00e1r min\u00fat, ale dlh\u0161\u00ed \u010das, \u010dasto hodinu i viac, pri\u010dom je zver prin\u00faten\u00e1 ponav\u0161tevova\u0165 v\u0161etky jej zn\u00e1me pre\u00adchody. Kopovovi nevad\u00ed nijak\u00fd jej d\u00f4\u00admyseln\u00fd odskok, lebo tak\u00fdto r\u00e9bus rie\u0161i v najhor\u0161om pr\u00edpade zn\u00e1mym op\u00edsan\u00edm kruhu v mieste z\u00eddenia zo stopy a pri novom narazen\u00ed na \u0148u, znova ju ohl\u00e1si.<\/p>\n<p>Jasnos\u0165 a v\u00fdraznos\u0165 hlasu duriaceho kopova a melodi\u010dnos\u0165 svorky kopovov vytv\u00e1ra pre po\u013eovn\u00edka tak\u00fd kr\u00e1sny a vzru\u0161uj\u00faci z\u00e1\u017eitok, ak\u00fd sa nielen \u0165a\u017eko opisuje, ale aj \u0165a\u017eko s nie\u010d\u00edm in\u00fdm zrovn\u00e1va. Vysoko si t\u00fdchto vlastnost\u00ed du\u00adriacich psov cenia i v cudzine a napr. v Sovietskom sv\u00e4ze sa na sk\u00fa\u0161kach z v\u00fdkonu u duri\u010dov zvl\u00e1\u0161\u0165 ohodnocuje s\u00fdtos\u0165 hlasu, jeho podfarbenie a melo\u00addi\u010dnos\u0165 p\u00e1ru alebo kopovovej svorky. I ke\u010f je kopov nie tak\u00fd ostr\u00fd, aby sa napr. bezhlavo vrhal na diviaka, ako to robia teri\u00e9ry (t\u00fdm ho mus\u00ed oby\u010dajne najprv kopov n\u00e1js\u0165), je to pes smel\u00fd, ktor\u00fd v\u0161ak svoje schopnosti neprece\u0148uje. Dobr\u00fd kopov divia\u010diar v\u0161ak \u010dasto i viac hod\u00edn hlasito dor\u00e1\u017ea na diviaka a p\u00fa\u00adtaj\u00fac jeho pozornos\u0165 na seba, umo\u017e\u0148uje po\u013eovn\u00edkovi loveck\u00fd \u00faspech, \u010do sa zrej\u00adme viac hodnot\u00ed ako samotn\u00e1 ostros\u0165.<\/p>\n<p>Orienta\u010dn\u00fd zmysel kopova \u2018je ozaj obdivuhodn\u00fd. I v cudzom prostred\u00ed sa p\u00fa\u0161\u0165a do \u010falek\u00e9ho h\u013eadania bez obavy, \u017ee zabl\u00fadi alebo \u017ee sa mu jeho p\u00e1n strat\u00ed. I po hodinovom duren\u00ed ho n\u00e1jde bez \u0165a\u017ekost\u00ed a \u017eiaduce b\u00fdva len obli\u00adg\u00e1tnu hodinku na ps\u00edka po\u010dka\u0165. Aj keby sa tak z nejak\u00fdch v\u00e1\u017enych pr\u00ed\u010din sta\u0165 nemohlo, tak kopovovi nejak\u00fdch t\u00fdch 10 \u2014 20 km pre potrafenie domov ni\u010d neznamen\u00e1.<\/p>\n<p>Na po\u013eovanie sa v socialistickom zria\u00adden\u00ed pozer\u00e1me ako na hospod\u00e1rsku prvov\u00fdrobu a mnoho r\u00e1z, aby sme to zd\u00f4raznili, \u010dasto a\u017e n\u00e1padne tvrd\u00edme, \u017ee t\u00e1to hospod\u00e1rska \u010dinnos\u0165 nem\u00e1 ni\u010d spolo\u010dn\u00e9ho so \u0161portom a osvie\u017een\u00edm ducha, poukazujeme len na povinnosti a zaml\u010dujeme v\u0161etky tie pocity kr\u00e1sna, du\u0161evnej pohody a mil\u00e9ho vzruchu, ktor\u00e9 n\u00e1m vie pobyt v pr\u00edrode pri po\u013eo\u00advan\u00ed dopria\u0165. Pri po\u013eovan\u00ed s kopovom b\u00fdvaj\u00fa tieto dojmy najkraj\u0161ie, \u010do sa ned\u00e1 ani zaprie\u0165, ani zastrie\u0165. Popri pr\u00f3ze be\u017en\u00e9ho \u017eivota, pri plnen\u00ed ka\u017e\u00addodenn\u00fdch \u00faloh vie znie\u0165 hlahol kopovov v u\u0161iach po\u013eovn\u00edka v jesenn\u00fa ne\u00adde\u013eu ozaj sviato\u010dne a poeticky. Dobre mu je na du\u0161i a odpo\u010dinie si. To m\u00e1 nesporne tie\u017e svoju hodnotu.<\/p>\n<p>&nbsp;<\/p>\n<p>Pri v\u0161etk\u00fdch t\u00fdchto \u00favah\u00e1ch je v\u0161ak rozhoduj\u00faca hospod\u00e1rska str\u00e1nka, kto\u00adr\u00e1 pou\u017e\u00edvanie duriaceho psa usmer\u0148uje. Pod\u013ea tejto nem\u00e1 zmyslu, aby sme ko\u00adpova chovali v lesn\u00fdch rev\u00edroch, zazveren\u00fdch len zverou srn\u010dou a jele\u0148ou, ak\u00fdmi s\u00fa napr. hlbok\u00e9 lesy hlavn\u00fdch hrebe\u0148ov Ve\u013ekej Fatry a N\u00edzkych Ta\u00adtier, lebo tam patr\u00ed farbiar. M\u00e1me ho v\u0161ak chova\u0165 tam, kde s\u00fa men\u0161ie lesn\u00e9 komplexy a nepreh\u013eadn\u00e9 chraste, zazveren\u00e9 l\u00ed\u0161kami a zajacmi a najm\u00e4 tam, kde sa vyskytuj\u00fa diviaky. Ide o jedin\u00e9 slovensk\u00e9 plemeno, o ktor\u00e9 v\u0161ak u\u017e aj cudzina prejavuje z\u00e1ujem. V\u0161etci chovatelia a&nbsp;priaznivci tohto plemena maj\u00fa sa sna\u017ei\u0165 o jeho \u010fal\u0161ie prepestovanie, \u010do sa bude da\u0165 \u00faspe\u0161nej\u0161ie urobi\u0165 pri zorganizovan\u00ed z\u00e1ujemcov v klube pre chov slovensk\u00e9\u00adho kopova, ktor\u00fd sa z iniciat\u00edvy kyno\u00adlogick\u00e9ho odboru Sv\u00e4zu POZ vytv\u00e1ra. Okrem zu\u0161\u013each\u0165ov\u00e1vania tohto plemena zo str\u00e1nky exteri\u00e9rovej bude ma\u0165 klub na starosti i st\u00e1le zlep\u0161ovanie chovu zo str\u00e1nky v\u00fdkonnosti cie\u013eavedom\u00fdm v\u00fdberom chovn\u00fdch jedincov. Na ka\u017e\u00addoro\u010dn\u00fdch sk\u00fa\u0161kach kopovov z v\u00fdkonu a na chovn\u00fdch prehliadkach budeme si m\u00f4c\u0165 v\u00fdsledky na\u0161ej pr\u00e1ce overi\u0165. M\u00e1me v\u0161etky predpoklady, aby sa n\u00e1m t\u00e1to pr\u00e1ca darila.<\/p>\n<p>ANDREJ REN\u010cO<\/p>\n<p>Po\u013eovn\u00edcky obzor 2.1957 \u010d.2 r.IX<\/p>\n","protected":false},"excerpt":{"rendered":"<p>Vo v\u00e4\u010d\u0161ine na\u0161ich lesn\u00fdch po\u013eovn\u00fdch rev\u00edrov sa od nepam\u00e4ti pou\u017e\u00edvali duriaci psi. Vypl\u00fdvalo to z nutnosti, pramenia\u00adcej z podmienok po\u013eovania v \u010dlenitom ter\u00e9ne a v \u0165a\u017eko pr\u00edstupn\u00fdch, nepre\u00adh\u013eadn\u00fdch h\u00fa\u0161tin\u00e1ch.&nbsp;Podhoria, ktor\u00e9 [&hellip;]<\/p>\n","protected":false},"author":1,"featured_media":0,"parent":32740,"menu_order":0,"comment_status":"closed","ping_status":"closed","template":"","meta":{"ngg_post_thumbnail":0,"ocean_post_layout":"","ocean_both_sidebars_style":"","ocean_both_sidebars_content_width":0,"ocean_both_sidebars_sidebars_width":0,"ocean_sidebar":"0","ocean_second_sidebar":"0","ocean_disable_margins":"enable","ocean_add_body_class":"","ocean_shortcode_before_top_bar":"","ocean_shortcode_after_top_bar":"","ocean_shortcode_before_header":"","ocean_shortcode_after_header":"","ocean_has_shortcode":"","ocean_shortcode_after_title":"","ocean_shortcode_before_footer_widgets":"","ocean_shortcode_after_footer_widgets":"","ocean_shortcode_before_footer_bottom":"","ocean_shortcode_after_footer_bottom":"","ocean_display_top_bar":"default","ocean_display_header":"default","ocean_header_style":"","ocean_center_header_left_menu":"0","ocean_custom_header_template":"0","ocean_custom_logo":0,"ocean_custom_retina_logo":0,"ocean_custom_logo_max_width":0,"ocean_custom_logo_tablet_max_width":0,"ocean_custom_logo_mobile_max_width":0,"ocean_custom_logo_max_height":0,"ocean_custom_logo_tablet_max_height":0,"ocean_custom_logo_mobile_max_height":0,"ocean_header_custom_menu":"0","ocean_menu_typo_font_family":"0","ocean_menu_typo_font_subset":"","ocean_menu_typo_font_size":0,"ocean_menu_typo_font_size_tablet":0,"ocean_menu_typo_font_size_mobile":0,"ocean_menu_typo_font_size_unit":"px","ocean_menu_typo_font_weight":"","ocean_menu_typo_font_weight_tablet":"","ocean_menu_typo_font_weight_mobile":"","ocean_menu_typo_transform":"","ocean_menu_typo_transform_tablet":"","ocean_menu_typo_transform_mobile":"","ocean_menu_typo_line_height":0,"ocean_menu_typo_line_height_tablet":0,"ocean_menu_typo_line_height_mobile":0,"ocean_menu_typo_line_height_unit":"","ocean_menu_typo_spacing":0,"ocean_menu_typo_spacing_tablet":0,"ocean_menu_typo_spacing_mobile":0,"ocean_menu_typo_spacing_unit":"","ocean_menu_link_color":"","ocean_menu_link_color_hover":"","ocean_menu_link_color_active":"","ocean_menu_link_background":"","ocean_menu_link_hover_background":"","ocean_menu_link_active_background":"","ocean_menu_social_links_bg":"","ocean_menu_social_hover_links_bg":"","ocean_menu_social_links_color":"","ocean_menu_social_hover_links_color":"","ocean_disable_title":"default","ocean_disable_heading":"default","ocean_post_title":"","ocean_post_subheading":"","ocean_post_title_style":"","ocean_post_title_background_color":"","ocean_post_title_background":0,"ocean_post_title_bg_image_position":"","ocean_post_title_bg_image_attachment":"","ocean_post_title_bg_image_repeat":"","ocean_post_title_bg_image_size":"","ocean_post_title_height":0,"ocean_post_title_bg_overlay":0.5,"ocean_post_title_bg_overlay_color":"","ocean_disable_breadcrumbs":"default","ocean_breadcrumbs_color":"","ocean_breadcrumbs_separator_color":"","ocean_breadcrumbs_links_color":"","ocean_breadcrumbs_links_hover_color":"","ocean_display_footer_widgets":"default","ocean_display_footer_bottom":"default","ocean_custom_footer_template":"0","footnotes":""},"class_list":["post-34119","page","type-page","status-publish","hentry","entry"],"_links":{"self":[{"href":"https:\/\/slovensky-kopov.sk\/index.php?rest_route=\/wp\/v2\/pages\/34119","targetHints":{"allow":["GET"]}}],"collection":[{"href":"https:\/\/slovensky-kopov.sk\/index.php?rest_route=\/wp\/v2\/pages"}],"about":[{"href":"https:\/\/slovensky-kopov.sk\/index.php?rest_route=\/wp\/v2\/types\/page"}],"author":[{"embeddable":true,"href":"https:\/\/slovensky-kopov.sk\/index.php?rest_route=\/wp\/v2\/users\/1"}],"replies":[{"embeddable":true,"href":"https:\/\/slovensky-kopov.sk\/index.php?rest_route=%2Fwp%2Fv2%2Fcomments&post=34119"}],"version-history":[{"count":0,"href":"https:\/\/slovensky-kopov.sk\/index.php?rest_route=\/wp\/v2\/pages\/34119\/revisions"}],"up":[{"embeddable":true,"href":"https:\/\/slovensky-kopov.sk\/index.php?rest_route=\/wp\/v2\/pages\/32740"}],"wp:attachment":[{"href":"https:\/\/slovensky-kopov.sk\/index.php?rest_route=%2Fwp%2Fv2%2Fmedia&parent=34119"}],"curies":[{"name":"wp","href":"https:\/\/api.w.org\/{rel}","templated":true}]}}