{"id":34242,"date":"2020-11-22T19:58:07","date_gmt":"2020-11-22T18:58:07","guid":{"rendered":"https:\/\/slovensky-kopov.sk\/?page_id=34242"},"modified":"2020-11-22T21:10:57","modified_gmt":"2020-11-22T20:10:57","slug":"odporucanie-na-parenie","status":"publish","type":"page","link":"https:\/\/slovensky-kopov.sk\/?page_id=34242","title":{"rendered":"Odpor\u00fa\u010danie na p\u00e1renie"},"content":{"rendered":"\t\t<div data-elementor-type=\"wp-page\" data-elementor-id=\"34242\" class=\"elementor elementor-34242\">\n\t\t\t\t\t\t<section class=\"elementor-section elementor-top-section elementor-element elementor-element-b997617 elementor-section-boxed elementor-section-height-default elementor-section-height-default\" data-id=\"b997617\" data-element_type=\"section\">\n\t\t\t\t\t\t<div class=\"elementor-container elementor-column-gap-default\">\n\t\t\t\t\t<div class=\"elementor-column elementor-col-100 elementor-top-column elementor-element elementor-element-00e0a7f\" data-id=\"00e0a7f\" data-element_type=\"column\">\n\t\t\t<div class=\"elementor-widget-wrap elementor-element-populated\">\n\t\t\t\t\t\t<div class=\"elementor-element elementor-element-afcb792 elementor-widget elementor-widget-text-editor\" data-id=\"afcb792\" data-element_type=\"widget\" data-widget_type=\"text-editor.default\">\n\t\t\t\t<div class=\"elementor-widget-container\">\n\t\t\t\t\t\t\t\t\t<p>V\u00e1\u017een\u00ed chovatelia<\/p><p>Na vystavenie odpor\u00fa\u010dania na p\u00e1renie ste povinn\u00ed po\u017eiada\u0165 o toto odpor\u00fa\u010danie.<span style=\"font-size: 15px; color: var( --e-global-color-text );\">Na podanie \u017eiadosti m\u00e1te dve mo\u017enosti:\u00a0<\/span><\/p>\t\t\t\t\t\t\t\t<\/div>\n\t\t\t\t<\/div>\n\t\t\t\t\t<\/div>\n\t\t<\/div>\n\t\t\t\t\t<\/div>\n\t\t<\/section>\n\t\t\t\t<section class=\"elementor-section elementor-top-section elementor-element elementor-element-6730a9e elementor-section-boxed elementor-section-height-default elementor-section-height-default\" data-id=\"6730a9e\" data-element_type=\"section\">\n\t\t\t\t\t\t<div class=\"elementor-container elementor-column-gap-default\">\n\t\t\t\t\t<div class=\"elementor-column elementor-col-66 elementor-top-column elementor-element elementor-element-12d71c4\" data-id=\"12d71c4\" data-element_type=\"column\">\n\t\t\t<div class=\"elementor-widget-wrap elementor-element-populated\">\n\t\t\t\t\t\t<div class=\"elementor-element elementor-element-c853dbb elementor-widget elementor-widget-text-editor\" data-id=\"c853dbb\" data-element_type=\"widget\" data-widget_type=\"text-editor.default\">\n\t\t\t\t<div class=\"elementor-widget-container\">\n\t\t\t\t\t\t\t\t\t<ol><li>Vyplni\u0165 tla\u010divo &#8222;\u017diados\u0165 o odpor\u00fa\u010danie na p\u00e1renie&#8220; a zasla\u0165 mailom alebo po\u0161tou hlavn\u00e9mu poradcovi chovu.<\/li><\/ol>\t\t\t\t\t\t\t\t<\/div>\n\t\t\t\t<\/div>\n\t\t\t\t\t<\/div>\n\t\t<\/div>\n\t\t\t\t<div class=\"elementor-column elementor-col-33 elementor-top-column elementor-element elementor-element-029e8ae\" data-id=\"029e8ae\" data-element_type=\"column\">\n\t\t\t<div class=\"elementor-widget-wrap elementor-element-populated\">\n\t\t\t\t\t\t<div class=\"elementor-element elementor-element-78df0d6 elementor-widget elementor-widget-shortcode\" data-id=\"78df0d6\" data-element_type=\"widget\" data-widget_type=\"shortcode.default\">\n\t\t\t\t<div class=\"elementor-widget-container\">\n\t\t\t\t\t\t\t<div class=\"elementor-shortcode\"> <div class='w3eden'><!-- WPDM Link Template: Default Template -->\n\n<div class=\"link-template-default card mb-2\">\n    <div class=\"card-body\">\n        <div class=\"media\">\n            <div class=\"mr-3 img-48\"><img decoding=\"async\" class=\"wpdm_icon\" alt=\"Ikona\"   src=\"https:\/\/slovensky-kopov.sk\/wp-content\/plugins\/download-manager\/assets\/file-type-icons\/pdf.png\" \/><\/div>\n            <div class=\"media-body\">\n                <h3 class=\"package-title\"><a href='https:\/\/slovensky-kopov.sk\/?wpdmpro=odporucanie-na-parenie'>Odpor\u00fa\u010danie na p\u00e1renie<\/a><\/h3>\n                <div class=\"text-muted text-small\"><i class=\"fas fa-copy\"><\/i> 1 s\u00fabor(y) <i class=\"fas fa-hdd ml-3\"><\/i> 452.78 KB<\/div>\n            <\/div>\n            <div class=\"ml-3\">\n                <a class='wpdm-download-link download-on-click btn btn-primary btn-xs' rel='nofollow' href='#' data-downloadurl=\"https:\/\/slovensky-kopov.sk\/?wpdmpro=odporucanie-na-parenie&wpdmdl=34245&refresh=69f2edafa30d41777528239\">Stiahnu\u0165<\/a>\n            <\/div>\n        <\/div>\n    <\/div>\n<\/div>\n\n<\/div><\/div>\n\t\t\t\t\t\t<\/div>\n\t\t\t\t<\/div>\n\t\t\t\t\t<\/div>\n\t\t<\/div>\n\t\t\t\t\t<\/div>\n\t\t<\/section>\n\t\t\t\t<section class=\"elementor-section elementor-top-section elementor-element elementor-element-a4f4a6b elementor-section-boxed elementor-section-height-default elementor-section-height-default\" data-id=\"a4f4a6b\" data-element_type=\"section\">\n\t\t\t\t\t\t<div class=\"elementor-container elementor-column-gap-default\">\n\t\t\t\t\t<div class=\"elementor-column elementor-col-100 elementor-top-column elementor-element elementor-element-bf98273\" data-id=\"bf98273\" data-element_type=\"column\">\n\t\t\t<div class=\"elementor-widget-wrap elementor-element-populated\">\n\t\t\t\t\t\t<div class=\"elementor-element elementor-element-a331897 elementor-widget elementor-widget-text-editor\" data-id=\"a331897\" data-element_type=\"widget\" data-widget_type=\"text-editor.default\">\n\t\t\t\t<div class=\"elementor-widget-container\">\n\t\t\t\t\t\t\t\t\t<p>2. Prostredn\u00edctvom webovej str\u00e1nky po\u017eiada\u0165 elektronicky o odpor\u00fa\u010danie na p\u00e1renie.<\/p>\t\t\t\t\t\t\t\t<\/div>\n\t\t\t\t<\/div>\n\t\t\t\t\t<\/div>\n\t\t<\/div>\n\t\t\t\t\t<\/div>\n\t\t<\/section>\n\t\t\t\t<section class=\"elementor-section elementor-top-section elementor-element elementor-element-ef296dc elementor-section-boxed elementor-section-height-default elementor-section-height-default\" data-id=\"ef296dc\" data-element_type=\"section\">\n\t\t\t\t\t\t<div class=\"elementor-container elementor-column-gap-default\">\n\t\t\t\t\t<div class=\"elementor-column elementor-col-100 elementor-top-column elementor-element elementor-element-d2eae45\" data-id=\"d2eae45\" data-element_type=\"column\">\n\t\t\t<div class=\"elementor-widget-wrap elementor-element-populated\">\n\t\t\t\t\t\t<div class=\"elementor-element elementor-element-81a4af7 elementor-widget elementor-widget-text-editor\" data-id=\"81a4af7\" data-element_type=\"widget\" data-widget_type=\"text-editor.default\">\n\t\t\t\t<div class=\"elementor-widget-container\">\n\t\t\t\t\t\t\t\t\t<p>Po prihl\u00e1sen\u00ed na webov\u00fa str\u00e1nku KCHSK sa prepnite do klubmanagera. Po prihl\u00e1sen\u00ed V\u00e1s automaticky prepne do administrat\u00edvneho prostredia webu, alebo z hlavnej str\u00e1nky sa prepnete kliknut\u00edm na odkaz &#8222;Klubmanager&#8220;<\/p><p><a href=\"https:\/\/slovensky-kopov.sk\/wp-content\/uploads\/2020\/11\/Ziadost-1.png\"><img decoding=\"async\" src=\"https:\/\/slovensky-kopov.sk\/wp-content\/uploads\/2020\/11\/Ziadost-1-300x145.png\" alt=\"\" width=\"300\" height=\"145\" \/><\/a><\/p><p>V z\u00e1lo\u017eke chovn\u00e9 jedince sa nach\u00e1dzaj\u00fa v\u0161etky chovn\u00e9 jedince.<\/p><p><a style=\"font-size: 15px; background-color: #ffffff;\" href=\"https:\/\/slovensky-kopov.sk\/wp-content\/uploads\/2020\/11\/Ziadost-2.png\"><img decoding=\"async\" class=\"alignnone size-medium wp-image-34263\" src=\"https:\/\/slovensky-kopov.sk\/wp-content\/uploads\/2020\/11\/Ziadost-2-300x145.png\" alt=\"\" width=\"300\" height=\"145\" srcset=\"https:\/\/slovensky-kopov.sk\/wp-content\/uploads\/2020\/11\/Ziadost-2-300x145.png 300w, https:\/\/slovensky-kopov.sk\/wp-content\/uploads\/2020\/11\/Ziadost-2-1024x495.png 1024w, https:\/\/slovensky-kopov.sk\/wp-content\/uploads\/2020\/11\/Ziadost-2-768x371.png 768w, https:\/\/slovensky-kopov.sk\/wp-content\/uploads\/2020\/11\/Ziadost-2-640x309.png 640w, https:\/\/slovensky-kopov.sk\/wp-content\/uploads\/2020\/11\/Ziadost-2.png 1274w\" sizes=\"(max-width: 300px) 100vw, 300px\" \/><\/a><\/p><p>Vyberte si chovn\u00fa suku, pre ktor\u00fa chcete poda\u0165 \u017eiados\u0165 o odpor\u00fa\u010danie na p\u00e1renie.<\/p><p><a href=\"https:\/\/slovensky-kopov.sk\/wp-content\/uploads\/2020\/11\/Ziadost-2-1.png\"><img decoding=\"async\" class=\"alignnone wp-image-34264 size-medium\" src=\"https:\/\/slovensky-kopov.sk\/wp-content\/uploads\/2020\/11\/Ziadost-2-1-300x145.png\" alt=\"\" width=\"300\" height=\"145\" srcset=\"https:\/\/slovensky-kopov.sk\/wp-content\/uploads\/2020\/11\/Ziadost-2-1-300x145.png 300w, https:\/\/slovensky-kopov.sk\/wp-content\/uploads\/2020\/11\/Ziadost-2-1-1024x495.png 1024w, https:\/\/slovensky-kopov.sk\/wp-content\/uploads\/2020\/11\/Ziadost-2-1-768x371.png 768w, https:\/\/slovensky-kopov.sk\/wp-content\/uploads\/2020\/11\/Ziadost-2-1-640x309.png 640w, https:\/\/slovensky-kopov.sk\/wp-content\/uploads\/2020\/11\/Ziadost-2-1.png 1274w\" sizes=\"(max-width: 300px) 100vw, 300px\" \/><\/a><\/p><p>Kliknete na &#8222;Odpor\u00fa\u010danie na p\u00e1renie &#8211; \u017eiados\u0165&#8220;<\/p><p><a href=\"https:\/\/slovensky-kopov.sk\/wp-content\/uploads\/2020\/11\/Ziadost-3.png\"><img loading=\"lazy\" decoding=\"async\" class=\"alignnone size-medium wp-image-34270\" src=\"https:\/\/slovensky-kopov.sk\/wp-content\/uploads\/2020\/11\/Ziadost-3-300x145.png\" alt=\"\" width=\"300\" height=\"145\" srcset=\"https:\/\/slovensky-kopov.sk\/wp-content\/uploads\/2020\/11\/Ziadost-3-300x145.png 300w, https:\/\/slovensky-kopov.sk\/wp-content\/uploads\/2020\/11\/Ziadost-3-1024x495.png 1024w, https:\/\/slovensky-kopov.sk\/wp-content\/uploads\/2020\/11\/Ziadost-3-768x371.png 768w, https:\/\/slovensky-kopov.sk\/wp-content\/uploads\/2020\/11\/Ziadost-3-640x309.png 640w, https:\/\/slovensky-kopov.sk\/wp-content\/uploads\/2020\/11\/Ziadost-3.png 1274w\" sizes=\"(max-width: 300px) 100vw, 300px\" \/><\/a><\/p><p>Zobraz\u00ed V\u00e1m zoznam \u017eiadost\u00ed a zoznam odpor\u00fa\u010dan\u00ed. Kliknete na &#8222;Prida\u0165 \u017eiados\u0165&#8220;<\/p><p><a href=\"https:\/\/slovensky-kopov.sk\/wp-content\/uploads\/2020\/11\/Ziadost-5.png\"><img loading=\"lazy\" decoding=\"async\" class=\"alignnone size-medium wp-image-34271\" src=\"https:\/\/slovensky-kopov.sk\/wp-content\/uploads\/2020\/11\/Ziadost-5-300x145.png\" alt=\"\" width=\"300\" height=\"145\" srcset=\"https:\/\/slovensky-kopov.sk\/wp-content\/uploads\/2020\/11\/Ziadost-5-300x145.png 300w, https:\/\/slovensky-kopov.sk\/wp-content\/uploads\/2020\/11\/Ziadost-5-1024x495.png 1024w, https:\/\/slovensky-kopov.sk\/wp-content\/uploads\/2020\/11\/Ziadost-5-768x371.png 768w, https:\/\/slovensky-kopov.sk\/wp-content\/uploads\/2020\/11\/Ziadost-5-640x309.png 640w, https:\/\/slovensky-kopov.sk\/wp-content\/uploads\/2020\/11\/Ziadost-5.png 1274w\" sizes=\"(max-width: 300px) 100vw, 300px\" \/><\/a><\/p><p>Vyberiete si v roletovom menu psa \u010d.1, dolu v\u00e1m vykresl\u00ed rodokme\u0148 psa a suky, kde \u010dervenou vyzna\u010d\u00ed zhodu v predkoch. <a href=\"https:\/\/slovensky-kopov.sk\/wp-content\/uploads\/2020\/11\/Ziadost-6.png\"><img loading=\"lazy\" decoding=\"async\" class=\"alignnone size-medium wp-image-34283\" src=\"https:\/\/slovensky-kopov.sk\/wp-content\/uploads\/2020\/11\/Ziadost-6-300x145.png\" alt=\"\" width=\"300\" height=\"145\" srcset=\"https:\/\/slovensky-kopov.sk\/wp-content\/uploads\/2020\/11\/Ziadost-6-300x145.png 300w, https:\/\/slovensky-kopov.sk\/wp-content\/uploads\/2020\/11\/Ziadost-6-1024x495.png 1024w, https:\/\/slovensky-kopov.sk\/wp-content\/uploads\/2020\/11\/Ziadost-6-768x371.png 768w, https:\/\/slovensky-kopov.sk\/wp-content\/uploads\/2020\/11\/Ziadost-6-640x309.png 640w, https:\/\/slovensky-kopov.sk\/wp-content\/uploads\/2020\/11\/Ziadost-6.png 1274w\" sizes=\"(max-width: 300px) 100vw, 300px\" \/><\/a><\/p><p><a href=\"https:\/\/slovensky-kopov.sk\/wp-content\/uploads\/2020\/11\/Ziadost-7.png\"><img loading=\"lazy\" decoding=\"async\" class=\"alignnone size-medium wp-image-34282\" src=\"https:\/\/slovensky-kopov.sk\/wp-content\/uploads\/2020\/11\/Ziadost-7-300x145.png\" alt=\"\" width=\"300\" height=\"145\" srcset=\"https:\/\/slovensky-kopov.sk\/wp-content\/uploads\/2020\/11\/Ziadost-7-300x145.png 300w, https:\/\/slovensky-kopov.sk\/wp-content\/uploads\/2020\/11\/Ziadost-7-1024x495.png 1024w, https:\/\/slovensky-kopov.sk\/wp-content\/uploads\/2020\/11\/Ziadost-7-768x371.png 768w, https:\/\/slovensky-kopov.sk\/wp-content\/uploads\/2020\/11\/Ziadost-7-640x309.png 640w, https:\/\/slovensky-kopov.sk\/wp-content\/uploads\/2020\/11\/Ziadost-7.png 1274w\" sizes=\"(max-width: 300px) 100vw, 300px\" \/><\/a><\/p><p>Po v\u00fdbere psa \u010d.1 zajafknete psa \u010d.1. Pri v\u00fdbere psa \u010d.2 a \u010d.3 postupujete obdobne.<\/p><p><a href=\"https:\/\/slovensky-kopov.sk\/wp-content\/uploads\/2020\/11\/Ziadost-8.png\"><img loading=\"lazy\" decoding=\"async\" class=\"alignnone size-medium wp-image-34275\" src=\"https:\/\/slovensky-kopov.sk\/wp-content\/uploads\/2020\/11\/Ziadost-8-300x145.png\" alt=\"\" width=\"300\" height=\"145\" srcset=\"https:\/\/slovensky-kopov.sk\/wp-content\/uploads\/2020\/11\/Ziadost-8-300x145.png 300w, https:\/\/slovensky-kopov.sk\/wp-content\/uploads\/2020\/11\/Ziadost-8-1024x495.png 1024w, https:\/\/slovensky-kopov.sk\/wp-content\/uploads\/2020\/11\/Ziadost-8-768x371.png 768w, https:\/\/slovensky-kopov.sk\/wp-content\/uploads\/2020\/11\/Ziadost-8-640x309.png 640w, https:\/\/slovensky-kopov.sk\/wp-content\/uploads\/2020\/11\/Ziadost-8.png 1274w\" sizes=\"(max-width: 300px) 100vw, 300px\" \/><\/a><\/p><p>Po v\u00fdbere po\u017eadovan\u00fdch psov (sta\u010d\u00ed aj jedn\u00e9ho) kliknete na tla\u010didlo &#8222;Posla\u0165 \u017eiados\u0165&#8220;<\/p><p>N\u00e1sledne bude \u017eiados\u0165 zaslan\u00e1 hlavn\u00e9mu poradcovi chovu a pr\u00edde V\u00e1m informa\u010dn\u00fd mail.<\/p>\t\t\t\t\t\t\t\t<\/div>\n\t\t\t\t<\/div>\n\t\t\t\t\t<\/div>\n\t\t<\/div>\n\t\t\t\t\t<\/div>\n\t\t<\/section>\n\t\t\t\t<\/div>\n\t\t","protected":false},"excerpt":{"rendered":"<p>V\u00e1\u017een\u00ed chovatelia Na vystavenie odpor\u00fa\u010dania na p\u00e1renie ste povinn\u00ed po\u017eiada\u0165 o toto odpor\u00fa\u010danie.Na podanie \u017eiadosti m\u00e1te dve mo\u017enosti:\u00a0 Vyplni\u0165 tla\u010divo &#8222;\u017diados\u0165 o odpor\u00fa\u010danie na p\u00e1renie&#8220; a zasla\u0165 mailom alebo po\u0161tou [&hellip;]<\/p>\n","protected":false},"author":1,"featured_media":0,"parent":32734,"menu_order":0,"comment_status":"closed","ping_status":"closed","template":"","meta":{"ngg_post_thumbnail":0,"ocean_post_layout":"","ocean_both_sidebars_style":"","ocean_both_sidebars_content_width":0,"ocean_both_sidebars_sidebars_width":0,"ocean_sidebar":"0","ocean_second_sidebar":"0","ocean_disable_margins":"enable","ocean_add_body_class":"","ocean_shortcode_before_top_bar":"","ocean_shortcode_after_top_bar":"","ocean_shortcode_before_header":"","ocean_shortcode_after_header":"","ocean_has_shortcode":"","ocean_shortcode_after_title":"","ocean_shortcode_before_footer_widgets":"","ocean_shortcode_after_footer_widgets":"","ocean_shortcode_before_footer_bottom":"","ocean_shortcode_after_footer_bottom":"","ocean_display_top_bar":"default","ocean_display_header":"default","ocean_header_style":"","ocean_center_header_left_menu":"0","ocean_custom_header_template":"0","ocean_custom_logo":0,"ocean_custom_retina_logo":0,"ocean_custom_logo_max_width":0,"ocean_custom_logo_tablet_max_width":0,"ocean_custom_logo_mobile_max_width":0,"ocean_custom_logo_max_height":0,"ocean_custom_logo_tablet_max_height":0,"ocean_custom_logo_mobile_max_height":0,"ocean_header_custom_menu":"0","ocean_menu_typo_font_family":"0","ocean_menu_typo_font_subset":"","ocean_menu_typo_font_size":0,"ocean_menu_typo_font_size_tablet":0,"ocean_menu_typo_font_size_mobile":0,"ocean_menu_typo_font_size_unit":"px","ocean_menu_typo_font_weight":"","ocean_menu_typo_font_weight_tablet":"","ocean_menu_typo_font_weight_mobile":"","ocean_menu_typo_transform":"","ocean_menu_typo_transform_tablet":"","ocean_menu_typo_transform_mobile":"","ocean_menu_typo_line_height":0,"ocean_menu_typo_line_height_tablet":0,"ocean_menu_typo_line_height_mobile":0,"ocean_menu_typo_line_height_unit":"","ocean_menu_typo_spacing":0,"ocean_menu_typo_spacing_tablet":0,"ocean_menu_typo_spacing_mobile":0,"ocean_menu_typo_spacing_unit":"","ocean_menu_link_color":"","ocean_menu_link_color_hover":"","ocean_menu_link_color_active":"","ocean_menu_link_background":"","ocean_menu_link_hover_background":"","ocean_menu_link_active_background":"","ocean_menu_social_links_bg":"","ocean_menu_social_hover_links_bg":"","ocean_menu_social_links_color":"","ocean_menu_social_hover_links_color":"","ocean_disable_title":"default","ocean_disable_heading":"default","ocean_post_title":"","ocean_post_subheading":"","ocean_post_title_style":"","ocean_post_title_background_color":"","ocean_post_title_background":0,"ocean_post_title_bg_image_position":"","ocean_post_title_bg_image_attachment":"","ocean_post_title_bg_image_repeat":"","ocean_post_title_bg_image_size":"","ocean_post_title_height":0,"ocean_post_title_bg_overlay":0.5,"ocean_post_title_bg_overlay_color":"","ocean_disable_breadcrumbs":"default","ocean_breadcrumbs_color":"","ocean_breadcrumbs_separator_color":"","ocean_breadcrumbs_links_color":"","ocean_breadcrumbs_links_hover_color":"","ocean_display_footer_widgets":"default","ocean_display_footer_bottom":"default","ocean_custom_footer_template":"0","footnotes":""},"class_list":["post-34242","page","type-page","status-publish","hentry","entry"],"_links":{"self":[{"href":"https:\/\/slovensky-kopov.sk\/index.php?rest_route=\/wp\/v2\/pages\/34242","targetHints":{"allow":["GET"]}}],"collection":[{"href":"https:\/\/slovensky-kopov.sk\/index.php?rest_route=\/wp\/v2\/pages"}],"about":[{"href":"https:\/\/slovensky-kopov.sk\/index.php?rest_route=\/wp\/v2\/types\/page"}],"author":[{"embeddable":true,"href":"https:\/\/slovensky-kopov.sk\/index.php?rest_route=\/wp\/v2\/users\/1"}],"replies":[{"embeddable":true,"href":"https:\/\/slovensky-kopov.sk\/index.php?rest_route=%2Fwp%2Fv2%2Fcomments&post=34242"}],"version-history":[{"count":37,"href":"https:\/\/slovensky-kopov.sk\/index.php?rest_route=\/wp\/v2\/pages\/34242\/revisions"}],"predecessor-version":[{"id":34304,"href":"https:\/\/slovensky-kopov.sk\/index.php?rest_route=\/wp\/v2\/pages\/34242\/revisions\/34304"}],"up":[{"embeddable":true,"href":"https:\/\/slovensky-kopov.sk\/index.php?rest_route=\/wp\/v2\/pages\/32734"}],"wp:attachment":[{"href":"https:\/\/slovensky-kopov.sk\/index.php?rest_route=%2Fwp%2Fv2%2Fmedia&parent=34242"}],"curies":[{"name":"wp","href":"https:\/\/api.w.org\/{rel}","templated":true}]}}