{"id":34311,"date":"2020-11-23T14:40:41","date_gmt":"2020-11-23T13:40:41","guid":{"rendered":"https:\/\/slovensky-kopov.sk\/?page_id=34311"},"modified":"2020-11-23T14:58:55","modified_gmt":"2020-11-23T13:58:55","slug":"hlasenie-parenia","status":"publish","type":"page","link":"https:\/\/slovensky-kopov.sk\/?page_id=34311","title":{"rendered":"Hl\u00e1senie p\u00e1renia"},"content":{"rendered":"\t\t<div data-elementor-type=\"wp-page\" data-elementor-id=\"34311\" class=\"elementor elementor-34311\">\n\t\t\t\t\t\t<section class=\"elementor-section elementor-top-section elementor-element elementor-element-b997617 elementor-section-boxed elementor-section-height-default elementor-section-height-default\" data-id=\"b997617\" data-element_type=\"section\">\n\t\t\t\t\t\t<div class=\"elementor-container elementor-column-gap-default\">\n\t\t\t\t\t<div class=\"elementor-column elementor-col-100 elementor-top-column elementor-element elementor-element-00e0a7f\" data-id=\"00e0a7f\" data-element_type=\"column\">\n\t\t\t<div class=\"elementor-widget-wrap elementor-element-populated\">\n\t\t\t\t\t\t<div class=\"elementor-element elementor-element-afcb792 elementor-widget elementor-widget-text-editor\" data-id=\"afcb792\" data-element_type=\"widget\" data-widget_type=\"text-editor.default\">\n\t\t\t\t<div class=\"elementor-widget-container\">\n\t\t\t\t\t\t\t\t\t<p>V\u00e1\u017een\u00ed majitelia chovn\u00fdch psov<\/p><p>Po potvrden\u00ed p\u00e1renia v odpor\u00fa\u010dan\u00ed na p\u00e1renie ste povinn\u00ed do 8 dn\u00ed zasla\u0165 toto potvrdenie hlavn\u00e9mu poradcovi chovu. M\u00f4\u017eete vyu\u017ei\u0165 aj hl\u00e1senie elektronicky.<\/p>\t\t\t\t\t\t\t\t<\/div>\n\t\t\t\t<\/div>\n\t\t\t\t\t<\/div>\n\t\t<\/div>\n\t\t\t\t\t<\/div>\n\t\t<\/section>\n\t\t\t\t<section class=\"elementor-section elementor-top-section elementor-element elementor-element-ef296dc elementor-section-boxed elementor-section-height-default elementor-section-height-default\" data-id=\"ef296dc\" data-element_type=\"section\">\n\t\t\t\t\t\t<div class=\"elementor-container elementor-column-gap-default\">\n\t\t\t\t\t<div class=\"elementor-column elementor-col-100 elementor-top-column elementor-element elementor-element-d2eae45\" data-id=\"d2eae45\" data-element_type=\"column\">\n\t\t\t<div class=\"elementor-widget-wrap elementor-element-populated\">\n\t\t\t\t\t\t<div class=\"elementor-element elementor-element-81a4af7 elementor-widget elementor-widget-text-editor\" data-id=\"81a4af7\" data-element_type=\"widget\" data-widget_type=\"text-editor.default\">\n\t\t\t\t<div class=\"elementor-widget-container\">\n\t\t\t\t\t\t\t\t\t<p>Postup hl\u00e1senia p\u00e1renia pomocou webovej str\u00e1nky KCHSK.<\/p><p>Po prihl\u00e1sen\u00ed na webov\u00fa str\u00e1nku KCHSK sa prepnite do klubmanagera. Po prihl\u00e1sen\u00ed V\u00e1s automaticky prepne do administrat\u00edvneho prostredia webu, alebo z hlavnej str\u00e1nky sa prepnete kliknut\u00edm na odkaz &#8222;Klubmanager&#8220;<\/p><p><a href=\"https:\/\/slovensky-kopov.sk\/wp-content\/uploads\/2020\/11\/Ziadost-1.png\"><img decoding=\"async\" src=\"https:\/\/slovensky-kopov.sk\/wp-content\/uploads\/2020\/11\/Ziadost-1-300x145.png\" alt=\"\" width=\"300\" height=\"145\" \/><\/a><\/p><p>V z\u00e1lo\u017eke chovn\u00e9 jedince sa nach\u00e1dzaj\u00fa v\u0161etky chovn\u00e9 jedince. Vyberte si chovn\u00e9ho psa, s ktor\u00fdm prebehlo p\u00e1renie.<\/p><p><a href=\"https:\/\/slovensky-kopov.sk\/wp-content\/uploads\/2020\/11\/Ziadost-1-2.png\"><img decoding=\"async\" class=\"alignnone size-medium wp-image-34315\" src=\"https:\/\/slovensky-kopov.sk\/wp-content\/uploads\/2020\/11\/Ziadost-1-2-300x145.png\" alt=\"\" width=\"300\" height=\"145\" srcset=\"https:\/\/slovensky-kopov.sk\/wp-content\/uploads\/2020\/11\/Ziadost-1-2-300x145.png 300w, https:\/\/slovensky-kopov.sk\/wp-content\/uploads\/2020\/11\/Ziadost-1-2-1024x495.png 1024w, https:\/\/slovensky-kopov.sk\/wp-content\/uploads\/2020\/11\/Ziadost-1-2-768x371.png 768w, https:\/\/slovensky-kopov.sk\/wp-content\/uploads\/2020\/11\/Ziadost-1-2-640x309.png 640w, https:\/\/slovensky-kopov.sk\/wp-content\/uploads\/2020\/11\/Ziadost-1-2.png 1274w\" sizes=\"(max-width: 300px) 100vw, 300px\" \/><\/a><\/p><p>Kliknete na &#8222;P\u00e1renia&#8220;<\/p><p><a href=\"https:\/\/slovensky-kopov.sk\/wp-content\/uploads\/2020\/11\/Ziadost-2-3.png\"><img decoding=\"async\" class=\"alignnone size-medium wp-image-34316\" src=\"https:\/\/slovensky-kopov.sk\/wp-content\/uploads\/2020\/11\/Ziadost-2-3-300x145.png\" alt=\"\" width=\"300\" height=\"145\" srcset=\"https:\/\/slovensky-kopov.sk\/wp-content\/uploads\/2020\/11\/Ziadost-2-3-300x145.png 300w, https:\/\/slovensky-kopov.sk\/wp-content\/uploads\/2020\/11\/Ziadost-2-3-1024x495.png 1024w, https:\/\/slovensky-kopov.sk\/wp-content\/uploads\/2020\/11\/Ziadost-2-3-768x371.png 768w, https:\/\/slovensky-kopov.sk\/wp-content\/uploads\/2020\/11\/Ziadost-2-3-640x309.png 640w, https:\/\/slovensky-kopov.sk\/wp-content\/uploads\/2020\/11\/Ziadost-2-3.png 1274w\" sizes=\"(max-width: 300px) 100vw, 300px\" \/><\/a><\/p><p>Zobraz\u00ed V\u00e1m zoznam p\u00e1ren\u00ed a formul\u00e1r &#8222;Hl\u00e1senie p\u00e1renia&#8220;<\/p><p><a href=\"https:\/\/slovensky-kopov.sk\/wp-content\/uploads\/2020\/11\/Ziadost-3-1.png\"><img loading=\"lazy\" decoding=\"async\" class=\"alignnone size-medium wp-image-34317\" src=\"https:\/\/slovensky-kopov.sk\/wp-content\/uploads\/2020\/11\/Ziadost-3-1-300x145.png\" alt=\"\" width=\"300\" height=\"145\" srcset=\"https:\/\/slovensky-kopov.sk\/wp-content\/uploads\/2020\/11\/Ziadost-3-1-300x145.png 300w, https:\/\/slovensky-kopov.sk\/wp-content\/uploads\/2020\/11\/Ziadost-3-1-1024x495.png 1024w, https:\/\/slovensky-kopov.sk\/wp-content\/uploads\/2020\/11\/Ziadost-3-1-768x371.png 768w, https:\/\/slovensky-kopov.sk\/wp-content\/uploads\/2020\/11\/Ziadost-3-1-640x309.png 640w, https:\/\/slovensky-kopov.sk\/wp-content\/uploads\/2020\/11\/Ziadost-3-1.png 1274w\" sizes=\"(max-width: 300px) 100vw, 300px\" \/><\/a><\/p><p>Vyberiete si v roletovom menu \u010d\u00edslo odpor\u00fa\u010dania na p\u00e1renie, ozna\u010d\u00edte d\u00e1tum p\u00e1renia a kliknete na &#8222;Vlo\u017ei\u0165&#8220;.\u00a0<\/p><p>Hl\u00e1senie p\u00e1renia bude zaslan\u00e9 hlavn\u00e9mu poradcovi chovu a pr\u00edde V\u00e1m informa\u010dn\u00fd mail.<\/p>\t\t\t\t\t\t\t\t<\/div>\n\t\t\t\t<\/div>\n\t\t\t\t\t<\/div>\n\t\t<\/div>\n\t\t\t\t\t<\/div>\n\t\t<\/section>\n\t\t\t\t<\/div>\n\t\t","protected":false},"excerpt":{"rendered":"<p>V\u00e1\u017een\u00ed majitelia chovn\u00fdch psov Po potvrden\u00ed p\u00e1renia v odpor\u00fa\u010dan\u00ed na p\u00e1renie ste povinn\u00ed do 8 dn\u00ed zasla\u0165 toto potvrdenie hlavn\u00e9mu poradcovi chovu. M\u00f4\u017eete vyu\u017ei\u0165 aj hl\u00e1senie elektronicky. Postup hl\u00e1senia p\u00e1renia [&hellip;]<\/p>\n","protected":false},"author":1,"featured_media":0,"parent":32734,"menu_order":0,"comment_status":"closed","ping_status":"closed","template":"","meta":{"ngg_post_thumbnail":0,"ocean_post_layout":"","ocean_both_sidebars_style":"","ocean_both_sidebars_content_width":0,"ocean_both_sidebars_sidebars_width":0,"ocean_sidebar":"0","ocean_second_sidebar":"0","ocean_disable_margins":"enable","ocean_add_body_class":"","ocean_shortcode_before_top_bar":"","ocean_shortcode_after_top_bar":"","ocean_shortcode_before_header":"","ocean_shortcode_after_header":"","ocean_has_shortcode":"","ocean_shortcode_after_title":"","ocean_shortcode_before_footer_widgets":"","ocean_shortcode_after_footer_widgets":"","ocean_shortcode_before_footer_bottom":"","ocean_shortcode_after_footer_bottom":"","ocean_display_top_bar":"default","ocean_display_header":"default","ocean_header_style":"","ocean_center_header_left_menu":"0","ocean_custom_header_template":"0","ocean_custom_logo":0,"ocean_custom_retina_logo":0,"ocean_custom_logo_max_width":0,"ocean_custom_logo_tablet_max_width":0,"ocean_custom_logo_mobile_max_width":0,"ocean_custom_logo_max_height":0,"ocean_custom_logo_tablet_max_height":0,"ocean_custom_logo_mobile_max_height":0,"ocean_header_custom_menu":"0","ocean_menu_typo_font_family":"0","ocean_menu_typo_font_subset":"","ocean_menu_typo_font_size":0,"ocean_menu_typo_font_size_tablet":0,"ocean_menu_typo_font_size_mobile":0,"ocean_menu_typo_font_size_unit":"px","ocean_menu_typo_font_weight":"","ocean_menu_typo_font_weight_tablet":"","ocean_menu_typo_font_weight_mobile":"","ocean_menu_typo_transform":"","ocean_menu_typo_transform_tablet":"","ocean_menu_typo_transform_mobile":"","ocean_menu_typo_line_height":0,"ocean_menu_typo_line_height_tablet":0,"ocean_menu_typo_line_height_mobile":0,"ocean_menu_typo_line_height_unit":"","ocean_menu_typo_spacing":0,"ocean_menu_typo_spacing_tablet":0,"ocean_menu_typo_spacing_mobile":0,"ocean_menu_typo_spacing_unit":"","ocean_menu_link_color":"","ocean_menu_link_color_hover":"","ocean_menu_link_color_active":"","ocean_menu_link_background":"","ocean_menu_link_hover_background":"","ocean_menu_link_active_background":"","ocean_menu_social_links_bg":"","ocean_menu_social_hover_links_bg":"","ocean_menu_social_links_color":"","ocean_menu_social_hover_links_color":"","ocean_disable_title":"default","ocean_disable_heading":"default","ocean_post_title":"","ocean_post_subheading":"","ocean_post_title_style":"","ocean_post_title_background_color":"","ocean_post_title_background":0,"ocean_post_title_bg_image_position":"","ocean_post_title_bg_image_attachment":"","ocean_post_title_bg_image_repeat":"","ocean_post_title_bg_image_size":"","ocean_post_title_height":0,"ocean_post_title_bg_overlay":0.5,"ocean_post_title_bg_overlay_color":"","ocean_disable_breadcrumbs":"default","ocean_breadcrumbs_color":"","ocean_breadcrumbs_separator_color":"","ocean_breadcrumbs_links_color":"","ocean_breadcrumbs_links_hover_color":"","ocean_display_footer_widgets":"default","ocean_display_footer_bottom":"default","ocean_custom_footer_template":"0","footnotes":""},"class_list":["post-34311","page","type-page","status-publish","hentry","entry"],"_links":{"self":[{"href":"https:\/\/slovensky-kopov.sk\/index.php?rest_route=\/wp\/v2\/pages\/34311","targetHints":{"allow":["GET"]}}],"collection":[{"href":"https:\/\/slovensky-kopov.sk\/index.php?rest_route=\/wp\/v2\/pages"}],"about":[{"href":"https:\/\/slovensky-kopov.sk\/index.php?rest_route=\/wp\/v2\/types\/page"}],"author":[{"embeddable":true,"href":"https:\/\/slovensky-kopov.sk\/index.php?rest_route=\/wp\/v2\/users\/1"}],"replies":[{"embeddable":true,"href":"https:\/\/slovensky-kopov.sk\/index.php?rest_route=%2Fwp%2Fv2%2Fcomments&post=34311"}],"version-history":[{"count":7,"href":"https:\/\/slovensky-kopov.sk\/index.php?rest_route=\/wp\/v2\/pages\/34311\/revisions"}],"predecessor-version":[{"id":34323,"href":"https:\/\/slovensky-kopov.sk\/index.php?rest_route=\/wp\/v2\/pages\/34311\/revisions\/34323"}],"up":[{"embeddable":true,"href":"https:\/\/slovensky-kopov.sk\/index.php?rest_route=\/wp\/v2\/pages\/32734"}],"wp:attachment":[{"href":"https:\/\/slovensky-kopov.sk\/index.php?rest_route=%2Fwp%2Fv2%2Fmedia&parent=34311"}],"curies":[{"name":"wp","href":"https:\/\/api.w.org\/{rel}","templated":true}]}}