{"id":41816,"date":"2023-06-30T13:56:45","date_gmt":"2023-06-30T11:56:45","guid":{"rendered":"https:\/\/slovensky-kopov.sk\/?page_id=41816"},"modified":"2024-11-23T00:31:49","modified_gmt":"2024-11-22T23:31:49","slug":"klubove-sampionaty","status":"publish","type":"page","link":"https:\/\/slovensky-kopov.sk\/?page_id=41816","title":{"rendered":"Klubov\u00e9 \u0161ampi\u00f3n\u00e1ty"},"content":{"rendered":"\t\t<div data-elementor-type=\"wp-page\" data-elementor-id=\"41816\" class=\"elementor elementor-41816\">\n\t\t\t\t\t\t<section class=\"elementor-section elementor-top-section elementor-element elementor-element-64647ec elementor-section-boxed elementor-section-height-default elementor-section-height-default\" data-id=\"64647ec\" data-element_type=\"section\">\n\t\t\t\t\t\t<div class=\"elementor-container elementor-column-gap-default\">\n\t\t\t\t\t<div class=\"elementor-column elementor-col-100 elementor-top-column elementor-element elementor-element-020e247\" data-id=\"020e247\" data-element_type=\"column\">\n\t\t\t<div class=\"elementor-widget-wrap elementor-element-populated\">\n\t\t\t\t\t\t<div class=\"elementor-element elementor-element-18aaf4f elementor-widget elementor-widget-text-editor\" data-id=\"18aaf4f\" data-element_type=\"widget\" data-widget_type=\"text-editor.default\">\n\t\t\t\t<div class=\"elementor-widget-container\">\n\t\t\t\t\t\t\t\t\t<p><span style=\"font-size: 18pt;\"><strong>Klubov\u00e9 \u0161ampi\u00f3n\u00e1ty<\/strong><\/span><\/p><p><strong>Poriadok pre ude\u013eovanie Klubov\u00e9ho \u0161ampi\u00f3na kr\u00e1sy \u0161teniat KCHSK, Klubov\u00e9ho \u0161ampi\u00f3na kr\u00e1sy mlad\u00fdch KCHSK, Klubov\u00e9ho \u0161ampi\u00f3na kr\u00e1sy KCHSK, Klubov\u00e9ho \u0161ampi\u00f3na kr\u00e1sy veter\u00e1nov KCHSK, Klubov\u00e9ho \u0161ampi\u00f3na pr\u00e1ce KCHSK\u00a0 a Klubov\u00e9ho \u0161ampi\u00f3na kr\u00e1sy a pr\u00e1ce KCHSK.<\/strong><\/p><p>Klub chovate\u013eov slovensk\u00fdch kopovov (KCHSK) m\u00f4\u017ee jedincovi (psovi\/suke) plemena Slovensk\u00fd kopov s preukazom o p\u00f4vode psa, vydan\u00fdm plemennou knihou uznanou Medzin\u00e1rodnou kynologickou feder\u00e1ciou \u2013 F\u00e9d\u00e9ration Cynologique Internationale (\u201eFCI\u201c) prizna\u0165 titul klubov\u00e9ho \u0161ampi\u00f3na, a to<\/p><ol><li><em>a) v s\u00favislosti s jeho exteri\u00e9rov\u00fdmi kvalitami:<\/em><\/li><\/ol><ul><li style=\"list-style-type: none;\"><ul><li><strong>Klubov\u00fd \u0161ampi\u00f3n kr\u00e1sy \u0161teniat KCHSK<\/strong><\/li><li><strong>Klubov\u00fd \u0161ampi\u00f3n kr\u00e1sy mlad\u00fdch KCHSK<\/strong><\/li><li><strong>Klubov\u00fd \u0161ampi\u00f3n kr\u00e1sy KCHSK<\/strong><\/li><li><strong>Klubov\u00fd \u0161ampi\u00f3n kr\u00e1sy veter\u00e1nov KCHSK<\/strong><\/li><\/ul><\/li><\/ul><ol><li><em>b) v s\u00favislosti s jeho pracovn\u00fdmi kvalitami:<\/em><\/li><\/ol><ul><li style=\"list-style-type: none;\"><ul><li><strong>Klubov\u00fd \u0161ampi\u00f3n pr\u00e1ce KCHSK<\/strong><\/li><\/ul><\/li><\/ul><ol><li><em>c) v s\u00favislosti s jeho exteri\u00e9rov\u00fdmi a pracovn\u00fdmi kvalitami:<\/em><\/li><\/ol><ul><li style=\"list-style-type: none;\"><ul><li><strong>Klubov\u00fd \u0161ampi\u00f3n kr\u00e1sy a\u00a0pr\u00e1ce KCHSK<\/strong><\/li><\/ul><\/li><\/ul><p><span style=\"font-size: 14pt;\"><strong>V\u0160EOBECN\u00c9 PODMIENKY<\/strong><\/span><\/p><ol><li>Jednotliv\u00e9 tituly klubov\u00fdch \u0161ampi\u00f3nov m\u00f4\u017eu by\u0165 priznan\u00e9 ka\u017ed\u00e9mu jedincovi, ktor\u00fd splnil podmienky stanoven\u00e9 KCHSK pre ich ude\u013eovanie.<\/li><li>Majite\u013e\/dr\u017eite\u013e jedinca nemus\u00ed by\u0165 \u010dlenom KCHSK.<\/li><li>Tituly nie s\u00fa ude\u013eovan\u00e9 automaticky, KCHSK konkr\u00e9tny titul prizn\u00e1va len na z\u00e1klade p\u00edsomnej \u017eiadosti majite\u013ea\/dr\u017eite\u013ea jedinca podanej na predp\u00edsanom tla\u010dive (\u017diados\u0165 na priznanie titulu Klubov\u00fd \u0161ampi\u00f3n kr\u00e1sy \u0161teniat, \u017diados\u0165 na priznanie titulu Klubov\u00fd \u0161ampi\u00f3n kr\u00e1sy mlad\u00fdch, Klubov\u00fd \u0161ampi\u00f3n kr\u00e1sy, \u017diados\u0165 na priznanie titulu Klubov\u00fd \u0161ampi\u00f3n kr\u00e1sy veter\u00e1nov, \u017diados\u0165 na priznanie titulu Klubov\u00fd \u0161ampi\u00f3n pr\u00e1ce, \u017diados\u0165 na priznanie titulu Klubov\u00fd \u0161ampi\u00f3n kr\u00e1sy a pr\u00e1ce). Tla\u010div\u00e1 s\u00fa k\u00a0dispoz\u00edcii na webovom s\u00eddle KCHSK \u2013 <a href=\"http:\/\/www.slovensky-kopov.sk\">slovensky-kopov.sk<\/a> odkia\u013e je mo\u017en\u00e9 si ich stiahnu\u0165:<ol><li>vo form\u00e1te pdf, vytla\u010di\u0165, vyplni\u0165 a podp\u00edsa\u0165,<\/li><li>vo worde, priamo vyplni\u0165, vytla\u010di\u0165 a podp\u00edsa\u0165.<\/li><\/ol><\/li><li>Vyplnen\u00fa a podp\u00edsan\u00fa \u017eiados\u0165 na priznanie konkr\u00e9tneho titulu klubov\u00e9ho \u0161ampi\u00f3na spolu s\u00a0kompletnou obojstrannou fotok\u00f3piou preukazu o\u00a0p\u00f4vode a posudkov\u00fdch listov s riadne zazna\u010den\u00fdmi \u010dakate\u013estvami a\u00a0titulmi m\u00f4\u017ee majite\u013e\/dr\u017eite\u013e jedinca zasla\u0165 KCHSK elektronicky na e-mailov\u00fa adresu admin@slovensky-kopov.sk alebo po\u0161tou na adresu (nie doporu\u010dene): MUDr. Christi\u00e1na Mattov\u00e1, Nitrianska ulica 363\/156, 95107 \u010cechynce, tel.: 0908778759.<\/li><li>KCHSK po preveren\u00ed splnenia podmienok (kontrole \u017eiadosti a jej pr\u00edloh), prizn\u00e1 jedincovi titul klubov\u00e9ho \u0161ampi\u00f3na, ktor\u00fd potvrd\u00ed vystaven\u00edm diplomu. Odovzdanie diplomu bude vykonan\u00e9 dodato\u010dne na niektorej akcii KCHSK.<\/li><li>Za priznanie titulu klubov\u00e9ho \u0161ampi\u00f3na a vystavenie diplomu sa plat\u00ed poplatok 10\u20ac pre \u010dlena KCHSK a 15\u20ac pre ne\u010dlena KCHSK. Poplatok za vystavenie Klubov\u00e9ho \u0161ampi\u00f3na je potrebn\u00e9 uhradi\u0165 vopred na \u00fa\u010det KCHSK. Udelenie titulov je spoplat\u0148ovan\u00e9 v zmysle schv\u00e1len\u00fdch poplatkov KCHSK. Do pozn\u00e1mky pros\u00edm uvies\u0165 &#8222;Klubov\u00fd \u0161ampi\u00f3n a meno psa&#8220;.<p><em>Bankov\u00e9 spojenie:\u00a0\u00a0Tatrabanka a.s., Hod\u017eovo n\u00e1m.3, Bratislava<\/em><br \/><em>\u010d\u00edslo \u00fa\u010dtu:\u00a02622724627\/1100<\/em><br \/><em>IBAN:\u00a0SK43 1100 0000 0026 2272 4627<\/em><br \/><em>SWIFT: TATRSKBX<\/em><\/p><\/li><li><p>Tituly Klubov\u00fd \u0161ampi\u00f3n kr\u00e1sy \u0161teniat KCHSK, Klubov\u00fd \u0161ampi\u00f3n kr\u00e1sy mlad\u00fdch KCHSK, Klubov\u00fd \u0161ampi\u00f3n kr\u00e1sy KCHSK a Klubov\u00fd \u0161ampi\u00f3n kr\u00e1sy veter\u00e1nov KCHSK neopr\u00e1v\u0148uj\u00fa zaradenie jedinca do triedy \u0161ampi\u00f3nov na v\u00fdstav\u00e1ch.<\/p><\/li><\/ol><p><strong>\u00a0<\/strong><\/p><ul><li><span style=\"font-size: 14pt;\"><strong>\u00a0<\/strong><strong>PORIADOK PRE UDE\u013dOVANIE TITULU KLUBOV\u00dd \u0160AMPI\u00d3N KR\u00c1SY \u0160TENIAT KCHSK<\/strong><\/span><\/li><\/ul><p>KCHSK m\u00f4\u017ee udeli\u0165 jedincovi (psovi\/suke) plemena slovensk\u00fd kopov titul Klubov\u00fd \u0161ampi\u00f3n kr\u00e1sy \u0161teniat KCHSK:<\/p><ol><li>Ak jedinec z\u00edskal 3x ocenenie ve\u013emi n\u00e1dejn\u00fd 1 (VN1) v triede mlad\u0161ieho dorastu alebo dorastu.<\/li><li>Aspo\u0148 jedno ocenenie VN1 z troch potrebn\u00fdch bolo z\u00edskan\u00e9 na v\u00fdstave organizovanej KCHSK, \u010fal\u0161ie m\u00f4\u017eu by\u0165 z\u00edskan\u00e9 na n\u00e1rodnej v\u00fdstave alebo celo\u0161t\u00e1tnych v\u00fdstav\u00e1ch usporiadan\u00fdch pod z\u00e1\u0161titou Slovenskej kynologickej jednoty (\u201eSKJ\u201c) na Slovensku, alebo na medzin\u00e1rodn\u00fdch v\u00fdstav\u00e1ch pod z\u00e1\u0161titou FCI, konan\u00fdch na Slovensku alebo v zahrani\u010d\u00ed.<\/li><li>Ocenenia VN1 boli udelen\u00e9 minim\u00e1lne dvomi r\u00f4znymi rozhodcami.<\/li><\/ol><p><em><strong><a href=\"https:\/\/slovensky-kopov.sk\/wp-content\/uploads\/2024\/11\/Ziadost-o-KCH-steniat.docx\">\u017diados\u0165 o KCH \u0161teniat-Word<\/a><\/strong><\/em><br \/><strong><em><a href=\"https:\/\/slovensky-kopov.sk\/wp-content\/uploads\/2024\/11\/Ziadost-o-KCH-steniat.pdf\">\u017diados\u0165 o KCH \u0161teniat-PDF<\/a><\/em><br \/><\/strong><\/p><ul><li><span style=\"font-size: 14pt;\"><strong>PORIADOK PRE UDE\u013dOVANIE TITULU KLUBOV\u00dd \u0160AMPI\u00d3N KR\u00c1SY MLAD\u00ddCH KCHSK<\/strong><\/span><\/li><\/ul><p>KCHSK m\u00f4\u017ee udeli\u0165 jedincovi (psovi\/suke) plemena slovensk\u00fd kopov titul Klubov\u00fd \u0161ampi\u00f3n kr\u00e1sy mlad\u00fdch KCHSK:<\/p><ol><li>Ak jedinec z\u00edskal 3x \u010dakate\u013estvo (CCJ, CAJC, Najkraj\u0161\u00ed mlad\u00fd pes\/suka (Jugendbester), at\u010f.) v triede mlad\u00fdch.<\/li><li>Aspo\u0148 jedno \u010dakate\u013estvo z troch potrebn\u00fdch bolo z\u00edskan\u00e9 na v\u00fdstave organizovanej KCHSK, \u010fal\u0161ie m\u00f4\u017eu by\u0165 z\u00edskan\u00e9 na n\u00e1rodnej alebo celo\u0161t\u00e1tnych v\u00fdstav\u00e1ch usporiadan\u00fdch pod z\u00e1\u0161titou SKJ na Slovensku, alebo na medzin\u00e1rodn\u00fdch v\u00fdstav\u00e1ch pod z\u00e1\u0161titou FCI, konan\u00fdch na Slovensku alebo v zahrani\u010d\u00ed.<\/li><li>\u010cakate\u013estv\u00e1 CCJ (resp. CAJC, Najkraj\u0161\u00ed mlad\u00fd pes\/suka (Jugendbester), at\u010f.) boli udelen\u00e9 minim\u00e1lne dvomi r\u00f4znymi rozhodcami.<\/li><\/ol><ul><li style=\"list-style-type: none;\"><ul><li><strong>Podmienky pre ude\u013eovanie \u010dakate\u013estva na Klubov\u00e9ho \u0161ampi\u00f3na kr\u00e1sy mlad\u00fdch \u2013 CCJ (Certificate <\/strong><strong>Club Junior):<\/strong><ul><li>CCJ sa ude\u013euje psom a suk\u00e1m osobitne v triede mlad\u00fdch na klubovej alebo \u0161peci\u00e1lnej v\u00fdstave KCHSK,<\/li><li>CCJ sa m\u00f4\u017ee udeli\u0165 psovi a suke s ocenen\u00edm v\u00fdborn\u00fd 1 (V1),<\/li><li>CCJ nie je n\u00e1rokovate\u013en\u00e9 a ude\u013euje ho na v\u00fdstavu ofici\u00e1lne delegovan\u00fd rozhodca len pri mimoriadnych kvalit\u00e1ch jedinca,<\/li><li>CCJ sa m\u00f4\u017ee udeli\u0165 aj jedincovi, ktor\u00fd u\u017e titul Klubov\u00fd \u0161ampi\u00f3n kr\u00e1sy mlad\u00fdch KCHSK z\u00edskal.<\/li><\/ul><\/li><\/ul><\/li><\/ul><p><em><strong><a href=\"https:\/\/slovensky-kopov.sk\/wp-content\/uploads\/2024\/11\/Ziadost-o-KCH-mladych.docx\">\u017diados\u0165 o KCH mlad\u00fdch-Word<\/a> <\/strong><\/em><br \/><em><strong><a href=\"https:\/\/slovensky-kopov.sk\/wp-content\/uploads\/2024\/11\/Ziadost-o-KCH-mladych.pdf\">\u017diados\u0165 o KCH mlad\u00fdch-PDF<\/a><\/strong><\/em><\/p><ul><li><span style=\"font-size: 14pt;\"><strong>PORIADOK PRE UDE\u013dOVANIE TITULU KLUBOV\u00dd \u0160AMPI\u00d3N KR\u00c1SY KCHSK<\/strong><\/span><\/li><\/ul><p>SKCHJ m\u00f4\u017ee udeli\u0165 jedincovi (psovi\/suke) plemena slovensk\u00fd kopov titul Klubov\u00fd \u0161ampi\u00f3n kr\u00e1sy KCHSK:<\/p><ol><li>Ak jedinec z\u00edskal 3x \u010dakate\u013estvo CC na v\u00fdstav\u00e1ch organizovan\u00fdch KCHSK.<\/li><li>\u010cakate\u013estv\u00e1 CC musia by\u0165 udelen\u00e9 minim\u00e1lne dvomi r\u00f4znymi rozhodcami.<\/li><\/ol><ul><li style=\"list-style-type: none;\"><ul><li><strong>\u00a0<\/strong><strong>Podmienky pre ude\u013eovanie \u010dakate\u013estva na Klubov\u00e9ho \u0161ampi\u00f3na kr\u00e1sy \u2013 CC (Certificate Club):<\/strong><ul><li>CC sa ude\u013euje psom a suk\u00e1m osobitne v triedach strednej, otvorenej, pracovnej a\u00a0\u0161ampi\u00f3nov na klubovej alebo \u0161peci\u00e1lnej v\u00fdstave KCHSK,<\/li><li>CC sa m\u00f4\u017ee udeli\u0165 jedincovi s ocenen\u00edm v\u00fdborn\u00fd 1 (V1),<\/li><li>CC nie je n\u00e1rokovate\u013en\u00e9 a ude\u013euje ho na v\u00fdstavu ofici\u00e1lne delegovan\u00fd rozhodca len pri mimoriadnych kvalit\u00e1ch jedinca,<\/li><li>CC sa m\u00f4\u017ee udeli\u0165 aj jedincovi, ktor\u00fd u\u017e titul Klubov\u00fd \u0161ampi\u00f3n kr\u00e1sy KCHSK z\u00edskal.<\/li><\/ul><\/li><\/ul><\/li><\/ul><p><em><strong><a href=\"https:\/\/slovensky-kopov.sk\/wp-content\/uploads\/2024\/11\/Ziadost-o-KCH-krasy.docx\">\u017diados\u0165 o KCH kr\u00e1sy-Word<\/a><\/strong><\/em><br \/><em><strong><a href=\"https:\/\/slovensky-kopov.sk\/wp-content\/uploads\/2024\/11\/Ziadost-o-KCH-krasy.pdf\">\u017diados\u0165 o KCH kr\u00e1sy-PDF<\/a><\/strong><\/em><\/p><ul><li><span style=\"font-size: 14pt;\"><strong>PORIADOK PRE UDE\u013dOVANIE TITULU KLUBOV\u00dd \u0160AMPI\u00d3N KR\u00c1SY VETER\u00c1NOV KCHSK<\/strong><\/span><\/li><\/ul><p>KCHSK m\u00f4\u017ee udeli\u0165 jedincovi (psovi\/suke) plemena slovensk\u00fd kopov titul Klubov\u00fd \u0161ampi\u00f3n kr\u00e1sy veter\u00e1nov KCHSK:<\/p><ol><li>Ak jedinec z\u00edskal 3x ocenenie v\u00fdborn\u00fd 1 (V1) v triede veter\u00e1nov.<\/li><li>Aspo\u0148 jedno ocenenie V1 z troch potrebn\u00fdch bolo z\u00edskan\u00e9 na v\u00fdstave organizovanej KCHSK, \u010fal\u0161ie m\u00f4\u017eu by\u0165 z\u00edskan\u00e9 na n\u00e1rodnej v\u00fdstave alebo celo\u0161t\u00e1tnych v\u00fdstav\u00e1ch usporiadan\u00fdch pod z\u00e1\u0161titou Slovenskej kynologickej jednoty na Slovensku, alebo na medzin\u00e1rodn\u00fdch v\u00fdstav\u00e1ch pod z\u00e1\u0161titou FCI, konan\u00fdch na Slovensku alebo v zahrani\u010d\u00ed.<\/li><li>Ocenenia V1 boli udelen\u00e9 minim\u00e1lne dvomi r\u00f4znymi rozhodcami.<\/li><\/ol><p><em><strong><a href=\"https:\/\/slovensky-kopov.sk\/wp-content\/uploads\/2024\/11\/Ziadost-o-KCH-veteranov-KCHSK.docx\">\u017diados\u0165 o KCH veter\u00e1nov KCHSK-Word<\/a> <\/strong><\/em><br \/><em><strong><a href=\"https:\/\/slovensky-kopov.sk\/wp-content\/uploads\/2024\/11\/Ziadost-o-KCH-veteranov-KCHSK.pdf\">\u017diados\u0165 o KCH veter\u00e1nov KCHSK-PDF<\/a><\/strong><\/em><\/p><ul><li><span style=\"font-size: 14pt;\"><strong>PORIADOK PRE UDE\u013dOVANIE TITULU KLUBOV\u00dd \u0160AMPI\u00d3N PR\u00c1CE KCHSK<\/strong><\/span><\/li><\/ul><p>KCHSK m\u00f4\u017ee udeli\u0165 jedincovi (psovi\/suke) plemena slovensk\u00fd kopov titul Klubov\u00fd \u0161ampi\u00f3n pr\u00e1ce KCHSK:<\/p><ol><li>Ak jedinec z\u00edskal 3x CCT na klubov\u00fdch, celo\u0161t\u00e1tnych alebo medzin\u00e1rodn\u00fdch sk\u00fa\u0161kach organizovan\u00fdch KCHSK. Podmienkou udelenia titulu je absolvovanie KSD v I. cene.<\/li><li>CCT boli udelen\u00e9 minim\u00e1lne dvomi r\u00f4znymi rozhodcami.<\/li><\/ol><ul><li style=\"list-style-type: none;\"><ul><li><strong>\u00a0<\/strong><strong>Podmienky pre ude\u013eovanie \u010dakate\u013estva na Klubov\u00e9ho \u0161ampi\u00f3na pr\u00e1ce \u2013 CCT:<\/strong><ul><li>CCT sa ude\u013euje jedincom, ktor\u00ed sa stali v\u00ed\u0165azmi klubov\u00fdch, celo\u0161t\u00e1tnych alebo medzin\u00e1rodn\u00fdch sk\u00fa\u0161ok organizovan\u00fdch KCHSK,<\/li><li>CCT sa m\u00f4\u017ee udeli\u0165 len v\u00ed\u0165azovi sk\u00fa\u0161ky, ktor\u00fa absolvoval v I. cene,<\/li><li>CCT nie je n\u00e1rokovate\u013en\u00e9 a ude\u013euje ho na sk\u00fa\u0161ky ofici\u00e1lne delegovan\u00fd rozhodca len pri mimoriadnych pracovn\u00fdch kvalit\u00e1ch jedinca,<\/li><li>CCT sa m\u00f4\u017ee udeli\u0165 aj jedincovi, ktor\u00fd u\u017e titul Klubov\u00fd \u0161ampi\u00f3n pr\u00e1ce KCHSK z\u00edskal.<\/li><\/ul><\/li><\/ul><\/li><\/ul><p><em><strong><a href=\"https:\/\/slovensky-kopov.sk\/wp-content\/uploads\/2024\/11\/Ziadost-o-KCH-prace.docx\">\u017diados\u0165 o KCH pr\u00e1ce-Word<\/a> <\/strong><\/em><br \/><em><strong><a href=\"https:\/\/slovensky-kopov.sk\/wp-content\/uploads\/2024\/11\/Ziadost-o-KCH-prace.pdf\">\u017diados\u0165 o KCH pr\u00e1ce-PDF<\/a><\/strong><\/em><\/p><ul><li><span style=\"font-size: 14pt;\"><strong>\u00a0<\/strong><strong>PORIADOK PRE UDE\u013dOVANIE TITULU KLUBOV\u00dd \u0160AMPI\u00d3N KR\u00c1SY A PR\u00c1CE KCHSK<\/strong><\/span><\/li><\/ul><p>KCHSK m\u00f4\u017ee udeli\u0165 jedincovi (psovi\/suke) plemena slovensk\u00fd kopov titul Klubov\u00fd \u0161ampi\u00f3n kr\u00e1sy a pr\u00e1ce KCHSK:<\/p><ol><li>Ak jedinec z\u00edskal titul Klubov\u00fd \u0161ampi\u00f3n kr\u00e1sy.<\/li><li>Ak jedinec z\u00edskal titul Klubov\u00fd \u0161ampi\u00f3n pr\u00e1ce.<\/li><\/ol><p><em><strong><a href=\"https:\/\/slovensky-kopov.sk\/wp-content\/uploads\/2024\/11\/Ziadost-o-KCH-krasy-a-prace.docx\">\u017diados\u0165 o KCH kr\u00e1sy a pr\u00e1ce-Word<\/a> <\/strong><\/em><br \/><em><strong><a href=\"https:\/\/slovensky-kopov.sk\/wp-content\/uploads\/2024\/11\/Ziadost-o-KCH-krasy-a-prace.pdf\">\u017diados\u0165 o KCH kr\u00e1sy a pr\u00e1ce-PDF<\/a><\/strong><\/em><\/p>\t\t\t\t\t\t\t\t<\/div>\n\t\t\t\t<\/div>\n\t\t\t\t\t<\/div>\n\t\t<\/div>\n\t\t\t\t\t<\/div>\n\t\t<\/section>\n\t\t\t\t<\/div>\n\t\t","protected":false},"excerpt":{"rendered":"<p>Klubov\u00e9 \u0161ampi\u00f3n\u00e1ty Poriadok pre ude\u013eovanie Klubov\u00e9ho \u0161ampi\u00f3na kr\u00e1sy \u0161teniat KCHSK, Klubov\u00e9ho \u0161ampi\u00f3na kr\u00e1sy mlad\u00fdch KCHSK, Klubov\u00e9ho \u0161ampi\u00f3na kr\u00e1sy KCHSK, Klubov\u00e9ho \u0161ampi\u00f3na kr\u00e1sy veter\u00e1nov KCHSK, Klubov\u00e9ho \u0161ampi\u00f3na pr\u00e1ce KCHSK\u00a0 a Klubov\u00e9ho [&hellip;]<\/p>\n","protected":false},"author":1,"featured_media":0,"parent":32858,"menu_order":0,"comment_status":"closed","ping_status":"closed","template":"","meta":{"ngg_post_thumbnail":0,"ocean_post_layout":"","ocean_both_sidebars_style":"","ocean_both_sidebars_content_width":0,"ocean_both_sidebars_sidebars_width":0,"ocean_sidebar":"0","ocean_second_sidebar":"0","ocean_disable_margins":"enable","ocean_add_body_class":"","ocean_shortcode_before_top_bar":"","ocean_shortcode_after_top_bar":"","ocean_shortcode_before_header":"","ocean_shortcode_after_header":"","ocean_has_shortcode":"","ocean_shortcode_after_title":"","ocean_shortcode_before_footer_widgets":"","ocean_shortcode_after_footer_widgets":"","ocean_shortcode_before_footer_bottom":"","ocean_shortcode_after_footer_bottom":"","ocean_display_top_bar":"default","ocean_display_header":"default","ocean_header_style":"","ocean_center_header_left_menu":"0","ocean_custom_header_template":"0","ocean_custom_logo":0,"ocean_custom_retina_logo":0,"ocean_custom_logo_max_width":0,"ocean_custom_logo_tablet_max_width":0,"ocean_custom_logo_mobile_max_width":0,"ocean_custom_logo_max_height":0,"ocean_custom_logo_tablet_max_height":0,"ocean_custom_logo_mobile_max_height":0,"ocean_header_custom_menu":"0","ocean_menu_typo_font_family":"0","ocean_menu_typo_font_subset":"","ocean_menu_typo_font_size":0,"ocean_menu_typo_font_size_tablet":0,"ocean_menu_typo_font_size_mobile":0,"ocean_menu_typo_font_size_unit":"px","ocean_menu_typo_font_weight":"","ocean_menu_typo_font_weight_tablet":"","ocean_menu_typo_font_weight_mobile":"","ocean_menu_typo_transform":"","ocean_menu_typo_transform_tablet":"","ocean_menu_typo_transform_mobile":"","ocean_menu_typo_line_height":0,"ocean_menu_typo_line_height_tablet":0,"ocean_menu_typo_line_height_mobile":0,"ocean_menu_typo_line_height_unit":"","ocean_menu_typo_spacing":0,"ocean_menu_typo_spacing_tablet":0,"ocean_menu_typo_spacing_mobile":0,"ocean_menu_typo_spacing_unit":"","ocean_menu_link_color":"","ocean_menu_link_color_hover":"","ocean_menu_link_color_active":"","ocean_menu_link_background":"","ocean_menu_link_hover_background":"","ocean_menu_link_active_background":"","ocean_menu_social_links_bg":"","ocean_menu_social_hover_links_bg":"","ocean_menu_social_links_color":"","ocean_menu_social_hover_links_color":"","ocean_disable_title":"default","ocean_disable_heading":"default","ocean_post_title":"","ocean_post_subheading":"","ocean_post_title_style":"background-image","ocean_post_title_background_color":"","ocean_post_title_background":0,"ocean_post_title_bg_image_position":"center center","ocean_post_title_bg_image_attachment":"","ocean_post_title_bg_image_repeat":"","ocean_post_title_bg_image_size":"","ocean_post_title_height":0,"ocean_post_title_bg_overlay":0.5,"ocean_post_title_bg_overlay_color":"","ocean_disable_breadcrumbs":"default","ocean_breadcrumbs_color":"","ocean_breadcrumbs_separator_color":"","ocean_breadcrumbs_links_color":"","ocean_breadcrumbs_links_hover_color":"","ocean_display_footer_widgets":"default","ocean_display_footer_bottom":"default","ocean_custom_footer_template":"0","footnotes":""},"class_list":["post-41816","page","type-page","status-publish","hentry","entry"],"_links":{"self":[{"href":"https:\/\/slovensky-kopov.sk\/index.php?rest_route=\/wp\/v2\/pages\/41816","targetHints":{"allow":["GET"]}}],"collection":[{"href":"https:\/\/slovensky-kopov.sk\/index.php?rest_route=\/wp\/v2\/pages"}],"about":[{"href":"https:\/\/slovensky-kopov.sk\/index.php?rest_route=\/wp\/v2\/types\/page"}],"author":[{"embeddable":true,"href":"https:\/\/slovensky-kopov.sk\/index.php?rest_route=\/wp\/v2\/users\/1"}],"replies":[{"embeddable":true,"href":"https:\/\/slovensky-kopov.sk\/index.php?rest_route=%2Fwp%2Fv2%2Fcomments&post=41816"}],"version-history":[{"count":34,"href":"https:\/\/slovensky-kopov.sk\/index.php?rest_route=\/wp\/v2\/pages\/41816\/revisions"}],"predecessor-version":[{"id":42892,"href":"https:\/\/slovensky-kopov.sk\/index.php?rest_route=\/wp\/v2\/pages\/41816\/revisions\/42892"}],"up":[{"embeddable":true,"href":"https:\/\/slovensky-kopov.sk\/index.php?rest_route=\/wp\/v2\/pages\/32858"}],"wp:attachment":[{"href":"https:\/\/slovensky-kopov.sk\/index.php?rest_route=%2Fwp%2Fv2%2Fmedia&parent=41816"}],"curies":[{"name":"wp","href":"https:\/\/api.w.org\/{rel}","templated":true}]}}